{"id":1195,"date":"2018-08-10T12:12:47","date_gmt":"2018-08-10T11:12:47","guid":{"rendered":"http:\/\/insersport.ufec.cat\/ainoa\/"},"modified":"2019-05-14T12:10:28","modified_gmt":"2019-05-14T11:10:28","slug":"ainoa","status":"publish","type":"page","link":"https:\/\/ufec.cat\/insersport\/es\/ainoa\/","title":{"rendered":"Ainoa"},"content":{"rendered":"[vc_row type=\u00bbfull_width_content\u00bb full_screen_row_position=\u00bbmiddle\u00bb equal_height=\u00bbyes\u00bb content_placement=\u00bbmiddle\u00bb full_height=\u00bbyes\u00bb columns_placement=\u00bbstretch\u00bb scene_position=\u00bbcenter\u00bb text_color=\u00bbcustom\u00bb custom_text_color=\u00bb#ffffff\u00bb text_align=\u00bbleft\u00bb overlay_strength=\u00bb0.3&#8243;][vc_column column_padding=\u00bbno-extra-padding\u00bb column_padding_position=\u00bball\u00bb background_color_opacity=\u00bb1&#8243; background_hover_color_opacity=\u00bb1&#8243; background_image=\u00bb1193&#8243; column_shadow=\u00bbnone\u00bb width=\u00bb1\/2&#8243; tablet_text_alignment=\u00bbdefault\u00bb phone_text_alignment=\u00bbdefault\u00bb column_border_width=\u00bbnone\u00bb column_border_style=\u00bbsolid\u00bb][\/vc_column][vc_column column_padding=\u00bbpadding-10-percent\u00bb column_padding_position=\u00bball\u00bb background_color=\u00bb#951b81&#8243; background_color_opacity=\u00bb1&#8243; background_hover_color_opacity=\u00bb1&#8243; font_color=\u00bb#ffffff\u00bb column_shadow=\u00bbnone\u00bb width=\u00bb1\/2&#8243; tablet_text_alignment=\u00bbdefault\u00bb phone_text_alignment=\u00bbdefault\u00bb column_border_width=\u00bbnone\u00bb column_border_style=\u00bbsolid\u00bb][vc_custom_heading text=\u00bbAinoa\u00bb font_container=\u00bbtag:h5|text_align:left|color:%23ffffff\u00bb use_theme_fonts=\u00bbyes\u00bb css=\u00bb.vc_custom_1534156012335{margin-bottom: 10px !important;}\u00bb][vc_custom_heading text=\u00bb\u201cMe lo he pasado bien al curso y los profesores me han ayudado mucho\u201d<i>.<\/i>\u00bb font_container=\u00bbtag:h2|font_size:40|text_align:left|color:%23ffffff|line_height:50px\u00bb use_theme_fonts=\u00bbyes\u00bb][vc_column_text css=\u00bb.vc_custom_1533899909593{margin-top: 30px !important;margin-bottom: 30px !important;}\u00bb]\n<h4><span style=\"font-weight: 400;\">Con s\u00f3lo cinco a\u00f1os, Ainoa fue llevada con su hermana a Almer\u00eda a un centro de menores hasta que parte de su familia materna se hizo cargo de las dos. A los 12 a\u00f1os volvi\u00f3 a Catalu\u00f1a, sin la hermana, pero contin\u00faa viviendo tutelada, lejos de su madre, con quien mantiene una relaci\u00f3n dif\u00edcil. Su experiencia vital la ha hecho una chica de car\u00e1cter, y con el tiempo ha ganado en autocontrol.<\/span><\/h4>\n<h4><span style=\"font-weight: 400;\">\u201cAhora eres m\u00e1s consciente de lo que te pasa y te preguntes por qu\u00e9. Cuando eres peque\u00f1a s\u00f3lo piensas en jugar\u201d, recuerda.\u00a0INSERsport\u00a0le ha ayudado a evadirse de sus problemas a la vez que le da una oportunidad laboral. \u201cSalgo y me distraigo. Y no estoy pensando todo el tiempo por qu\u00e9 estoy en un centro\u201d, asegura. Ainoa ha hecho el curso de la Federaci\u00f3n Catalana de Voleibol para poder hacer de \u00e1rbitro. \u201cMe lo he pasado bien al curso y los profesores me han ayudado mucho. Los voluntarios tambi\u00e9n. Gracias a ellos he pensado en la gente que tiene problemas, pero lucha por sus objetivos y sus sue\u00f1os\u201d, explica.<\/span><\/h4>\n<h4><span style=\"font-weight: 400;\">\u201cMe he sentido muy a gusto con las clases, me hab\u00e9is entendido. Los profesores no me han presionado y han ido a mi ritmo. Est\u00e1n por ti para que no te pierdas\u201d, asegura. Despu\u00e9s del curso, quiere seguir estudiando: educaci\u00f3n infantil, integraci\u00f3n social y criminolog\u00eda. De momento, acabar\u00e1 la ESO y compaginar\u00e1 los estudios con el trabajo. Con\u00a0INSERsport\u00a0ahora tiene un acceso m\u00e1s al mercado laboral.<\/span><\/h4>\n<h4><span style=\"font-weight: 400;\">\u201c\u00bfQue qu\u00e9 he aprendido? Que todo esfuerzo tiene su recompensa\u201d, remacha Ainoa.<\/span><\/h4>\n[\/vc_column_text][\/vc_column][\/vc_row]\n","protected":false},"excerpt":{"rendered":"<p>[vc_row type=\u00bbfull_width_content\u00bb full_screen_row_position=\u00bbmiddle\u00bb equal_height=\u00bbyes\u00bb content_placement=\u00bbmiddle\u00bb full_height=\u00bbyes\u00bb columns_placement=\u00bbstretch\u00bb scene_position=\u00bbcenter\u00bb text_color=\u00bbcustom\u00bb custom_text_color=\u00bb#ffffff\u00bb text_align=\u00bbleft\u00bb overlay_strength=\u00bb0.3&#8243;][vc_column column_padding=\u00bbno-extra-padding\u00bb column_padding_position=\u00bball\u00bb background_color_opacity=\u00bb1&#8243; background_hover_color_opacity=\u00bb1&#8243; background_image=\u00bb1193&#8243; column_shadow=\u00bbnone\u00bb width=\u00bb1\/2&#8243; tablet_text_alignment=\u00bbdefault\u00bb phone_text_alignment=\u00bbdefault\u00bb column_border_width=\u00bbnone\u00bb column_border_style=\u00bbsolid\u00bb][\/vc_column][vc_column column_padding=\u00bbpadding-10-percent\u00bb column_padding_position=\u00bball\u00bb background_color=\u00bb#951b81&#8243; background_color_opacity=\u00bb1&#8243; background_hover_color_opacity=\u00bb1&#8243; font_color=\u00bb#ffffff\u00bb column_shadow=\u00bbnone\u00bb&#8230;<\/p>\n","protected":false},"author":1,"featured_media":0,"parent":0,"menu_order":0,"comment_status":"closed","ping_status":"closed","template":"","meta":[],"_links":{"self":[{"href":"https:\/\/ufec.cat\/insersport\/es\/wp-json\/wp\/v2\/pages\/1195"}],"collection":[{"href":"https:\/\/ufec.cat\/insersport\/es\/wp-json\/wp\/v2\/pages"}],"about":[{"href":"https:\/\/ufec.cat\/insersport\/es\/wp-json\/wp\/v2\/types\/page"}],"author":[{"embeddable":true,"href":"https:\/\/ufec.cat\/insersport\/es\/wp-json\/wp\/v2\/users\/1"}],"replies":[{"embeddable":true,"href":"https:\/\/ufec.cat\/insersport\/es\/wp-json\/wp\/v2\/comments?post=1195"}],"version-history":[{"count":6,"href":"https:\/\/ufec.cat\/insersport\/es\/wp-json\/wp\/v2\/pages\/1195\/revisions"}],"predecessor-version":[{"id":1684,"href":"https:\/\/ufec.cat\/insersport\/es\/wp-json\/wp\/v2\/pages\/1195\/revisions\/1684"}],"wp:attachment":[{"href":"https:\/\/ufec.cat\/insersport\/es\/wp-json\/wp\/v2\/media?parent=1195"}],"curies":[{"name":"wp","href":"https:\/\/api.w.org\/{rel}","templated":true}]}}