{"id":1719,"date":"2019-05-15T11:39:05","date_gmt":"2019-05-15T10:39:05","guid":{"rendered":"http:\/\/insersport.ufec.cat\/jose-manuel\/"},"modified":"2019-05-15T11:53:28","modified_gmt":"2019-05-15T10:53:28","slug":"jose-manuel","status":"publish","type":"page","link":"https:\/\/ufec.cat\/insersport\/es\/jose-manuel\/","title":{"rendered":"Jos\u00e9 Manuel"},"content":{"rendered":"[vc_row type=\u00bbfull_width_content\u00bb full_screen_row_position=\u00bbmiddle\u00bb equal_height=\u00bbyes\u00bb content_placement=\u00bbmiddle\u00bb full_height=\u00bbyes\u00bb columns_placement=\u00bbstretch\u00bb bg_color=\u00bb#d0c701&#8243; scene_position=\u00bbcenter\u00bb text_color=\u00bblight\u00bb text_align=\u00bbleft\u00bb overlay_strength=\u00bb0.3&#8243;][vc_column enable_animation=\u00bbtrue\u00bb animation=\u00bbfade-in-from-left\u00bb column_padding=\u00bbno-extra-padding\u00bb column_padding_position=\u00bball\u00bb background_color_opacity=\u00bb1&#8243; background_hover_color_opacity=\u00bb1&#8243; background_image=\u00bb1717&#8243; column_shadow=\u00bbnone\u00bb width=\u00bb1\/2&#8243; tablet_text_alignment=\u00bbdefault\u00bb phone_text_alignment=\u00bbdefault\u00bb column_border_width=\u00bbnone\u00bb column_border_style=\u00bbsolid\u00bb delay=\u00bb300&#8243;][\/vc_column][vc_column column_padding=\u00bbpadding-10-percent\u00bb column_padding_position=\u00bball\u00bb background_color_opacity=\u00bb1&#8243; background_hover_color_opacity=\u00bb1&#8243; column_shadow=\u00bbnone\u00bb width=\u00bb1\/2&#8243; tablet_text_alignment=\u00bbdefault\u00bb phone_text_alignment=\u00bbdefault\u00bb column_border_width=\u00bbnone\u00bb column_border_style=\u00bbsolid\u00bb][vc_row_inner column_margin=\u00bbdefault\u00bb text_align=\u00bbleft\u00bb][vc_column_inner enable_animation=\u00bbtrue\u00bb animation=\u00bbfade-in-from-bottom\u00bb column_padding=\u00bbno-extra-padding\u00bb column_padding_position=\u00bball\u00bb background_color_opacity=\u00bb1&#8243; width=\u00bb1\/1&#8243; column_border_width=\u00bbnone\u00bb column_border_style=\u00bbsolid\u00bb][vc_custom_heading text=\u00bbJos\u00e9 Manuel\u00bb font_container=\u00bbtag:h5|text_align:left|color:%23ffffff\u00bb use_theme_fonts=\u00bbyes\u00bb css=\u00bb.vc_custom_1557916406135{margin-bottom: 10px !important;}\u00bb][\/vc_column_inner][\/vc_row_inner][vc_row_inner column_margin=\u00bbdefault\u00bb text_align=\u00bbleft\u00bb][vc_column_inner enable_animation=\u00bbtrue\u00bb animation=\u00bbfade-in-from-bottom\u00bb column_padding=\u00bbno-extra-padding\u00bb column_padding_position=\u00bball\u00bb background_color_opacity=\u00bb1&#8243; width=\u00bb1\/1&#8243; column_border_width=\u00bbnone\u00bb column_border_style=\u00bbsolid\u00bb delay=\u00bb100&#8243;][vc_custom_heading text=\u00bb\u00abNuestra intenci\u00f3n es brindar a los chicos unas horas de formaci\u00f3n para que est\u00e9n ocupados\u00ab\u00bb font_container=\u00bbtag:h2|font_size:40|text_align:left|line_height:50px\u00bb use_theme_fonts=\u00bbyes\u00bb][\/vc_column_inner][\/vc_row_inner][vc_row_inner column_margin=\u00bbdefault\u00bb text_align=\u00bbleft\u00bb][vc_column_inner enable_animation=\u00bbtrue\u00bb animation=\u00bbfade-in-from-bottom\u00bb column_padding=\u00bbno-extra-padding\u00bb column_padding_position=\u00bball\u00bb background_color_opacity=\u00bb1&#8243; width=\u00bb1\/1&#8243; column_border_width=\u00bbnone\u00bb column_border_style=\u00bbsolid\u00bb delay=\u00bb200&#8243;][vc_column_text css=\u00bb.vc_custom_1557916434809{margin-top: 30px !important;margin-bottom: 30px !important;}\u00bb]Jos\u00e9 Manuel Vieitez es un reglamento ambulante del f\u00fatbol sala que se ha sumado este a\u00f1o al proyecto de INSERsport. Tras impartir formaciones para el Consell Catal\u00e0 de l\u2019Esport e integrar en el mundo del silbato a diversos j\u00f3venes en riesgo de exclusi\u00f3n social del Raval, pas\u00f3 al Comit\u00e9 de \u00c1rbitros de F\u00fatbol Sala del Consell Escolar para, posteriormente, convertirse en presidente de los \u00c1rbitros de la Federaci\u00f3n Catalana de F\u00fatbol de 1992 a 2005.<\/p>\n<p>Ahora, Jos\u00e9 Manuel, toda una eminencia del sector, centra sus esfuerzos en ayudar a los m\u00e1s desfavorecidos a trav\u00e9s del deporte que venera: \u00abla idea es que vayan integr\u00e1ndose; que est\u00e9n ocupados los s\u00e1bados por la tarde ganando un dinero como auxiliares de mesa con el que puedan ayudar en casa \u00ab, afirma.<\/p>\n<p>Por encima del \u00e9xito de las clases, Vieitez destaca el ambiente que se crea: \u00abdebemos tener claro que muchos de los chicos tienen problemas para asimilar aquellas partes m\u00e1s complejas, pero con insistencia lo acaban consiguiendo. Yo me quedo con las ganas, la atenci\u00f3n y la curiosidad que ponen. Son fant\u00e1sticos \u00ab, declara.<br \/>\n[\/vc_column_text][\/vc_column_inner][\/vc_row_inner][\/vc_column][\/vc_row]\n","protected":false},"excerpt":{"rendered":"<p>[vc_row type=\u00bbfull_width_content\u00bb full_screen_row_position=\u00bbmiddle\u00bb equal_height=\u00bbyes\u00bb content_placement=\u00bbmiddle\u00bb full_height=\u00bbyes\u00bb columns_placement=\u00bbstretch\u00bb bg_color=\u00bb#d0c701&#8243; scene_position=\u00bbcenter\u00bb text_color=\u00bblight\u00bb text_align=\u00bbleft\u00bb overlay_strength=\u00bb0.3&#8243;][vc_column enable_animation=\u00bbtrue\u00bb animation=\u00bbfade-in-from-left\u00bb column_padding=\u00bbno-extra-padding\u00bb column_padding_position=\u00bball\u00bb background_color_opacity=\u00bb1&#8243; background_hover_color_opacity=\u00bb1&#8243; background_image=\u00bb1717&#8243; column_shadow=\u00bbnone\u00bb width=\u00bb1\/2&#8243; tablet_text_alignment=\u00bbdefault\u00bb phone_text_alignment=\u00bbdefault\u00bb column_border_width=\u00bbnone\u00bb column_border_style=\u00bbsolid\u00bb delay=\u00bb300&#8243;][\/vc_column][vc_column column_padding=\u00bbpadding-10-percent\u00bb column_padding_position=\u00bball\u00bb background_color_opacity=\u00bb1&#8243; background_hover_color_opacity=\u00bb1&#8243;&#8230;<\/p>\n","protected":false},"author":1,"featured_media":0,"parent":0,"menu_order":0,"comment_status":"closed","ping_status":"closed","template":"","meta":[],"_links":{"self":[{"href":"https:\/\/ufec.cat\/insersport\/es\/wp-json\/wp\/v2\/pages\/1719"}],"collection":[{"href":"https:\/\/ufec.cat\/insersport\/es\/wp-json\/wp\/v2\/pages"}],"about":[{"href":"https:\/\/ufec.cat\/insersport\/es\/wp-json\/wp\/v2\/types\/page"}],"author":[{"embeddable":true,"href":"https:\/\/ufec.cat\/insersport\/es\/wp-json\/wp\/v2\/users\/1"}],"replies":[{"embeddable":true,"href":"https:\/\/ufec.cat\/insersport\/es\/wp-json\/wp\/v2\/comments?post=1719"}],"version-history":[{"count":1,"href":"https:\/\/ufec.cat\/insersport\/es\/wp-json\/wp\/v2\/pages\/1719\/revisions"}],"predecessor-version":[{"id":1724,"href":"https:\/\/ufec.cat\/insersport\/es\/wp-json\/wp\/v2\/pages\/1719\/revisions\/1724"}],"wp:attachment":[{"href":"https:\/\/ufec.cat\/insersport\/es\/wp-json\/wp\/v2\/media?parent=1719"}],"curies":[{"name":"wp","href":"https:\/\/api.w.org\/{rel}","templated":true}]}}