{"id":1778,"date":"2019-05-23T09:29:08","date_gmt":"2019-05-23T08:29:08","guid":{"rendered":"http:\/\/insersport.ufec.cat\/eduardo\/"},"modified":"2019-05-23T09:29:08","modified_gmt":"2019-05-23T08:29:08","slug":"eduardo","status":"publish","type":"page","link":"https:\/\/ufec.cat\/insersport\/es\/eduardo\/","title":{"rendered":"Eduardo"},"content":{"rendered":"[vc_row type=\u00bbfull_width_content\u00bb full_screen_row_position=\u00bbmiddle\u00bb equal_height=\u00bbyes\u00bb content_placement=\u00bbmiddle\u00bb full_height=\u00bbyes\u00bb columns_placement=\u00bbstretch\u00bb bg_color=\u00bb#d0c701&#8243; scene_position=\u00bbcenter\u00bb text_color=\u00bblight\u00bb text_align=\u00bbleft\u00bb overlay_strength=\u00bb0.3&#8243;][vc_column enable_animation=\u00bbtrue\u00bb animation=\u00bbfade-in-from-left\u00bb column_padding=\u00bbno-extra-padding\u00bb column_padding_position=\u00bball\u00bb background_color_opacity=\u00bb1&#8243; background_hover_color_opacity=\u00bb1&#8243; background_image=\u00bb1776&#8243; column_shadow=\u00bbnone\u00bb width=\u00bb1\/2&#8243; tablet_text_alignment=\u00bbdefault\u00bb phone_text_alignment=\u00bbdefault\u00bb column_border_width=\u00bbnone\u00bb column_border_style=\u00bbsolid\u00bb delay=\u00bb300&#8243;][\/vc_column][vc_column column_padding=\u00bbpadding-10-percent\u00bb column_padding_position=\u00bball\u00bb background_color_opacity=\u00bb1&#8243; background_hover_color_opacity=\u00bb1&#8243; column_shadow=\u00bbnone\u00bb width=\u00bb1\/2&#8243; tablet_text_alignment=\u00bbdefault\u00bb phone_text_alignment=\u00bbdefault\u00bb column_border_width=\u00bbnone\u00bb column_border_style=\u00bbsolid\u00bb][vc_row_inner column_margin=\u00bbdefault\u00bb text_align=\u00bbleft\u00bb][vc_column_inner enable_animation=\u00bbtrue\u00bb animation=\u00bbfade-in-from-bottom\u00bb column_padding=\u00bbno-extra-padding\u00bb column_padding_position=\u00bball\u00bb background_color_opacity=\u00bb1&#8243; width=\u00bb1\/1&#8243; column_border_width=\u00bbnone\u00bb column_border_style=\u00bbsolid\u00bb][vc_custom_heading text=\u00bbEduardo\u00bb font_container=\u00bbtag:h5|text_align:left|color:%23ffffff\u00bb use_theme_fonts=\u00bbyes\u00bb css=\u00bb.vc_custom_1558599838358{margin-bottom: 10px !important;}\u00bb][\/vc_column_inner][\/vc_row_inner][vc_row_inner column_margin=\u00bbdefault\u00bb text_align=\u00bbleft\u00bb][vc_column_inner enable_animation=\u00bbtrue\u00bb animation=\u00bbfade-in-from-bottom\u00bb column_padding=\u00bbno-extra-padding\u00bb column_padding_position=\u00bball\u00bb background_color_opacity=\u00bb1&#8243; width=\u00bb1\/1&#8243; column_border_width=\u00bbnone\u00bb column_border_style=\u00bbsolid\u00bb delay=\u00bb100&#8243;][vc_custom_heading text=\u00bb\u201cAdoro la motivaci\u00f3n de estos chicos. Son capaces de acabar por el suelo solo por marcar un gol con la jugada que hemos trazado en el aula\u201d\u00bb font_container=\u00bbtag:h2|font_size:40|text_align:left|line_height:50px\u00bb use_theme_fonts=\u00bbyes\u00bb][\/vc_column_inner][\/vc_row_inner][vc_row_inner column_margin=\u00bbdefault\u00bb text_align=\u00bbleft\u00bb][vc_column_inner enable_animation=\u00bbtrue\u00bb animation=\u00bbfade-in-from-bottom\u00bb column_padding=\u00bbno-extra-padding\u00bb column_padding_position=\u00bball\u00bb background_color_opacity=\u00bb1&#8243; width=\u00bb1\/1&#8243; column_border_width=\u00bbnone\u00bb column_border_style=\u00bbsolid\u00bb delay=\u00bb200&#8243;][vc_column_text css=\u00bb.vc_custom_1558599875661{margin-top: 30px !important;margin-bottom: 30px !important;}\u00bb]Tan solo lleva dos a\u00f1os impartiendo formaciones, siendo este el primero en que lo hace con chicos en riesgo de exclusi\u00f3n social, pero Eduardo ya comienza a percibir la gratitud y reconocimiento que su trabajo despierta. \u201cEl grupo que me ha tocado es fant\u00e1stico. Hasta en las clases te\u00f3ricas, que pueden alargarse hasta tres o cuatro horas, responden con atenci\u00f3n y curiosidad\u201d, explica este formador, rompiendo as\u00ed con cualquier generalizaci\u00f3n estigm\u00e1tica asociada a la concentraci\u00f3n de estos j\u00f3venes.<\/p>\n<p>En este sentido, Eduardo justifica un inter\u00e9s que le parece l\u00f3gico: \u201cen el momento en que escoges una formaci\u00f3n deportiva, las ganas de aprender y la motivaci\u00f3n ya existen\u201d. Su inclinaci\u00f3n por impartir tem\u00e1ticas pr\u00e1cticas que refuercen la implicaci\u00f3n de los miembros del grupo tambi\u00e9n contribuye a ello: \u201cles hablo sobre nuevas tecnolog\u00edas aplicadas al deporte, acciones que deben llevar a cabo los jugadores sobre el campo o de competencias transversales que ayudan a los atletas a crecer como personas\u201d. <\/p>\n<p>Ni tan siquiera algunos casos aislados de ausentismo suponen un problema para la formaci\u00f3n seg\u00fan Eduardo: \u201cSe entienden y respetan porque pueden tener una relaci\u00f3n complicada con sus entornos. Adem\u00e1s, siempre hay una implicaci\u00f3n compensatoria posterior\u201d. <br \/>\n[\/vc_column_text][\/vc_column_inner][\/vc_row_inner][\/vc_column][\/vc_row]\n","protected":false},"excerpt":{"rendered":"<p>[vc_row type=\u00bbfull_width_content\u00bb full_screen_row_position=\u00bbmiddle\u00bb equal_height=\u00bbyes\u00bb content_placement=\u00bbmiddle\u00bb full_height=\u00bbyes\u00bb columns_placement=\u00bbstretch\u00bb bg_color=\u00bb#d0c701&#8243; scene_position=\u00bbcenter\u00bb text_color=\u00bblight\u00bb text_align=\u00bbleft\u00bb overlay_strength=\u00bb0.3&#8243;][vc_column enable_animation=\u00bbtrue\u00bb animation=\u00bbfade-in-from-left\u00bb column_padding=\u00bbno-extra-padding\u00bb column_padding_position=\u00bball\u00bb background_color_opacity=\u00bb1&#8243; background_hover_color_opacity=\u00bb1&#8243; background_image=\u00bb1776&#8243; column_shadow=\u00bbnone\u00bb width=\u00bb1\/2&#8243; tablet_text_alignment=\u00bbdefault\u00bb phone_text_alignment=\u00bbdefault\u00bb column_border_width=\u00bbnone\u00bb column_border_style=\u00bbsolid\u00bb delay=\u00bb300&#8243;][\/vc_column][vc_column column_padding=\u00bbpadding-10-percent\u00bb column_padding_position=\u00bball\u00bb background_color_opacity=\u00bb1&#8243; background_hover_color_opacity=\u00bb1&#8243;&#8230;<\/p>\n","protected":false},"author":1,"featured_media":0,"parent":0,"menu_order":0,"comment_status":"closed","ping_status":"closed","template":"","meta":[],"_links":{"self":[{"href":"https:\/\/ufec.cat\/insersport\/es\/wp-json\/wp\/v2\/pages\/1778"}],"collection":[{"href":"https:\/\/ufec.cat\/insersport\/es\/wp-json\/wp\/v2\/pages"}],"about":[{"href":"https:\/\/ufec.cat\/insersport\/es\/wp-json\/wp\/v2\/types\/page"}],"author":[{"embeddable":true,"href":"https:\/\/ufec.cat\/insersport\/es\/wp-json\/wp\/v2\/users\/1"}],"replies":[{"embeddable":true,"href":"https:\/\/ufec.cat\/insersport\/es\/wp-json\/wp\/v2\/comments?post=1778"}],"version-history":[{"count":0,"href":"https:\/\/ufec.cat\/insersport\/es\/wp-json\/wp\/v2\/pages\/1778\/revisions"}],"wp:attachment":[{"href":"https:\/\/ufec.cat\/insersport\/es\/wp-json\/wp\/v2\/media?parent=1778"}],"curies":[{"name":"wp","href":"https:\/\/api.w.org\/{rel}","templated":true}]}}