{"id":396,"date":"2017-07-11T10:49:11","date_gmt":"2017-07-11T09:49:11","guid":{"rendered":"http:\/\/insersport.ufec.cat\/home\/"},"modified":"2021-10-04T13:19:21","modified_gmt":"2021-10-04T12:19:21","slug":"home","status":"publish","type":"page","link":"https:\/\/ufec.cat\/insersport\/es\/","title":{"rendered":"Home"},"content":{"rendered":"[vc_row type=\u00bbfull_width_background\u00bb full_screen_row_position=\u00bbmiddle\u00bb scene_position=\u00bbcenter\u00bb text_color=\u00bbdark\u00bb text_align=\u00bbleft\u00bb overlay_strength=\u00bb0.3&#8243;][vc_column column_padding=\u00bbno-extra-padding\u00bb column_padding_position=\u00bball\u00bb background_color_opacity=\u00bb1&#8243; background_hover_color_opacity=\u00bb1&#8243; column_shadow=\u00bbnone\u00bb width=\u00bb1\/1&#8243; tablet_text_alignment=\u00bbdefault\u00bb phone_text_alignment=\u00bbdefault\u00bb column_border_width=\u00bbnone\u00bb column_border_style=\u00bbsolid\u00bb]<div style=\"height: 628px\"  data-transition=\"slide\" data-overall_style=\"classic\" data-flexible-height=\"\" data-animate-in-effect=\"none\" data-fullscreen=\"false\" data-button-sizing=\"regular\" data-button-styling=\"btn_with_count\" data-autorotate=\"6000\" data-parallax=\"false\" data-full-width=\"true\" class=\"nectar-slider-wrap \" id=\"ns-id-69dcb7712b8da\">\r\n\t\t\t<div style=\"height: 628px\" class=\"swiper-container\"  data-tho=\"auto\" data-tco=\"auto\" data-pho=\"auto\" data-pco=\"auto\" data-loop=\"true\" data-height=\"628\" data-min-height=\"\" data-arrows=\"false\" data-bullets=\"false\" data-bullet_style=\"see_through\" data-desktop-swipe=\"false\" data-settings=\"\">\r\n\t\t\t\t    <div class=\"swiper-wrapper\"><div class=\"swiper-slide\" data-bg-alignment=\"center\" data-color-scheme=\"light\" data-x-pos=\"centered\" data-y-pos=\"middle\"> \r\n\t\t\t\t\t\t\t\t<div class=\"image-bg\" style=\"background-image: url(https:\/\/ufec.cat\/insersport\/wp-content\/uploads\/2019\/02\/MG_4371.jpg);\"> &nbsp; <\/div><div class=\"container\">\r\n\t\t\t\t\t\t\t\t\t<div class=\"content\"><h2>Da futuro a j\u00f3venes en riesgo de exclusi\u00f3n social<\/h2><p  ><span>INSERsport trabaja en la formaci\u00f3n e inserci\u00f3n laboral de j\u00f3venes de colectivos vulnerables a trav\u00e9s del deporte.<\/span><\/p><div class=\"buttons\"><div class=\"button solid_color\">\r\n\t\t\t\t\t\t\t\t\t\t\t\t \t\t <a class=\"primary-color\" href=\"https:\/\/ufec.cat\/insersport\/es\/programa\/\">Conoce el programa<\/a>\r\n\t\t\t\t\t\t\t\t\t\t\t\t \t <\/div><div class=\"button solid_color\">\r\n\t\t\t\t\t\t\t\t\t\t\t\t \t\t <a class=\"primary-color\" href=\"http:\/\/fundacioufec.cat\/es\/project\/insersport-oportunidad-de-futuro\/\">Da un futuro<\/a>\r\n\t\t\t\t\t\t\t\t\t\t\t\t \t <\/div><\/div><\/div>\r\n\t\t\t\t\t\t\t\t<\/div><!--\/container--><div class=\"video-texture active_texture\"> <span class=\"ie-fix\"><\/span> <\/div><\/div><!--\/swiper-slide--><\/div><div class=\"nectar-slider-loading \"> <span class=\"loading-icon none\">   <\/span> <\/div> <\/div> \r\n\t\t\t\t\r\n\t\t\t<\/div>[\/vc_column][\/vc_row][vc_row type=\u00bbfull_width_background\u00bb full_screen_row_position=\u00bbmiddle\u00bb scene_position=\u00bbcenter\u00bb text_color=\u00bbdark\u00bb text_align=\u00bbleft\u00bb top_padding=\u00bb8%\u00bb bottom_padding=\u00bb8%\u00bb overlay_strength=\u00bb1&#8243;][vc_column column_padding=\u00bbno-extra-padding\u00bb column_padding_position=\u00bball\u00bb background_color_opacity=\u00bb1&#8243; background_hover_color_opacity=\u00bb1&#8243; column_shadow=\u00bbnone\u00bb width=\u00bb1\/1&#8243; tablet_text_alignment=\u00bbdefault\u00bb phone_text_alignment=\u00bbdefault\u00bb column_border_width=\u00bbnone\u00bb column_border_style=\u00bbsolid\u00bb][vc_row_inner column_margin=\u00bbdefault\u00bb text_align=\u00bbleft\u00bb][vc_column_inner column_padding=\u00bbno-extra-padding\u00bb column_padding_position=\u00bball\u00bb background_color_opacity=\u00bb1&#8243; width=\u00bb1\/1&#8243; column_border_width=\u00bbnone\u00bb column_border_style=\u00bbsolid\u00bb][split_line_heading]\n<h2>El \u00c1rea de Acci\u00f3n Social<\/h2>\n<h2>de la Uni\u00f3 de Federacions Esportives de Catalunya<\/h2>\n<h2>lleva a cabo el programa INSERsport<\/h2>\n[\/split_line_heading][\/vc_column_inner][\/vc_row_inner][vc_row_inner column_margin=\u00bbdefault\u00bb text_align=\u00bbleft\u00bb][vc_column_inner enable_animation=\u00bbtrue\u00bb animation=\u00bbfade-in-from-bottom\u00bb column_padding=\u00bbpadding-3-percent\u00bb column_padding_position=\u00bbtop-bottom\u00bb background_color_opacity=\u00bb1&#8243; width=\u00bb1\/2&#8243; column_border_width=\u00bbnone\u00bb column_border_style=\u00bbsolid\u00bb][vc_column_text css=\u00bb.vc_custom_1633349684582{padding-right: 10% !important;}\u00bb]<span style=\"font-weight: 400;\">Este programa incide sobre la formaci\u00f3n deportiva, la inserci\u00f3n laboral, la paridad y los h\u00e1bitos saludables de j\u00f3venes con riesgo de exclusi\u00f3n social. J\u00f3venes de colectivos vulnerables aprenden un deporte, adquieren h\u00e1bitos saludables, obtienen un certificado federativo que los permite trabajar de monitores\/as y \u00e1rbitros\/as y son contratados\/as para un primer trabajo relacionado con lo que han estudiado.<\/span>[\/vc_column_text][\/vc_column_inner][vc_column_inner enable_animation=\u00bbtrue\u00bb animation=\u00bbfade-in-from-bottom\u00bb column_padding=\u00bbpadding-3-percent\u00bb column_padding_position=\u00bbtop-bottom\u00bb background_color_opacity=\u00bb1&#8243; width=\u00bb1\/2&#8243; column_border_width=\u00bbnone\u00bb column_border_style=\u00bbsolid\u00bb delay=\u00bb100&#8243;][vc_column_text css=\u00bb.vc_custom_1633349705205{padding-right: 10% !important;}\u00bb]Con este programa incentivamos que este primer trabajo sea un puente con otros trabajos y, sobre todo, con la ampliaci\u00f3n de los estudios.<\/p>\n<p>Desde 2017, se han realizado 5 ediciones donde las Federaciones Deportivas forman parte del proyecto junto con entidades del Tercer Sector con las cuales la UFEC ha creado sinergias. Tenemos diferentes deportes en que los y las j\u00f3venes pueden escoger y formarse como monitores y monitoras deportivos\/as o \u00e1rbitro\/as.[\/vc_column_text][\/vc_column_inner][\/vc_row_inner][nectar_btn size=\u00bbsmall\u00bb open_new_tab=\u00bbtrue\u00bb button_style=\u00bbsee-through-2&#8243; color_override=\u00bb#951b81&#8243; hover_color_override=\u00bb#951b81&#8243; hover_text_color_override=\u00bb#ffffff\u00bb icon_family=\u00bbnone\u00bb url=\u00bbhttps:\/\/ufec.cat\/insersport\/es\/historias\/\u00bb text=\u00bbConoce el caso de los protagonistas\u00bb][\/vc_column][\/vc_row][vc_row type=\u00bbfull_width_background\u00bb full_screen_row_position=\u00bbmiddle\u00bb bg_image=\u00bb1672&#8243; bg_position=\u00bbcenter top\u00bb bg_repeat=\u00bbno-repeat\u00bb parallax_bg=\u00bbtrue\u00bb parallax_bg_speed=\u00bbfast\u00bb bg_color=\u00bb#333333&#8243; scene_position=\u00bbcenter\u00bb text_color=\u00bblight\u00bb text_align=\u00bbleft\u00bb top_padding=\u00bb5%\u00bb bottom_padding=\u00bb5%\u00bb enable_gradient=\u00bbtrue\u00bb color_overlay=\u00bb#0a0a0a\u00bb color_overlay_2=\u00bbrgba(10,10,10,0.01)\u00bb gradient_direction=\u00bbleft_to_right\u00bb overlay_strength=\u00bb0.8&#8243;][vc_column column_padding=\u00bbno-extra-padding\u00bb column_padding_position=\u00bball\u00bb background_color_opacity=\u00bb1&#8243; background_hover_color_opacity=\u00bb1&#8243; column_shadow=\u00bbnone\u00bb width=\u00bb1\/2&#8243; tablet_text_alignment=\u00bbdefault\u00bb phone_text_alignment=\u00bbdefault\u00bb column_border_width=\u00bbnone\u00bb column_border_style=\u00bbsolid\u00bb][nectar_animated_title heading_tag=\u00bbh5&#8243; style=\u00bbcolor-strip-reveal\u00bb color=\u00bbExtra-Color-1&#8243; text=\u00bbFutbol sala\u00bb][split_line_heading]\n<h2>Samuel<\/h2>\n<p>&nbsp;<\/p>\n<h3>16 a\u00f1os, Espa\u00f1a, Edici\u00f3n 2019<\/h3>\n[\/split_line_heading][vc_row_inner column_margin=\u00bbdefault\u00bb text_align=\u00bbleft\u00bb][vc_column_inner enable_animation=\u00bbtrue\u00bb animation=\u00bbfade-in-from-bottom\u00bb column_padding=\u00bbno-extra-padding\u00bb column_padding_position=\u00bball\u00bb background_color_opacity=\u00bb1&#8243; width=\u00bb1\/1&#8243; column_border_width=\u00bbnone\u00bb column_border_style=\u00bbsolid\u00bb delay=\u00bb300&#8243;][vc_custom_heading text=\u00bb<i>\u00abNo puedo cambiar mi pasado. Trato de labrarme un buen futuro y conseguir un trabajo digno\u00ab<\/i>\u00bb font_container=\u00bbtag:h5|font_size:20|text_align:left|color:rgba(255%2C255%2C255%2C0.7)|line_height:36px\u00bb google_fonts=\u00bbfont_family:Roboto%3A100%2C100italic%2C300%2C300italic%2Cregular%2Citalic%2C500%2C500italic%2C700%2C700italic%2C900%2C900italic|font_style:400%20regular%3A400%3Anormal\u00bb][\/vc_column_inner][\/vc_row_inner][nectar_cta heading_tag=\u00bbh5&#8243; text_color=\u00bb#ffffff\u00bb link_type=\u00bbnew_tab\u00bb alignment=\u00bbleft\u00bb link_text=\u00bbConoce su historia\u00bb url=\u00bbhttps:\/\/ufec.cat\/insersport\/es\/samuel\/\u00bb][\/vc_column][vc_column column_padding=\u00bbno-extra-padding\u00bb column_padding_position=\u00bball\u00bb background_color_opacity=\u00bb1&#8243; background_hover_color_opacity=\u00bb1&#8243; column_shadow=\u00bbnone\u00bb width=\u00bb1\/2&#8243; tablet_text_alignment=\u00bbdefault\u00bb phone_text_alignment=\u00bbdefault\u00bb column_border_width=\u00bbnone\u00bb column_border_style=\u00bbsolid\u00bb][\/vc_column][\/vc_row][vc_row type=\u00bbfull_width_background\u00bb full_screen_row_position=\u00bbmiddle\u00bb bg_color=\u00bb#ccc60a\u00bb scene_position=\u00bbcenter\u00bb text_color=\u00bblight\u00bb text_align=\u00bbleft\u00bb top_padding=\u00bb2%\u00bb bottom_padding=\u00bb2%\u00bb overlay_strength=\u00bb0.3&#8243;][vc_column centered_text=\u00bbtrue\u00bb column_padding=\u00bbno-extra-padding\u00bb column_padding_position=\u00bball\u00bb background_color_opacity=\u00bb1&#8243; background_hover_color_opacity=\u00bb1&#8243; column_shadow=\u00bbnone\u00bb width=\u00bb1\/1&#8243; tablet_text_alignment=\u00bbdefault\u00bb phone_text_alignment=\u00bbdefault\u00bb column_border_width=\u00bbnone\u00bb column_border_style=\u00bbsolid\u00bb][testimonial_slider style=\u00bbdefault\u00bb star_rating_color=\u00bbaccent-color\u00bb disable_height_animation=\u00bbtrue\u00bb][testimonial star_rating=\u00bbnone\u00bb title=\u00bbTestimonial\u00bb id=\u00bb1633349712376-6&#8243; name=\u00bbSamuel\u00bb quote=\u00bb<em>\u00abEl deporte me ha ayudado mucho, no s\u00f3lo f\u00edsicamente sino tambi\u00e9n en el terreno psicol\u00f3gico\u201d.<\/em>\u00bb tab_id=\u00bb1633349712377-6&#8243;] Click the edit button to add your testimonial. [\/testimonial][\/testimonial_slider][\/vc_column][\/vc_row][vc_row type=\u00bbfull_width_background\u00bb full_screen_row_position=\u00bbmiddle\u00bb bg_image=\u00bb1230&#8243; bg_position=\u00bbcenter top\u00bb bg_repeat=\u00bbno-repeat\u00bb parallax_bg=\u00bbtrue\u00bb parallax_bg_speed=\u00bbfast\u00bb bg_color=\u00bb#333333&#8243; scene_position=\u00bbcenter\u00bb text_color=\u00bblight\u00bb text_align=\u00bbleft\u00bb top_padding=\u00bb5%\u00bb bottom_padding=\u00bb5%\u00bb enable_gradient=\u00bbtrue\u00bb color_overlay=\u00bbrgba(10,10,10,0.01)\u00bb color_overlay_2=\u00bb#0a0a0a\u00bb gradient_direction=\u00bbleft_to_right\u00bb overlay_strength=\u00bb0.8&#8243;][vc_column column_padding=\u00bbno-extra-padding\u00bb column_padding_position=\u00bball\u00bb background_color_opacity=\u00bb1&#8243; background_hover_color_opacity=\u00bb1&#8243; column_shadow=\u00bbnone\u00bb width=\u00bb7\/12&#8243; tablet_text_alignment=\u00bbdefault\u00bb phone_text_alignment=\u00bbdefault\u00bb column_border_width=\u00bbnone\u00bb column_border_style=\u00bbsolid\u00bb][\/vc_column][vc_column column_padding=\u00bbno-extra-padding\u00bb column_padding_position=\u00bball\u00bb background_color_opacity=\u00bb1&#8243; background_hover_color_opacity=\u00bb1&#8243; column_shadow=\u00bbnone\u00bb width=\u00bb5\/12&#8243; tablet_text_alignment=\u00bbdefault\u00bb phone_text_alignment=\u00bbdefault\u00bb column_border_width=\u00bbnone\u00bb column_border_style=\u00bbsolid\u00bb][nectar_animated_title heading_tag=\u00bbh5&#8243; style=\u00bbcolor-strip-reveal\u00bb color=\u00bbExtra-Color-2&#8243; text=\u00bbFutbol sala\u00bb][split_line_heading]\n<h2>Richard<\/h2>\n<p>&nbsp;<\/p>\n<h3>19 a\u00f1os, C\u00e1diz, Edici\u00f3n 2018<\/h3>\n[\/split_line_heading][vc_row_inner column_margin=\u00bbdefault\u00bb text_align=\u00bbleft\u00bb][vc_column_inner enable_animation=\u00bbtrue\u00bb animation=\u00bbfade-in-from-bottom\u00bb column_padding=\u00bbno-extra-padding\u00bb column_padding_position=\u00bball\u00bb background_color_opacity=\u00bb1&#8243; width=\u00bb1\/1&#8243; column_border_width=\u00bbnone\u00bb column_border_style=\u00bbsolid\u00bb delay=\u00bb300&#8243;][vc_custom_heading text=\u00bb<em>\u201cINSERsport te da oportunidades. Por primera vez podr\u00e9 ganar algo trabajando\u201d.<\/em>\u00bb font_container=\u00bbtag:h5|font_size:20|text_align:left|color:rgba(255%2C255%2C255%2C0.7)|line_height:36px\u00bb google_fonts=\u00bbfont_family:Roboto%3A100%2C100italic%2C300%2C300italic%2Cregular%2Citalic%2C500%2C500italic%2C700%2C700italic%2C900%2C900italic|font_style:400%20regular%3A400%3Anormal\u00bb][\/vc_column_inner][\/vc_row_inner][nectar_cta heading_tag=\u00bbh5&#8243; text_color=\u00bb#ffffff\u00bb link_type=\u00bbnew_tab\u00bb alignment=\u00bbleft\u00bb link_text=\u00bbConoce su historia\u00bb url=\u00bbhttps:\/\/ufec.cat\/insersport\/es\/richard\/\u00bb][\/vc_column][\/vc_row][vc_row type=\u00bbfull_width_background\u00bb full_screen_row_position=\u00bbmiddle\u00bb bg_color=\u00bb#00a19a\u00bb scene_position=\u00bbcenter\u00bb text_color=\u00bblight\u00bb text_align=\u00bbleft\u00bb top_padding=\u00bb2%\u00bb bottom_padding=\u00bb2%\u00bb overlay_strength=\u00bb0.3&#8243;][vc_column centered_text=\u00bbtrue\u00bb column_padding=\u00bbno-extra-padding\u00bb column_padding_position=\u00bball\u00bb background_color_opacity=\u00bb1&#8243; background_hover_color_opacity=\u00bb1&#8243; column_shadow=\u00bbnone\u00bb width=\u00bb1\/1&#8243; tablet_text_alignment=\u00bbdefault\u00bb phone_text_alignment=\u00bbdefault\u00bb column_border_width=\u00bbnone\u00bb column_border_style=\u00bbsolid\u00bb][testimonial_slider style=\u00bbdefault\u00bb star_rating_color=\u00bbaccent-color\u00bb disable_height_animation=\u00bbtrue\u00bb][testimonial star_rating=\u00bbnone\u00bb title=\u00bbTestimonial\u00bb id=\u00bb1633349712601-8&#8243; quote=\u00bb<em>\u00abEstoy muy contento. Gracias ha INSERsport he conseguido la certificaci\u00f3n de \u00e1rbitro de f\u00fatbol sala de la Federaci\u00f3 Catalana de Futbol Sala y a partir de ahora podr\u00e9 ganar alg\u00fan dinero haciendo una cosa que me gusta\u00ab.<\/em>\u00bb tab_id=\u00bb1633349712602-1&#8243; name=\u00bbRichard\u00bb] Click the edit button to add your testimonial. [\/testimonial][\/testimonial_slider][\/vc_column][\/vc_row][vc_row type=\u00bbfull_width_background\u00bb full_screen_row_position=\u00bbmiddle\u00bb bg_image=\u00bb67&#8243; bg_position=\u00bbcenter top\u00bb bg_repeat=\u00bbno-repeat\u00bb parallax_bg=\u00bbtrue\u00bb parallax_bg_speed=\u00bbfast\u00bb bg_color=\u00bb#333333&#8243; scene_position=\u00bbcenter\u00bb text_color=\u00bblight\u00bb text_align=\u00bbleft\u00bb top_padding=\u00bb5%\u00bb bottom_padding=\u00bb5%\u00bb enable_gradient=\u00bbtrue\u00bb color_overlay=\u00bb#0a0a0a\u00bb color_overlay_2=\u00bbrgba(10,10,10,0.01)\u00bb gradient_direction=\u00bbleft_to_right\u00bb overlay_strength=\u00bb0.8&#8243;][vc_column column_padding=\u00bbno-extra-padding\u00bb column_padding_position=\u00bball\u00bb background_color_opacity=\u00bb1&#8243; background_hover_color_opacity=\u00bb1&#8243; column_shadow=\u00bbnone\u00bb width=\u00bb1\/2&#8243; tablet_text_alignment=\u00bbdefault\u00bb phone_text_alignment=\u00bbdefault\u00bb column_border_width=\u00bbnone\u00bb column_border_style=\u00bbsolid\u00bb][nectar_animated_title heading_tag=\u00bbh5&#8243; style=\u00bbcolor-strip-reveal\u00bb color=\u00bbExtra-Color-3&#8243; text=\u00bbTenis de mesa\u00bb][split_line_heading]\n<h2>Almuhannad<\/h2>\n<p>&nbsp;<\/p>\n<h3>19 a\u00f1os, Siria<\/h3>\n[\/split_line_heading][vc_row_inner column_margin=\u00bbdefault\u00bb text_align=\u00bbleft\u00bb][vc_column_inner enable_animation=\u00bbtrue\u00bb animation=\u00bbfade-in-from-bottom\u00bb column_padding=\u00bbno-extra-padding\u00bb column_padding_position=\u00bball\u00bb background_color_opacity=\u00bb1&#8243; width=\u00bb2\/3&#8243; column_border_width=\u00bbnone\u00bb column_border_style=\u00bbsolid\u00bb delay=\u00bb300&#8243;][vc_custom_heading text=\u00bb<i>\u00abSer\u00eda muy importante para mi si pudiera ayudar a los ni\u00f1os de Siria\u00bb<\/i>\u00bb font_container=\u00bbtag:h5|font_size:20|text_align:left|color:rgba(255%2C255%2C255%2C0.7)|line_height:36px\u00bb google_fonts=\u00bbfont_family:Roboto%3A100%2C100italic%2C300%2C300italic%2Cregular%2Citalic%2C500%2C500italic%2C700%2C700italic%2C900%2C900italic|font_style:400%20regular%3A400%3Anormal\u00bb][\/vc_column_inner][vc_column_inner column_padding=\u00bbno-extra-padding\u00bb column_padding_position=\u00bball\u00bb background_color_opacity=\u00bb1&#8243; width=\u00bb1\/3&#8243; column_border_width=\u00bbnone\u00bb column_border_style=\u00bbsolid\u00bb][\/vc_column_inner][\/vc_row_inner][nectar_cta heading_tag=\u00bbh5&#8243; text_color=\u00bb#ffffff\u00bb link_type=\u00bbnew_tab\u00bb alignment=\u00bbleft\u00bb link_text=\u00bbConoce su historia\u00bb url=\u00bbhttps:\/\/ufec.cat\/insersport\/es\/almuhannad\u00bb][\/vc_column][vc_column column_padding=\u00bbno-extra-padding\u00bb column_padding_position=\u00bball\u00bb background_color_opacity=\u00bb1&#8243; background_hover_color_opacity=\u00bb1&#8243; column_shadow=\u00bbnone\u00bb width=\u00bb1\/2&#8243; tablet_text_alignment=\u00bbdefault\u00bb phone_text_alignment=\u00bbdefault\u00bb column_border_width=\u00bbnone\u00bb column_border_style=\u00bbsolid\u00bb][\/vc_column][\/vc_row][vc_row type=\u00bbfull_width_content\u00bb full_screen_row_position=\u00bbmiddle\u00bb bg_color=\u00bb#e83daa\u00bb scene_position=\u00bbcenter\u00bb text_color=\u00bblight\u00bb text_align=\u00bbleft\u00bb top_padding=\u00bb2%\u00bb bottom_padding=\u00bb2%\u00bb overlay_strength=\u00bb0.3&#8243;][vc_column centered_text=\u00bbtrue\u00bb column_padding=\u00bbno-extra-padding\u00bb column_padding_position=\u00bball\u00bb background_color_opacity=\u00bb1&#8243; background_hover_color_opacity=\u00bb1&#8243; column_shadow=\u00bbnone\u00bb width=\u00bb1\/1&#8243; tablet_text_alignment=\u00bbdefault\u00bb phone_text_alignment=\u00bbdefault\u00bb column_border_width=\u00bbnone\u00bb column_border_style=\u00bbsolid\u00bb][testimonial_slider style=\u00bbdefault\u00bb star_rating_color=\u00bbaccent-color\u00bb disable_height_animation=\u00bbtrue\u00bb][testimonial star_rating=\u00bbnone\u00bb title=\u00bbTestimonial\u00bb id=\u00bb1633349712839-7&#8243; name=\u00bbSofi Escud\u00e9\u00bb quote=\u00bb<em>Almuhannad forma parte de un grupo de futbolistas sirios que ten\u00edan un futuro en su pa\u00eds i al entrar el pa\u00eds en guerra sus vidas se quedaron estancadas<\/em>\u00bb tab_id=\u00bb1633349712840-5&#8243; subtitle=\u00bbDirectora documental OFFSIDE\u00bb] Click the edit button to add your testimonial. [\/testimonial][testimonial star_rating=\u00bbnone\u00bb title=\u00bbTestimonial\u00bb id=\u00bb1633349712908-7&#8243; quote=\u00bb<em>Este programa ha ayudado a Almuhannad a practicar el idioma y a relacionarse con la gente<\/em>\u00bb tab_id=\u00bb1633349712909-8&#8243; name=\u00bbSofi Escud\u00e9\u00bb subtitle=\u00bbDirectora documental OFFSIDE\u00bb] Click the edit button to add your testimonial. [\/testimonial][\/testimonial_slider][\/vc_column][\/vc_row][vc_row type=\u00bbfull_width_background\u00bb full_screen_row_position=\u00bbmiddle\u00bb bg_color=\u00bb#171a1b\u00bb scene_position=\u00bbcenter\u00bb text_color=\u00bbdark\u00bb text_align=\u00bbleft\u00bb overlay_strength=\u00bb0.3&#8243;][vc_column column_padding=\u00bbno-extra-padding\u00bb column_padding_position=\u00bball\u00bb background_color_opacity=\u00bb1&#8243; background_hover_color_opacity=\u00bb1&#8243; column_shadow=\u00bbnone\u00bb width=\u00bb1\/1&#8243; tablet_text_alignment=\u00bbdefault\u00bb phone_text_alignment=\u00bbdefault\u00bb column_border_width=\u00bbnone\u00bb column_border_style=\u00bbsolid\u00bb][vc_gallery type=\u00bbflickity_style\u00bb images=\u00bb1043,1098,1097,1096,1095,1094,1093,1092,1091,1090,1089,1088,1087,1086,1085,1084,1083,1082,1081,1080,1079,1078,1077,1076,1075,1074,1073,1072,1071,1070,1069,1068,1067,1066,1065,1064,1063,1062,1061,1060,1059,1058,1057,1056,1055,1054,1053,1052,1051,1050,1049,1048,1047,1046,1045,1044&#8243; flickity_controls=\u00bbmaterial_pagination\u00bb flickity_desktop_columns=\u00bb3&#8243; flickity_small_desktop_columns=\u00bb3&#8243; flickity_tablet_columns=\u00bb1&#8243; flickity_autoplay=\u00bbtrue\u00bb flickity_box_shadow=\u00bbnone\u00bb onclick=\u00bblink_image\u00bb img_size=\u00bb600&#215;400&#8243;][\/vc_column][\/vc_row]\n","protected":false},"excerpt":{"rendered":"<p>[vc_row type=\u00bbfull_width_background\u00bb full_screen_row_position=\u00bbmiddle\u00bb scene_position=\u00bbcenter\u00bb text_color=\u00bbdark\u00bb text_align=\u00bbleft\u00bb overlay_strength=\u00bb0.3&#8243;][vc_column column_padding=\u00bbno-extra-padding\u00bb column_padding_position=\u00bball\u00bb background_color_opacity=\u00bb1&#8243; background_hover_color_opacity=\u00bb1&#8243; column_shadow=\u00bbnone\u00bb width=\u00bb1\/1&#8243; tablet_text_alignment=\u00bbdefault\u00bb phone_text_alignment=\u00bbdefault\u00bb column_border_width=\u00bbnone\u00bb column_border_style=\u00bbsolid\u00bb][\/vc_column][\/vc_row][vc_row type=\u00bbfull_width_background\u00bb full_screen_row_position=\u00bbmiddle\u00bb scene_position=\u00bbcenter\u00bb text_color=\u00bbdark\u00bb text_align=\u00bbleft\u00bb top_padding=\u00bb8%\u00bb bottom_padding=\u00bb8%\u00bb overlay_strength=\u00bb1&#8243;][vc_column column_padding=\u00bbno-extra-padding\u00bb column_padding_position=\u00bball\u00bb background_color_opacity=\u00bb1&#8243; background_hover_color_opacity=\u00bb1&#8243; column_shadow=\u00bbnone\u00bb&#8230;<\/p>\n","protected":false},"author":1,"featured_media":0,"parent":0,"menu_order":0,"comment_status":"closed","ping_status":"closed","template":"","meta":[],"_links":{"self":[{"href":"https:\/\/ufec.cat\/insersport\/es\/wp-json\/wp\/v2\/pages\/396"}],"collection":[{"href":"https:\/\/ufec.cat\/insersport\/es\/wp-json\/wp\/v2\/pages"}],"about":[{"href":"https:\/\/ufec.cat\/insersport\/es\/wp-json\/wp\/v2\/types\/page"}],"author":[{"embeddable":true,"href":"https:\/\/ufec.cat\/insersport\/es\/wp-json\/wp\/v2\/users\/1"}],"replies":[{"embeddable":true,"href":"https:\/\/ufec.cat\/insersport\/es\/wp-json\/wp\/v2\/comments?post=396"}],"version-history":[{"count":51,"href":"https:\/\/ufec.cat\/insersport\/es\/wp-json\/wp\/v2\/pages\/396\/revisions"}],"predecessor-version":[{"id":2134,"href":"https:\/\/ufec.cat\/insersport\/es\/wp-json\/wp\/v2\/pages\/396\/revisions\/2134"}],"wp:attachment":[{"href":"https:\/\/ufec.cat\/insersport\/es\/wp-json\/wp\/v2\/media?parent=396"}],"curies":[{"name":"wp","href":"https:\/\/api.w.org\/{rel}","templated":true}]}}