{"id":434,"date":"2017-07-19T12:36:56","date_gmt":"2017-07-19T11:36:56","guid":{"rendered":"http:\/\/insersport.ufec.cat\/historias\/"},"modified":"2019-06-12T07:34:08","modified_gmt":"2019-06-12T06:34:08","slug":"historias","status":"publish","type":"page","link":"https:\/\/ufec.cat\/insersport\/es\/historias\/","title":{"rendered":"Historias"},"content":{"rendered":"[vc_row type=\u00bbfull_width_background\u00bb full_screen_row_position=\u00bbmiddle\u00bb scene_position=\u00bbcenter\u00bb text_color=\u00bbdark\u00bb text_align=\u00bbcenter\u00bb overlay_strength=\u00bb0.3&#8243;][vc_column column_padding=\u00bbno-extra-padding\u00bb column_padding_position=\u00bball\u00bb background_color_opacity=\u00bb1&#8243; background_hover_color_opacity=\u00bb1&#8243; column_shadow=\u00bbnone\u00bb width=\u00bb1\/1&#8243; tablet_text_alignment=\u00bbdefault\u00bb phone_text_alignment=\u00bbdefault\u00bb column_border_width=\u00bbnone\u00bb column_border_style=\u00bbsolid\u00bb]<div style=\"height: 650px\"  data-transition=\"slide\" data-overall_style=\"classic\" data-flexible-height=\"\" data-animate-in-effect=\"none\" data-fullscreen=\"false\" data-button-sizing=\"regular\" data-button-styling=\"btn_with_count\" data-autorotate=\"\" data-parallax=\"false\" data-full-width=\"true\" class=\"nectar-slider-wrap \" id=\"ns-id-69dca231ec14c\">\r\n\t\t\t<div style=\"height: 650px\" class=\"swiper-container\"  data-tho=\"auto\" data-tco=\"auto\" data-pho=\"auto\" data-pco=\"auto\" data-loop=\"false\" data-height=\"650\" data-min-height=\"\" data-arrows=\"false\" data-bullets=\"false\" data-bullet_style=\"see_through\" data-desktop-swipe=\"false\" data-settings=\"\">\r\n\t\t\t\t    <div class=\"swiper-wrapper\"><div class=\"swiper-slide\" data-bg-alignment=\"center\" data-color-scheme=\"light\" data-x-pos=\"left\" data-y-pos=\"middle\"> \r\n\t\t\t\t\t\t\t\t<div class=\"image-bg\" style=\"background-image: url(https:\/\/ufec.cat\/insersport\/wp-content\/uploads\/2019\/05\/header-histories-insersport.png);\"> &nbsp; <\/div><div class=\"container\">\r\n\t\t\t\t\t\t\t\t\t<div class=\"content\"><h2>Historias<\/h2><div class=\"buttons\"><div class=\"button solid_color\">\r\n\t\t\t\t\t\t\t\t\t\t\t\t \t\t <a class=\"primary-color\" href=\"https:\/\/ufec.cat\/insersport\/es\/histories\/#joves\">J\u00f3venes<\/a>\r\n\t\t\t\t\t\t\t\t\t\t\t\t \t <\/div><div class=\"button solid_color\">\r\n\t\t\t\t\t\t\t\t\t\t\t\t \t\t <a class=\"primary-color\" href=\"https:\/\/ufec.cat\/insersport\/es\/histories\/#formadors\">Formadores<\/a>\r\n\t\t\t\t\t\t\t\t\t\t\t\t \t <\/div><\/div><\/div>\r\n\t\t\t\t\t\t\t\t<\/div><!--\/container--><div class=\"video-texture active_texture\"> <span class=\"ie-fix\"><\/span> <\/div><\/div><!--\/swiper-slide--><div class=\"swiper-slide\" data-bg-alignment=\"center\" data-color-scheme=\"light\" data-x-pos=\"left\" data-y-pos=\"middle\"> \r\n\t\t\t\t\t\t\t\t<div class=\"image-bg\" style=\"background-image: url(https:\/\/ufec.cat\/insersport\/wp-content\/uploads\/2021\/10\/GChangers_baner_principal.png);\"> &nbsp; <\/div><div class=\"video-texture active_texture\"> <span class=\"ie-fix\"><\/span> <\/div><\/div><!--\/swiper-slide--><\/div><div class=\"nectar-slider-loading \"> <span class=\"loading-icon none\">   <\/span> <\/div> <\/div> \r\n\t\t\t\t\r\n\t\t\t<\/div>[\/vc_column][\/vc_row][vc_row type=\u00bbin_container\u00bb full_screen_row_position=\u00bbmiddle\u00bb scene_position=\u00bbcenter\u00bb text_color=\u00bbdark\u00bb text_align=\u00bbleft\u00bb overlay_strength=\u00bb0.3&#8243;][vc_column column_padding=\u00bbno-extra-padding\u00bb column_padding_position=\u00bball\u00bb background_color_opacity=\u00bb1&#8243; background_hover_color_opacity=\u00bb1&#8243; column_shadow=\u00bbnone\u00bb width=\u00bb1\/1&#8243; tablet_text_alignment=\u00bbdefault\u00bb phone_text_alignment=\u00bbdefault\u00bb column_border_width=\u00bbnone\u00bb column_border_style=\u00bbsolid\u00bb][vc_column_text]\n<h1 id=\"joves\"><\/h1>\n[\/vc_column_text]<div class=\"divider-wrap\"><div style=\"height: 50px;\" class=\"divider\"><\/div><\/div>[\/vc_column][\/vc_row][vc_row type=\u00bbin_container\u00bb full_screen_row_position=\u00bbmiddle\u00bb scene_position=\u00bbcenter\u00bb text_color=\u00bbdark\u00bb text_align=\u00bbleft\u00bb overlay_strength=\u00bb0.3&#8243;][vc_column column_padding=\u00bbno-extra-padding\u00bb column_padding_position=\u00bball\u00bb background_color_opacity=\u00bb1&#8243; background_hover_color_opacity=\u00bb1&#8243; column_shadow=\u00bbnone\u00bb width=\u00bb2\/3&#8243; tablet_text_alignment=\u00bbdefault\u00bb phone_text_alignment=\u00bbdefault\u00bb column_border_width=\u00bbnone\u00bb column_border_style=\u00bbsolid\u00bb][vc_column_text css=\u00bb.vc_custom_1557921087537{margin-bottom: 30px !important;}\u00bb]\n<h2 style=\"color: #951b81;\">Cada joven tiene una historia y una voz. Con\u00f3celas<\/h2>\n[\/vc_column_text][vc_custom_heading text=\u00bbTodos los j\u00f3venes que participan en este programa derivan de servicios sociales, ONG\u2019s, DGAIA (Direcci\u00f3n General de Atenci\u00f3n a la Infancia y la Adolescencia) o Direcci\u00f3n General de Ejecuci\u00f3n Penal a la Comunidad y de Justicia Juvenil. Por respecto a su intimidad no explicaremos en detalle la situaci\u00f3n que han atravesado o atraviesan cada uno de ellos.\u00bb font_container=\u00bbtag:h5|text_align:left\u00bb use_theme_fonts=\u00bbyes\u00bb]<div class=\"divider-wrap\"><div style=\"height: 50px;\" class=\"divider\"><\/div><\/div>[\/vc_column][vc_column column_padding=\u00bbno-extra-padding\u00bb column_padding_position=\u00bball\u00bb background_color_opacity=\u00bb1&#8243; background_hover_color_opacity=\u00bb1&#8243; column_shadow=\u00bbnone\u00bb width=\u00bb1\/3&#8243; tablet_text_alignment=\u00bbdefault\u00bb phone_text_alignment=\u00bbdefault\u00bb column_border_width=\u00bbnone\u00bb column_border_style=\u00bbsolid\u00bb][\/vc_column][\/vc_row][vc_row type=\u00bbfull_width_content\u00bb full_screen_row_position=\u00bbmiddle\u00bb full_height=\u00bbyes\u00bb scene_position=\u00bbcenter\u00bb text_color=\u00bbdark\u00bb text_align=\u00bbleft\u00bb top_padding=\u00bb0&#8243; id=\u00bbteam\u00bb overlay_strength=\u00bb0.3&#8243;][vc_column column_padding=\u00bbno-extra-padding\u00bb column_padding_position=\u00bball\u00bb background_color_opacity=\u00bb1&#8243; background_hover_color_opacity=\u00bb1&#8243; top_margin=\u00bb0&#8243; column_shadow=\u00bbnone\u00bb width=\u00bb1\/3&#8243; tablet_text_alignment=\u00bbdefault\u00bb phone_text_alignment=\u00bbdefault\u00bb column_border_width=\u00bbnone\u00bb column_border_style=\u00bbsolid\u00bb]<div class=\"team-member\" data-style=\"meta_overlaid_alt\"><div class=\"team-member-overlay\"><\/div><a href=\"https:\/\/ufec.cat\/insersport\/es\/abderraim\/\"><\/a> <div class=\"team-member-image\" style=\"background-image: url(https:\/\/ufec.cat\/insersport\/wp-content\/uploads\/2019\/06\/Abderraim_01-600x403.png);\"><\/div><div class=\"team-meta\"><h3>Abderraim<\/h3><p>16 a\u00f1os, Matar\u00f3, Catalu\u00f1a, Edici\u00f3n2019<p><\/div><\/div><div class=\"team-member\" data-style=\"meta_overlaid_alt\"><div class=\"team-member-overlay\"><\/div><a href=\"https:\/\/ufec.cat\/insersport\/es\/mohamed-2\/\"><\/a> <div class=\"team-member-image\" style=\"background-image: url(https:\/\/ufec.cat\/insersport\/wp-content\/uploads\/2019\/06\/Mohamed_02-600x403.png);\"><\/div><div class=\"team-meta\"><h3>Mohamed<\/h3><p>17 a\u00f1os, Espa\u00f1a, Edici\u00f3n 2019<p><\/div><\/div><div class=\"team-member\" data-style=\"meta_overlaid_alt\"><div class=\"team-member-overlay\"><\/div><a href=\"https:\/\/ufec.cat\/insersport\/es\/samuel\/\"><\/a> <div class=\"team-member-image\" style=\"background-image: url(https:\/\/ufec.cat\/insersport\/wp-content\/uploads\/2019\/05\/SAMUEL-600x403.png);\"><\/div><div class=\"team-meta\"><h3>Samuel<\/h3><p>16 a\u00f1os, Espa\u00f1a, Edici\u00f3n 2019<p><\/div><\/div><div class=\"team-member\" data-style=\"meta_overlaid_alt\"><div class=\"team-member-overlay\"><\/div><a href=\"https:\/\/ufec.cat\/insersport\/es\/mohamed\/\"><\/a> <div class=\"team-member-image\" style=\"background-image: url(https:\/\/ufec.cat\/insersport\/wp-content\/uploads\/2019\/05\/mohamed-foto-perfil-600x403.png);\"><\/div><div class=\"team-meta\"><h3>Mohamed<\/h3><p>17 a\u00f1os, Marruecos, Edici\u00f3n 2019<p><\/div><\/div><div class=\"team-member\" data-style=\"meta_overlaid_alt\"><div class=\"team-member-overlay\"><\/div><a href=\"https:\/\/ufec.cat\/insersport\/es\/richard\/\"><\/a> <div class=\"team-member-image\" style=\"background-image: url(https:\/\/ufec.cat\/insersport\/wp-content\/uploads\/2018\/08\/richard_insersport2018-600x403.png);\"><\/div><div class=\"team-meta\"><h3>Richard<\/h3><p>19 a\u00f1os, C\u00e1diz, Edici\u00f3n 2018<p><\/div><\/div><div class=\"team-member\" data-style=\"meta_overlaid_alt\"><div class=\"team-member-overlay\"><\/div><a href=\"https:\/\/ufec.cat\/insersport\/es\/yuneisa\/\"><\/a> <div class=\"team-member-image\" style=\"background-image: url(https:\/\/ufec.cat\/insersport\/wp-content\/uploads\/2017\/08\/Yuneisa-600x403.png);\"><\/div><div class=\"team-meta\"><h3>Yuneisa<\/h3><p>16 a\u00f1os, Espa\u00f1a \u00b7 Edici\u00f3n 2017<p><\/div><\/div><div class=\"team-member\" data-style=\"meta_overlaid_alt\"><div class=\"team-member-overlay\"><\/div><a href=\"https:\/\/ufec.cat\/insersport\/es\/manuel\/\"><\/a> <div class=\"team-member-image\" style=\"background-image: url(https:\/\/ufec.cat\/insersport\/wp-content\/uploads\/2017\/06\/Manuel02-600x403.png);\"><\/div><div class=\"team-meta\"><h3>Manuel<\/h3><p>16 a\u00f1os, Espa\u00f1a \u00b7 Edici\u00f3n 2017<p><\/div><\/div>[\/vc_column][vc_column column_padding=\u00bbno-extra-padding\u00bb column_padding_position=\u00bball\u00bb background_color_opacity=\u00bb1&#8243; background_hover_color_opacity=\u00bb1&#8243; top_margin=\u00bb0&#8243; column_shadow=\u00bbnone\u00bb width=\u00bb1\/3&#8243; tablet_text_alignment=\u00bbdefault\u00bb phone_text_alignment=\u00bbdefault\u00bb column_border_width=\u00bbnone\u00bb column_border_style=\u00bbsolid\u00bb]<div class=\"team-member\" data-style=\"meta_overlaid_alt\"><div class=\"team-member-overlay\"><\/div><a href=\"https:\/\/ufec.cat\/insersport\/es\/ayoub\/\"><\/a> <div class=\"team-member-image\" style=\"background-image: url(https:\/\/ufec.cat\/insersport\/wp-content\/uploads\/2019\/06\/Ayoub_01-600x403.png);\"><\/div><div class=\"team-meta\"><h3>Ayoub<\/h3><p>17 anys, Marroc, Edici\u00f3 2019<p><\/div><\/div><div class=\"team-member\" data-style=\"meta_overlaid_alt\"><div class=\"team-member-overlay\"><\/div><a href=\"https:\/\/ufec.cat\/insersport\/es\/maite\/\"><\/a> <div class=\"team-member-image\" style=\"background-image: url(https:\/\/ufec.cat\/insersport\/wp-content\/uploads\/2019\/06\/Maite-Cano-01-600x403.png);\"><\/div><div class=\"team-meta\"><h3>Maite<\/h3><p>17 a\u00f1os, Espa\u00f1a, Edici\u00f3n 2019<p><\/div><\/div><div class=\"team-member\" data-style=\"meta_overlaid_alt\"><div class=\"team-member-overlay\"><\/div><a href=\"https:\/\/ufec.cat\/insersport\/es\/adria\/\"><\/a> <div class=\"team-member-image\" style=\"background-image: url(https:\/\/ufec.cat\/insersport\/wp-content\/uploads\/2019\/05\/adria-foto-perfil-600x403.png);\"><\/div><div class=\"team-meta\"><h3>Adri\u00e0<\/h3><p>18 a\u00f1os, Espa\u00f1a, Edici\u00f3n 2019<p><\/div><\/div><div class=\"team-member\" data-style=\"meta_overlaid_alt\"><div class=\"team-member-overlay\"><\/div><a href=\"https:\/\/ufec.cat\/insersport\/es\/ainoa\/\"><\/a> <div class=\"team-member-image\" style=\"background-image: url(https:\/\/ufec.cat\/insersport\/wp-content\/uploads\/2018\/08\/ainoa_insersport2018-600x403.png);\"><\/div><div class=\"team-meta\"><h3>Ainoa<\/h3><p>16 a\u00f1os, Espa\u00f1a, Edici\u00f3n 2018<p><\/div><\/div><div class=\"team-member\" data-style=\"meta_overlaid_alt\"><div class=\"team-member-overlay\"><\/div><a href=\"https:\/\/ufec.cat\/insersport\/es\/felipe\/\"><\/a> <div class=\"team-member-image\" style=\"background-image: url(https:\/\/ufec.cat\/insersport\/wp-content\/uploads\/2018\/08\/felipe_insersport2018_2-600x403.png);\"><\/div><div class=\"team-meta\"><h3>Felipe<\/h3><p>18 a\u00f1os, Brasil, Edici\u00f3n 2018<p><\/div><\/div><div class=\"team-member\" data-style=\"meta_overlaid_alt\"><div class=\"team-member-overlay\"><\/div><a href=\"https:\/\/ufec.cat\/insersport\/es\/islam\/\"><\/a> <div class=\"team-member-image\" style=\"background-image: url(https:\/\/ufec.cat\/insersport\/wp-content\/uploads\/2017\/06\/Islam-600x403.png);\"><\/div><div class=\"team-meta\"><h3>Islam<\/h3><p>29 a\u00f1os, Egipto \u00b7 Edici\u00f3n 2017<p><\/div><\/div><div class=\"team-member\" data-style=\"meta_overlaid_alt\"><div class=\"team-member-overlay\"><\/div><a href=\"https:\/\/ufec.cat\/insersport\/es\/cristian-y-soraya\/\"><\/a> <div class=\"team-member-image\" style=\"background-image: url(https:\/\/ufec.cat\/insersport\/wp-content\/uploads\/2017\/06\/ACELL-03-600x403.png);\"><\/div><div class=\"team-meta\"><h3>Cristian i Soraya<\/h3><p>22 y 16 a\u00f1os, Bolivia y Espa\u00f1a \u00b7 Edici\u00f3n 2017<p><\/div><\/div>[\/vc_column][vc_column column_padding=\u00bbno-extra-padding\u00bb column_padding_position=\u00bball\u00bb background_color_opacity=\u00bb1&#8243; background_hover_color_opacity=\u00bb1&#8243; top_margin=\u00bb0&#8243; column_shadow=\u00bbnone\u00bb width=\u00bb1\/3&#8243; tablet_text_alignment=\u00bbdefault\u00bb phone_text_alignment=\u00bbdefault\u00bb column_border_width=\u00bbnone\u00bb column_border_style=\u00bbsolid\u00bb]<div class=\"team-member\" data-style=\"meta_overlaid_alt\"><div class=\"team-member-overlay\"><\/div><a href=\"https:\/\/ufec.cat\/insersport\/es\/adria-lozano\/\"><\/a> <div class=\"team-member-image\" style=\"background-image: url(https:\/\/ufec.cat\/insersport\/wp-content\/uploads\/2019\/06\/Adria-Lozano_01-600x403.png);\"><\/div><div class=\"team-meta\"><h3>Adri\u00e0 Lozano<\/h3><p>18 a\u00f1os, Espa\u00f1a, Edici\u00f3n 2019<p><\/div><\/div><div class=\"team-member\" data-style=\"meta_overlaid_alt\"><div class=\"team-member-overlay\"><\/div><a href=\"https:\/\/ufec.cat\/insersport\/es\/jorgina\/\"><\/a> <div class=\"team-member-image\" style=\"background-image: url(https:\/\/ufec.cat\/insersport\/wp-content\/uploads\/2019\/05\/0-JORGINA_01-600x403.png);\"><\/div><div class=\"team-meta\"><h3>Jorgina<\/h3><p>16 a\u00f1os, Espa\u00f1a, Edici\u00f3n 2019<p><\/div><\/div><div class=\"team-member\" data-style=\"meta_overlaid_alt\"><div class=\"team-member-overlay\"><\/div><a href=\"https:\/\/ufec.cat\/insersport\/es\/eric\/\"><\/a> <div class=\"team-member-image\" style=\"background-image: url(https:\/\/ufec.cat\/insersport\/wp-content\/uploads\/2019\/05\/eric-foto-perfil-600x403.png);\"><\/div><div class=\"team-meta\"><h3>Eric<\/h3><p>16 a\u00f1os, Espa\u00f1a, Edici\u00f3n 2019<p><\/div><\/div><div class=\"team-member\" data-style=\"meta_overlaid_alt\"><div class=\"team-member-overlay\"><\/div><a href=\"https:\/\/ufec.cat\/insersport\/es\/douae\/\"><\/a> <div class=\"team-member-image\" style=\"background-image: url(https:\/\/ufec.cat\/insersport\/wp-content\/uploads\/2018\/08\/douae_insersport2018-600x403.png);\"><\/div><div class=\"team-meta\"><h3>Douae<\/h3><p>22 a\u00f1os, Marruecos, Edici\u00f3n 2018<p><\/div><\/div><div class=\"team-member\" data-style=\"meta_overlaid_alt\"><div class=\"team-member-overlay\"><\/div><a href=\"https:\/\/ufec.cat\/insersport\/es\/almuhannad\/\"><\/a> <div class=\"team-member-image\" style=\"background-image: url(https:\/\/ufec.cat\/insersport\/wp-content\/uploads\/2017\/05\/Almuhannad-1-600x403.png);\"><\/div><div class=\"team-meta\"><h3>Almuhannad<\/h3><p>19 a\u00f1os, Siria \u00b7 Edici\u00f3n 2017<p><\/div><\/div><div class=\"team-member\" data-style=\"meta_overlaid_alt\"><div class=\"team-member-overlay\"><\/div><a href=\"https:\/\/ufec.cat\/insersport\/es\/francisco\/\"><\/a> <div class=\"team-member-image\" style=\"background-image: url(https:\/\/ufec.cat\/insersport\/wp-content\/uploads\/2017\/05\/Francisco03-600x403.png);\"><\/div><div class=\"team-meta\"><h3>Francisco<\/h3><p>17 a\u00f1os, Espa\u00f1a \u00b7 Edici\u00f3n 2017<p><\/div><\/div><div class=\"team-member\" data-style=\"meta_overlaid_alt\"><div class=\"team-member-overlay\"><\/div><a href=\"https:\/\/ufec.cat\/insersport\/es\/bilal-y-sergi\/\"><\/a> <div class=\"team-member-image\" style=\"background-image: url(https:\/\/ufec.cat\/insersport\/wp-content\/uploads\/2017\/06\/Bilal-02-600x403.png);\"><\/div><div class=\"team-meta\"><h3>Bilal y Sergi<\/h3><p>17 y 16 a\u00f1os, Espa\u00f1a y Rusia \u00b7 Edici\u00f3n 2017<p><\/div><\/div>[\/vc_column][\/vc_row][vc_row type=\u00bbin_container\u00bb full_screen_row_position=\u00bbmiddle\u00bb scene_position=\u00bbcenter\u00bb text_color=\u00bbdark\u00bb text_align=\u00bbleft\u00bb overlay_strength=\u00bb0.3&#8243;][vc_column column_padding=\u00bbno-extra-padding\u00bb column_padding_position=\u00bball\u00bb background_color_opacity=\u00bb1&#8243; background_hover_color_opacity=\u00bb1&#8243; column_shadow=\u00bbnone\u00bb width=\u00bb1\/1&#8243; tablet_text_alignment=\u00bbdefault\u00bb phone_text_alignment=\u00bbdefault\u00bb column_border_width=\u00bbnone\u00bb column_border_style=\u00bbsolid\u00bb][vc_column_text]\n<h1 id=\"formadors\"><\/h1>\n[\/vc_column_text]<div class=\"divider-wrap\"><div style=\"height: 100px;\" class=\"divider\"><\/div><\/div>[\/vc_column][\/vc_row][vc_row type=\u00bbin_container\u00bb full_screen_row_position=\u00bbmiddle\u00bb scene_position=\u00bbcenter\u00bb text_color=\u00bbdark\u00bb text_align=\u00bbleft\u00bb overlay_strength=\u00bb0.3&#8243;][vc_column column_padding=\u00bbno-extra-padding\u00bb column_padding_position=\u00bball\u00bb background_color_opacity=\u00bb1&#8243; background_hover_color_opacity=\u00bb1&#8243; column_shadow=\u00bbnone\u00bb width=\u00bb2\/3&#8243; tablet_text_alignment=\u00bbdefault\u00bb phone_text_alignment=\u00bbdefault\u00bb column_border_width=\u00bbnone\u00bb column_border_style=\u00bbsolid\u00bb][vc_column_text css=\u00bb.vc_custom_1557921337916{margin-bottom: 30px !important;}\u00bb]\n<h2 style=\"color: #951b81;\">Conoce a los j\u00f3venes a trav\u00e9s de sus formadores y formadoras<\/h2>\n[\/vc_column_text][vc_custom_heading text=\u00bbTodos los formadores que participan en este programa su profesionales del mundo del deporte que pertenecen a las diferentes federaciones que colaboran con el proyecto INSERsport.\u00bb font_container=\u00bbtag:h5|text_align:left\u00bb use_theme_fonts=\u00bbyes\u00bb]<div class=\"divider-wrap\"><div style=\"height: 50px;\" class=\"divider\"><\/div><\/div>[\/vc_column][vc_column column_padding=\u00bbno-extra-padding\u00bb column_padding_position=\u00bball\u00bb background_color_opacity=\u00bb1&#8243; background_hover_color_opacity=\u00bb1&#8243; column_shadow=\u00bbnone\u00bb width=\u00bb1\/3&#8243; tablet_text_alignment=\u00bbdefault\u00bb phone_text_alignment=\u00bbdefault\u00bb column_border_width=\u00bbnone\u00bb column_border_style=\u00bbsolid\u00bb][\/vc_column][\/vc_row][vc_row type=\u00bbfull_width_content\u00bb full_screen_row_position=\u00bbmiddle\u00bb scene_position=\u00bbcenter\u00bb text_color=\u00bbdark\u00bb text_align=\u00bbleft\u00bb overlay_strength=\u00bb0.3&#8243;][vc_column column_padding=\u00bbno-extra-padding\u00bb column_padding_position=\u00bball\u00bb background_color_opacity=\u00bb1&#8243; background_hover_color_opacity=\u00bb1&#8243; column_shadow=\u00bbnone\u00bb width=\u00bb1\/3&#8243; tablet_text_alignment=\u00bbdefault\u00bb phone_text_alignment=\u00bbdefault\u00bb column_border_width=\u00bbnone\u00bb column_border_style=\u00bbsolid\u00bb]<div class=\"team-member\" data-style=\"meta_overlaid_alt\"><div class=\"team-member-overlay\"><\/div><a href=\"https:\/\/ufec.cat\/insersport\/es\/jose-manuel\/\"><\/a> <div class=\"team-member-image\" style=\"background-image: url(https:\/\/ufec.cat\/insersport\/wp-content\/uploads\/2019\/05\/Jose-Manuel-600x403.png);\"><\/div><div class=\"team-meta\"><h3>Jos\u00e9 Manuel<\/h3><p>F\u00fatbol sala, Edici\u00f3n 2019<p><\/div><\/div><div class=\"team-member\" data-style=\"meta_overlaid_alt\"><div class=\"team-member-overlay\"><\/div><a href=\"https:\/\/ufec.cat\/insersport\/es\/monica\/\"><\/a> <div class=\"team-member-image\" style=\"background-image: url(https:\/\/ufec.cat\/insersport\/wp-content\/uploads\/2019\/06\/0-MONICA-01-600x403.png);\"><\/div><div class=\"team-meta\"><h3>M\u00f2nica<\/h3><p>Monitora del Curso de Auxiliar de mesa de la Federaci\u00f3 Catalana de B\u00e0squet<p><\/div><\/div>[\/vc_column][vc_column column_padding=\u00bbno-extra-padding\u00bb column_padding_position=\u00bball\u00bb background_color_opacity=\u00bb1&#8243; background_hover_color_opacity=\u00bb1&#8243; column_shadow=\u00bbnone\u00bb width=\u00bb1\/3&#8243; tablet_text_alignment=\u00bbdefault\u00bb phone_text_alignment=\u00bbdefault\u00bb column_border_width=\u00bbnone\u00bb column_border_style=\u00bbsolid\u00bb]<div class=\"team-member\" data-style=\"meta_overlaid_alt\"><div class=\"team-member-overlay\"><\/div><a href=\"https:\/\/ufec.cat\/insersport\/es\/eduardo\/\"><\/a> <div class=\"team-member-image\" style=\"background-image: url(https:\/\/ufec.cat\/insersport\/wp-content\/uploads\/2019\/05\/Eduardo-Castillo-600x396.png);\"><\/div><div class=\"team-meta\"><h3>Eduardo<\/h3><p>Curso de Monitor de Futbol de la Federaci\u00f3 Catalana de Futbol, Edici\u00f3n 2019<p><\/div><\/div><div class=\"team-member\" data-style=\"meta_overlaid_alt\"><div class=\"team-member-overlay\"><\/div><a href=\"https:\/\/ufec.cat\/insersport\/es\/pep\/\"><\/a> <div class=\"team-member-image\" style=\"background-image: url(https:\/\/ufec.cat\/insersport\/wp-content\/uploads\/2019\/06\/Pep_01-600x403.png);\"><\/div><div class=\"team-meta\"><h3>Pep<\/h3><p>Introducci\u00f3n al arbitraje de futbol sala<p><\/div><\/div>[\/vc_column][vc_column column_padding=\u00bbno-extra-padding\u00bb column_padding_position=\u00bball\u00bb background_color_opacity=\u00bb1&#8243; background_hover_color_opacity=\u00bb1&#8243; column_shadow=\u00bbnone\u00bb width=\u00bb1\/3&#8243; tablet_text_alignment=\u00bbdefault\u00bb phone_text_alignment=\u00bbdefault\u00bb column_border_width=\u00bbnone\u00bb column_border_style=\u00bbsolid\u00bb]<div class=\"team-member\" data-style=\"meta_overlaid_alt\"><div class=\"team-member-overlay\"><\/div><a href=\"https:\/\/ufec.cat\/insersport\/es\/joaquim\/\"><\/a> <div class=\"team-member-image\" style=\"background-image: url(https:\/\/ufec.cat\/insersport\/wp-content\/uploads\/2019\/05\/0-QUIM_02-600x403.png);\"><\/div><div class=\"team-meta\"><h3>Joaquim<\/h3><p>Curso de \u00e1rbitro territorial B de la Federaci\u00f3 Catalana de Volei, Edici\u00f3n 2019<p><\/div><\/div>[\/vc_column][\/vc_row]\n","protected":false},"excerpt":{"rendered":"<p>[vc_row type=\u00bbfull_width_background\u00bb full_screen_row_position=\u00bbmiddle\u00bb scene_position=\u00bbcenter\u00bb text_color=\u00bbdark\u00bb text_align=\u00bbcenter\u00bb overlay_strength=\u00bb0.3&#8243;][vc_column column_padding=\u00bbno-extra-padding\u00bb column_padding_position=\u00bball\u00bb background_color_opacity=\u00bb1&#8243; background_hover_color_opacity=\u00bb1&#8243; column_shadow=\u00bbnone\u00bb width=\u00bb1\/1&#8243; tablet_text_alignment=\u00bbdefault\u00bb phone_text_alignment=\u00bbdefault\u00bb column_border_width=\u00bbnone\u00bb column_border_style=\u00bbsolid\u00bb][\/vc_column][\/vc_row][vc_row type=\u00bbin_container\u00bb full_screen_row_position=\u00bbmiddle\u00bb scene_position=\u00bbcenter\u00bb text_color=\u00bbdark\u00bb text_align=\u00bbleft\u00bb overlay_strength=\u00bb0.3&#8243;][vc_column column_padding=\u00bbno-extra-padding\u00bb column_padding_position=\u00bball\u00bb background_color_opacity=\u00bb1&#8243; background_hover_color_opacity=\u00bb1&#8243; column_shadow=\u00bbnone\u00bb width=\u00bb1\/1&#8243; tablet_text_alignment=\u00bbdefault\u00bb&#8230;<\/p>\n","protected":false},"author":1,"featured_media":0,"parent":0,"menu_order":0,"comment_status":"closed","ping_status":"closed","template":"","meta":[],"_links":{"self":[{"href":"https:\/\/ufec.cat\/insersport\/es\/wp-json\/wp\/v2\/pages\/434"}],"collection":[{"href":"https:\/\/ufec.cat\/insersport\/es\/wp-json\/wp\/v2\/pages"}],"about":[{"href":"https:\/\/ufec.cat\/insersport\/es\/wp-json\/wp\/v2\/types\/page"}],"author":[{"embeddable":true,"href":"https:\/\/ufec.cat\/insersport\/es\/wp-json\/wp\/v2\/users\/1"}],"replies":[{"embeddable":true,"href":"https:\/\/ufec.cat\/insersport\/es\/wp-json\/wp\/v2\/comments?post=434"}],"version-history":[{"count":41,"href":"https:\/\/ufec.cat\/insersport\/es\/wp-json\/wp\/v2\/pages\/434\/revisions"}],"predecessor-version":[{"id":1923,"href":"https:\/\/ufec.cat\/insersport\/es\/wp-json\/wp\/v2\/pages\/434\/revisions\/1923"}],"wp:attachment":[{"href":"https:\/\/ufec.cat\/insersport\/es\/wp-json\/wp\/v2\/media?parent=434"}],"curies":[{"name":"wp","href":"https:\/\/api.w.org\/{rel}","templated":true}]}}