{"id":1203,"date":"2018-08-10T12:24:36","date_gmt":"2018-08-10T11:24:36","guid":{"rendered":"http:\/\/insersport.ufec.cat\/felipe\/"},"modified":"2018-08-13T11:26:51","modified_gmt":"2018-08-13T10:26:51","slug":"felipe","status":"publish","type":"page","link":"https:\/\/ufec.cat\/insersport\/felipe\/","title":{"rendered":"Felipe"},"content":{"rendered":"[vc_row type=&#8221;full_width_content&#8221; full_screen_row_position=&#8221;middle&#8221; equal_height=&#8221;yes&#8221; content_placement=&#8221;middle&#8221; full_height=&#8221;yes&#8221; columns_placement=&#8221;stretch&#8221; bg_color=&#8221;#951b81&#8243; scene_position=&#8221;center&#8221; text_color=&#8221;light&#8221; text_align=&#8221;left&#8221; overlay_strength=&#8221;0.3&#8243;][vc_column column_padding=&#8221;padding-10-percent&#8221; column_padding_position=&#8221;all&#8221; background_color_opacity=&#8221;1&#8243; background_hover_color_opacity=&#8221;1&#8243; column_shadow=&#8221;none&#8221; width=&#8221;1\/2&#8243; tablet_text_alignment=&#8221;default&#8221; phone_text_alignment=&#8221;default&#8221; column_border_width=&#8221;none&#8221; column_border_style=&#8221;solid&#8221;][vc_row_inner column_margin=&#8221;default&#8221; text_align=&#8221;left&#8221;][vc_column_inner enable_animation=&#8221;true&#8221; animation=&#8221;fade-in-from-bottom&#8221; column_padding=&#8221;no-extra-padding&#8221; column_padding_position=&#8221;all&#8221; background_color_opacity=&#8221;1&#8243; width=&#8221;1\/1&#8243; column_border_width=&#8221;none&#8221; column_border_style=&#8221;solid&#8221;][vc_custom_heading text=&#8221;Felipe&#8221; font_container=&#8221;tag:h5|text_align:left|color:%23ffffff&#8221; use_theme_fonts=&#8221;yes&#8221; css=&#8221;.vc_custom_1533900046573{margin-bottom: 10px !important;}&#8221;][\/vc_column_inner][\/vc_row_inner][vc_row_inner column_margin=&#8221;default&#8221; text_align=&#8221;left&#8221;][vc_column_inner enable_animation=&#8221;true&#8221; animation=&#8221;fade-in-from-bottom&#8221; column_padding=&#8221;no-extra-padding&#8221; column_padding_position=&#8221;all&#8221; background_color_opacity=&#8221;1&#8243; width=&#8221;1\/1&#8243; column_border_width=&#8221;none&#8221; column_border_style=&#8221;solid&#8221; delay=&#8221;100&#8243;][vc_custom_heading text=&#8221;\u201cINSERsport m\u2019ha donat l\u2019oportunitat de tenir noves experi\u00e8ncies. He apr\u00e8s molt i ara puc dir que puc treballar del que m\u2019agrada\u201d<i>.<\/i>&#8221; font_container=&#8221;tag:h2|font_size:40|text_align:left|line_height:50px&#8221; use_theme_fonts=&#8221;yes&#8221;][\/vc_column_inner][\/vc_row_inner][vc_row_inner column_margin=&#8221;default&#8221; text_align=&#8221;left&#8221;][vc_column_inner enable_animation=&#8221;true&#8221; animation=&#8221;fade-in-from-bottom&#8221; column_padding=&#8221;no-extra-padding&#8221; column_padding_position=&#8221;all&#8221; background_color_opacity=&#8221;1&#8243; width=&#8221;1\/1&#8243; column_border_width=&#8221;none&#8221; column_border_style=&#8221;solid&#8221; delay=&#8221;200&#8243;][vc_column_text css=&#8221;.vc_custom_1533900197653{margin-top: 30px !important;margin-bottom: 30px !important;}&#8221;]\n<h4><span style=\"font-weight: 400;\">Felipe va n\u00e9ixer al Brasil i amb sis anys va venir per primera vegada a Espanya. Les coses no van anar com hagu\u00e9s volgut, i se\u2019n va tornar. Malgrat les dificultats, va tornar ara fa m\u00e9s d\u2019un any amb ganes de deixar enrere la motxilla d\u2019una inf\u00e0ncia molt complicada.\u2028<\/span><\/h4>\n<h4><span style=\"font-weight: 400;\">Ha estat en centres d\u2019acollida, per\u00f2 ara ja ha pogut tornar amb la seva mare, que tamb\u00e9 viu a Catalunya. \u201cEstic enfocat en els estudis, tinc un objectiu. Tot el que m\u2019ha passat, els centres en qu\u00e8 he estat, m\u2019han fet tenir l\u2019experi\u00e8ncia que tinc ara. Sense aix\u00f2 no sabria qu\u00e8 \u00e9s la vida real, ni com s\u00f3n els cops que et dona\u201d, confessa.<\/span><\/h4>\n<h4><span style=\"font-weight: 400;\">Al marge del futbol, que el va practicar durant uns anys, t\u00e9 passi\u00f3 per la mec\u00e0nica i els cotxes. Per aix\u00f2 es va apuntar al curs de la Federaci\u00f3 Catalana d\u2019Automobilisme que dona el certificat de comissari de ruta i auxiliar de mec\u00e0nic de competici\u00f3. \u201cINSERsport m\u2019ha donat l\u2019oportunitat de con\u00e8ixer m\u00e9s gent, tenir noves experi\u00e8ncies. He apr\u00e8s molt i ara puc dir que puc treballar del que m\u2019agrada. A m\u00e9s, m\u2019he divertit molt\u201d, explica en Felipe.<\/span><\/h4>\n<h4><span style=\"font-weight: 400;\">Gr\u00e0cies al programa, ara t\u00e9 molt m\u00e9s a prop el seu somni. \u201cM\u2019agradaria tenir el meu propi taller. Quan acabi d\u2019estudiar, treballar\u00e9 amb el meu pare\u201d, assegura.<\/span><\/h4>\n[\/vc_column_text][\/vc_column_inner][\/vc_row_inner][\/vc_column][vc_column enable_animation=&#8221;true&#8221; animation=&#8221;fade-in-from-left&#8221; column_padding=&#8221;no-extra-padding&#8221; column_padding_position=&#8221;all&#8221; background_color_opacity=&#8221;1&#8243; background_hover_color_opacity=&#8221;1&#8243; background_image=&#8221;1200&#8243; enable_bg_scale=&#8221;true&#8221; column_shadow=&#8221;none&#8221; width=&#8221;1\/2&#8243; tablet_text_alignment=&#8221;default&#8221; phone_text_alignment=&#8221;default&#8221; column_border_width=&#8221;none&#8221; column_border_style=&#8221;solid&#8221; delay=&#8221;300&#8243;][\/vc_column][\/vc_row]\n","protected":false},"excerpt":{"rendered":"<p>[vc_row type=&#8221;full_width_content&#8221; full_screen_row_position=&#8221;middle&#8221; equal_height=&#8221;yes&#8221; content_placement=&#8221;middle&#8221; full_height=&#8221;yes&#8221; columns_placement=&#8221;stretch&#8221; bg_color=&#8221;#951b81&#8243; scene_position=&#8221;center&#8221; text_color=&#8221;light&#8221; text_align=&#8221;left&#8221; overlay_strength=&#8221;0.3&#8243;][vc_column column_padding=&#8221;padding-10-percent&#8221; column_padding_position=&#8221;all&#8221; background_color_opacity=&#8221;1&#8243; background_hover_color_opacity=&#8221;1&#8243; column_shadow=&#8221;none&#8221; width=&#8221;1\/2&#8243; tablet_text_alignment=&#8221;default&#8221; phone_text_alignment=&#8221;default&#8221; column_border_width=&#8221;none&#8221; column_border_style=&#8221;solid&#8221;][vc_row_inner column_margin=&#8221;default&#8221; text_align=&#8221;left&#8221;][vc_column_inner enable_animation=&#8221;true&#8221; animation=&#8221;fade-in-from-bottom&#8221; column_padding=&#8221;no-extra-padding&#8221; column_padding_position=&#8221;all&#8221; background_color_opacity=&#8221;1&#8243; width=&#8221;1\/1&#8243;&#8230;<\/p>\n","protected":false},"author":1,"featured_media":0,"parent":0,"menu_order":0,"comment_status":"closed","ping_status":"closed","template":"","meta":[],"_links":{"self":[{"href":"https:\/\/ufec.cat\/insersport\/wp-json\/wp\/v2\/pages\/1203"}],"collection":[{"href":"https:\/\/ufec.cat\/insersport\/wp-json\/wp\/v2\/pages"}],"about":[{"href":"https:\/\/ufec.cat\/insersport\/wp-json\/wp\/v2\/types\/page"}],"author":[{"embeddable":true,"href":"https:\/\/ufec.cat\/insersport\/wp-json\/wp\/v2\/users\/1"}],"replies":[{"embeddable":true,"href":"https:\/\/ufec.cat\/insersport\/wp-json\/wp\/v2\/comments?post=1203"}],"version-history":[{"count":1,"href":"https:\/\/ufec.cat\/insersport\/wp-json\/wp\/v2\/pages\/1203\/revisions"}],"predecessor-version":[{"id":1267,"href":"https:\/\/ufec.cat\/insersport\/wp-json\/wp\/v2\/pages\/1203\/revisions\/1267"}],"wp:attachment":[{"href":"https:\/\/ufec.cat\/insersport\/wp-json\/wp\/v2\/media?parent=1203"}],"curies":[{"name":"wp","href":"https:\/\/api.w.org\/{rel}","templated":true}]}}