{"id":1209,"date":"2018-08-10T12:33:37","date_gmt":"2018-08-10T11:33:37","guid":{"rendered":"http:\/\/insersport.ufec.cat\/douae\/"},"modified":"2019-05-14T11:32:50","modified_gmt":"2019-05-14T10:32:50","slug":"douae","status":"publish","type":"page","link":"https:\/\/ufec.cat\/insersport\/douae\/","title":{"rendered":"Douae"},"content":{"rendered":"[vc_row type=&#8221;full_width_content&#8221; full_screen_row_position=&#8221;middle&#8221; equal_height=&#8221;yes&#8221; content_placement=&#8221;middle&#8221; full_height=&#8221;yes&#8221; columns_placement=&#8221;stretch&#8221; bg_color=&#8221;#951b81&#8243; scene_position=&#8221;center&#8221; text_color=&#8221;light&#8221; text_align=&#8221;left&#8221; overlay_strength=&#8221;0.3&#8243;][vc_column enable_animation=&#8221;true&#8221; animation=&#8221;fade-in-from-left&#8221; column_padding=&#8221;no-extra-padding&#8221; column_padding_position=&#8221;all&#8221; background_color_opacity=&#8221;1&#8243; background_hover_color_opacity=&#8221;1&#8243; background_image=&#8221;1206&#8243; column_shadow=&#8221;none&#8221; width=&#8221;1\/2&#8243; tablet_text_alignment=&#8221;default&#8221; phone_text_alignment=&#8221;default&#8221; column_border_width=&#8221;none&#8221; column_border_style=&#8221;solid&#8221; delay=&#8221;300&#8243;][\/vc_column][vc_column column_padding=&#8221;padding-10-percent&#8221; column_padding_position=&#8221;all&#8221; background_color_opacity=&#8221;1&#8243; background_hover_color_opacity=&#8221;1&#8243; column_shadow=&#8221;none&#8221; width=&#8221;1\/2&#8243; tablet_text_alignment=&#8221;default&#8221; phone_text_alignment=&#8221;default&#8221; column_border_width=&#8221;none&#8221; column_border_style=&#8221;solid&#8221;][vc_row_inner column_margin=&#8221;default&#8221; text_align=&#8221;left&#8221;][vc_column_inner enable_animation=&#8221;true&#8221; animation=&#8221;fade-in-from-bottom&#8221; column_padding=&#8221;no-extra-padding&#8221; column_padding_position=&#8221;all&#8221; background_color_opacity=&#8221;1&#8243; width=&#8221;1\/1&#8243; column_border_width=&#8221;none&#8221; column_border_style=&#8221;solid&#8221;][vc_custom_heading text=&#8221;Douae&#8221; font_container=&#8221;tag:h5|text_align:left|color:%23ffffff&#8221; use_theme_fonts=&#8221;yes&#8221; css=&#8221;.vc_custom_1557829968108{margin-bottom: 10px !important;}&#8221;][\/vc_column_inner][\/vc_row_inner][vc_row_inner column_margin=&#8221;default&#8221; text_align=&#8221;left&#8221;][vc_column_inner enable_animation=&#8221;true&#8221; animation=&#8221;fade-in-from-bottom&#8221; column_padding=&#8221;no-extra-padding&#8221; column_padding_position=&#8221;all&#8221; background_color_opacity=&#8221;1&#8243; width=&#8221;1\/1&#8243; column_border_width=&#8221;none&#8221; column_border_style=&#8221;solid&#8221; delay=&#8221;100&#8243;][vc_custom_heading text=&#8221;\u201cVull treballar de monitora de discapacitats i ser una atleta d\u2019alt nivell\u201d<i>.<\/i>&#8221; font_container=&#8221;tag:h2|font_size:40|text_align:left|line_height:50px&#8221; use_theme_fonts=&#8221;yes&#8221;][\/vc_column_inner][\/vc_row_inner][vc_row_inner column_margin=&#8221;default&#8221; text_align=&#8221;left&#8221;][vc_column_inner enable_animation=&#8221;true&#8221; animation=&#8221;fade-in-from-bottom&#8221; column_padding=&#8221;no-extra-padding&#8221; column_padding_position=&#8221;all&#8221; background_color_opacity=&#8221;1&#8243; width=&#8221;1\/1&#8243; column_border_width=&#8221;none&#8221; column_border_style=&#8221;solid&#8221; delay=&#8221;200&#8243;][vc_column_text css=&#8221;.vc_custom_1533900674008{margin-top: 30px !important;margin-bottom: 30px !important;}&#8221;]\n<h4><span style=\"font-weight: 400;\">La Douae va arribar del Marroc amb 12 anys. \u00c9s la m\u00e9s gran de quatre germans, dues noies i dos nois. Sovint ha hagut de fer-se c\u00e0rrec d\u2019ells. \u201cRecordo el primer dia d\u2019escola. Va venir una mestra i no l\u2019entenia. La mirava. Em va parlar en angl\u00e8s i tampoc l\u2019entenia. Vaig tenir por. Quan tornava a casa de l\u2019escola tamb\u00e9 tenia por de perdre\u2019m. Per sort tot va passar aviat\u201d, explica.<\/span><\/h4>\n<h4><span style=\"font-weight: 400;\">La seva experi\u00e8ncia vital l\u2019ha fet aprendre m\u00e9s r\u00e0pid, ser m\u00e9s organitzada i concentrar-se m\u00e9s en el que fa. L\u2019esport l\u2019ha ajudat molt. \u201cNo nom\u00e9s f\u00edsicament sin\u00f3 tamb\u00e9 en el terreny psicol\u00f2gic\u201d, admet la Douae.<\/span><\/h4>\n<h4><span style=\"font-weight: 400;\">Gr\u00e0cies a INSERsport ha pogut desenvolupar la seva passi\u00f3. \u201cDes que era petita m\u2019agradava l\u2019esport. Vaig fer un grau mig i una de les assignatures era entrenar persones amb discapacitat\u201d, explica. \u201c\u00c9s el que vull fer\u201d, diu. La Douae ha fet el curs de la Federaci\u00f3 Catalana d\u2019Esports per a Discapacitats Intel\u00b7lectuals (ACELL) amb el qual podr\u00e0 exercir com a auxiliar de monitor d\u2019esport i lleure adaptat per a persones amb aquest tipus de discapacitat. \u201cVull treballar d\u2019aix\u00f2 i ser una atleta d\u2019alt nivell internacional\u201d, afegeix.<\/span><\/h4>\n[\/vc_column_text][\/vc_column_inner][\/vc_row_inner][\/vc_column][\/vc_row]\n","protected":false},"excerpt":{"rendered":"<p>[vc_row type=&#8221;full_width_content&#8221; full_screen_row_position=&#8221;middle&#8221; equal_height=&#8221;yes&#8221; content_placement=&#8221;middle&#8221; full_height=&#8221;yes&#8221; columns_placement=&#8221;stretch&#8221; bg_color=&#8221;#951b81&#8243; scene_position=&#8221;center&#8221; text_color=&#8221;light&#8221; text_align=&#8221;left&#8221; overlay_strength=&#8221;0.3&#8243;][vc_column enable_animation=&#8221;true&#8221; animation=&#8221;fade-in-from-left&#8221; column_padding=&#8221;no-extra-padding&#8221; column_padding_position=&#8221;all&#8221; background_color_opacity=&#8221;1&#8243; background_hover_color_opacity=&#8221;1&#8243; background_image=&#8221;1206&#8243; column_shadow=&#8221;none&#8221; width=&#8221;1\/2&#8243; tablet_text_alignment=&#8221;default&#8221; phone_text_alignment=&#8221;default&#8221; column_border_width=&#8221;none&#8221; column_border_style=&#8221;solid&#8221; delay=&#8221;300&#8243;][\/vc_column][vc_column column_padding=&#8221;padding-10-percent&#8221; column_padding_position=&#8221;all&#8221; background_color_opacity=&#8221;1&#8243; background_hover_color_opacity=&#8221;1&#8243;&#8230;<\/p>\n","protected":false},"author":1,"featured_media":0,"parent":0,"menu_order":0,"comment_status":"closed","ping_status":"closed","template":"","meta":[],"_links":{"self":[{"href":"https:\/\/ufec.cat\/insersport\/wp-json\/wp\/v2\/pages\/1209"}],"collection":[{"href":"https:\/\/ufec.cat\/insersport\/wp-json\/wp\/v2\/pages"}],"about":[{"href":"https:\/\/ufec.cat\/insersport\/wp-json\/wp\/v2\/types\/page"}],"author":[{"embeddable":true,"href":"https:\/\/ufec.cat\/insersport\/wp-json\/wp\/v2\/users\/1"}],"replies":[{"embeddable":true,"href":"https:\/\/ufec.cat\/insersport\/wp-json\/wp\/v2\/comments?post=1209"}],"version-history":[{"count":1,"href":"https:\/\/ufec.cat\/insersport\/wp-json\/wp\/v2\/pages\/1209\/revisions"}],"predecessor-version":[{"id":1655,"href":"https:\/\/ufec.cat\/insersport\/wp-json\/wp\/v2\/pages\/1209\/revisions\/1655"}],"wp:attachment":[{"href":"https:\/\/ufec.cat\/insersport\/wp-json\/wp\/v2\/media?parent=1209"}],"curies":[{"name":"wp","href":"https:\/\/api.w.org\/{rel}","templated":true}]}}