{"id":1715,"date":"2019-05-15T11:34:01","date_gmt":"2019-05-15T10:34:01","guid":{"rendered":"http:\/\/insersport.ufec.cat\/?page_id=1715"},"modified":"2019-05-15T11:36:27","modified_gmt":"2019-05-15T10:36:27","slug":"jose-manuel","status":"publish","type":"page","link":"https:\/\/ufec.cat\/insersport\/jose-manuel\/","title":{"rendered":"Jos\u00e9 Manuel"},"content":{"rendered":"[vc_row type=&#8221;full_width_content&#8221; full_screen_row_position=&#8221;middle&#8221; equal_height=&#8221;yes&#8221; content_placement=&#8221;middle&#8221; full_height=&#8221;yes&#8221; columns_placement=&#8221;stretch&#8221; bg_color=&#8221;#d0c701&#8243; scene_position=&#8221;center&#8221; text_color=&#8221;light&#8221; text_align=&#8221;left&#8221; overlay_strength=&#8221;0.3&#8243;][vc_column enable_animation=&#8221;true&#8221; animation=&#8221;fade-in-from-left&#8221; column_padding=&#8221;no-extra-padding&#8221; column_padding_position=&#8221;all&#8221; background_color_opacity=&#8221;1&#8243; background_hover_color_opacity=&#8221;1&#8243; background_image=&#8221;1717&#8243; column_shadow=&#8221;none&#8221; width=&#8221;1\/2&#8243; tablet_text_alignment=&#8221;default&#8221; phone_text_alignment=&#8221;default&#8221; column_border_width=&#8221;none&#8221; column_border_style=&#8221;solid&#8221; delay=&#8221;300&#8243;][\/vc_column][vc_column column_padding=&#8221;padding-10-percent&#8221; column_padding_position=&#8221;all&#8221; background_color_opacity=&#8221;1&#8243; background_hover_color_opacity=&#8221;1&#8243; column_shadow=&#8221;none&#8221; width=&#8221;1\/2&#8243; tablet_text_alignment=&#8221;default&#8221; phone_text_alignment=&#8221;default&#8221; column_border_width=&#8221;none&#8221; column_border_style=&#8221;solid&#8221;][vc_row_inner column_margin=&#8221;default&#8221; text_align=&#8221;left&#8221;][vc_column_inner enable_animation=&#8221;true&#8221; animation=&#8221;fade-in-from-bottom&#8221; column_padding=&#8221;no-extra-padding&#8221; column_padding_position=&#8221;all&#8221; background_color_opacity=&#8221;1&#8243; width=&#8221;1\/1&#8243; column_border_width=&#8221;none&#8221; column_border_style=&#8221;solid&#8221;][vc_custom_heading text=&#8221;Jos\u00e9 Manuel&#8221; font_container=&#8221;tag:h5|text_align:left|color:%23ffffff&#8221; use_theme_fonts=&#8221;yes&#8221; css=&#8221;.vc_custom_1557916406135{margin-bottom: 10px !important;}&#8221;][\/vc_column_inner][\/vc_row_inner][vc_row_inner column_margin=&#8221;default&#8221; text_align=&#8221;left&#8221;][vc_column_inner enable_animation=&#8221;true&#8221; animation=&#8221;fade-in-from-bottom&#8221; column_padding=&#8221;no-extra-padding&#8221; column_padding_position=&#8221;all&#8221; background_color_opacity=&#8221;1&#8243; width=&#8221;1\/1&#8243; column_border_width=&#8221;none&#8221; column_border_style=&#8221;solid&#8221; delay=&#8221;100&#8243;][vc_custom_heading text=&#8221;\u201cLa nostra intenci\u00f3 \u00e9s brindar als nois unes hores de formaci\u00f3 perqu\u00e8 estiguin ocupats\u201d&#8221; font_container=&#8221;tag:h2|font_size:40|text_align:left|line_height:50px&#8221; use_theme_fonts=&#8221;yes&#8221;][\/vc_column_inner][\/vc_row_inner][vc_row_inner column_margin=&#8221;default&#8221; text_align=&#8221;left&#8221;][vc_column_inner enable_animation=&#8221;true&#8221; animation=&#8221;fade-in-from-bottom&#8221; column_padding=&#8221;no-extra-padding&#8221; column_padding_position=&#8221;all&#8221; background_color_opacity=&#8221;1&#8243; width=&#8221;1\/1&#8243; column_border_width=&#8221;none&#8221; column_border_style=&#8221;solid&#8221; delay=&#8221;200&#8243;][vc_column_text css=&#8221;.vc_custom_1557916434809{margin-top: 30px !important;margin-bottom: 30px !important;}&#8221;]Jos\u00e9 Manuel Vieitez \u00e9s un reglament ambulant del futbol sala que s\u2019ha afegit enguany al projecte d\u2019INSERsport. Despr\u00e9s d\u2019impartir formacions pel Consell Catal\u00e0 de l\u2019Esport i de sumar al m\u00f3n del xiulet joves en risc d\u2019exclusi\u00f3 social del Raval, va passar al Comit\u00e8 d\u2019\u00c0rbitres de Futbol Sala del Consell Escolar per, posteriorment, convertir-se en President dels \u00c0rbitres de la Federaci\u00f3 Catalana de Futbol del 1992 al 2005.<\/p>\n<p>Ara, Jos\u00e9 Manuel, tota una emin\u00e8ncia del sector, centra els seus esfor\u00e7os a ajudar els m\u00e9s desfavorits a trav\u00e9s de l\u2019esport que m\u00e9s s\u2019estima: \u201cla idea \u00e9s que vagin integrant-se; que estiguin ocupats els dissabtes a la tarda guanyant uns diners com a auxiliars de taula amb qu\u00e8 puguin ajudar a casa\u201d, afirma.<\/p>\n<p>Per sobre de l\u2019\u00e8xit de les classes, Vieitez destaca l\u2019ambient que s\u2019hi crea: \u201chem de tenir clar que molts dels nois tenen problemes per assimilar aquelles parts m\u00e9s complexes, per\u00f2 amb insist\u00e8ncia ho acaben aconseguint. Jo em quedo amb les ganes, l\u2019atenci\u00f3 i la curiositat que hi posen. S\u00f3n fant\u00e0stics\u201d, declara.<br \/>\n[\/vc_column_text][\/vc_column_inner][\/vc_row_inner][\/vc_column][\/vc_row]\n","protected":false},"excerpt":{"rendered":"<p>[vc_row type=&#8221;full_width_content&#8221; full_screen_row_position=&#8221;middle&#8221; equal_height=&#8221;yes&#8221; content_placement=&#8221;middle&#8221; full_height=&#8221;yes&#8221; columns_placement=&#8221;stretch&#8221; bg_color=&#8221;#d0c701&#8243; scene_position=&#8221;center&#8221; text_color=&#8221;light&#8221; text_align=&#8221;left&#8221; overlay_strength=&#8221;0.3&#8243;][vc_column enable_animation=&#8221;true&#8221; animation=&#8221;fade-in-from-left&#8221; column_padding=&#8221;no-extra-padding&#8221; column_padding_position=&#8221;all&#8221; background_color_opacity=&#8221;1&#8243; background_hover_color_opacity=&#8221;1&#8243; background_image=&#8221;1717&#8243; column_shadow=&#8221;none&#8221; width=&#8221;1\/2&#8243; tablet_text_alignment=&#8221;default&#8221; phone_text_alignment=&#8221;default&#8221; column_border_width=&#8221;none&#8221; column_border_style=&#8221;solid&#8221; delay=&#8221;300&#8243;][\/vc_column][vc_column column_padding=&#8221;padding-10-percent&#8221; column_padding_position=&#8221;all&#8221; background_color_opacity=&#8221;1&#8243; background_hover_color_opacity=&#8221;1&#8243;&#8230;<\/p>\n","protected":false},"author":1,"featured_media":0,"parent":0,"menu_order":0,"comment_status":"closed","ping_status":"closed","template":"","meta":[],"_links":{"self":[{"href":"https:\/\/ufec.cat\/insersport\/wp-json\/wp\/v2\/pages\/1715"}],"collection":[{"href":"https:\/\/ufec.cat\/insersport\/wp-json\/wp\/v2\/pages"}],"about":[{"href":"https:\/\/ufec.cat\/insersport\/wp-json\/wp\/v2\/types\/page"}],"author":[{"embeddable":true,"href":"https:\/\/ufec.cat\/insersport\/wp-json\/wp\/v2\/users\/1"}],"replies":[{"embeddable":true,"href":"https:\/\/ufec.cat\/insersport\/wp-json\/wp\/v2\/comments?post=1715"}],"version-history":[{"count":2,"href":"https:\/\/ufec.cat\/insersport\/wp-json\/wp\/v2\/pages\/1715\/revisions"}],"predecessor-version":[{"id":1718,"href":"https:\/\/ufec.cat\/insersport\/wp-json\/wp\/v2\/pages\/1715\/revisions\/1718"}],"wp:attachment":[{"href":"https:\/\/ufec.cat\/insersport\/wp-json\/wp\/v2\/media?parent=1715"}],"curies":[{"name":"wp","href":"https:\/\/api.w.org\/{rel}","templated":true}]}}