{"id":1745,"date":"2019-05-21T12:37:10","date_gmt":"2019-05-21T11:37:10","guid":{"rendered":"http:\/\/insersport.ufec.cat\/?page_id=1745"},"modified":"2019-05-21T12:38:11","modified_gmt":"2019-05-21T11:38:11","slug":"adria","status":"publish","type":"page","link":"https:\/\/ufec.cat\/insersport\/adria\/","title":{"rendered":"Adri\u00e0"},"content":{"rendered":"[vc_row type=&#8221;full_width_content&#8221; full_screen_row_position=&#8221;middle&#8221; equal_height=&#8221;yes&#8221; content_placement=&#8221;middle&#8221; full_height=&#8221;yes&#8221; columns_placement=&#8221;stretch&#8221; bg_color=&#8221;#d0c701&#8243; scene_position=&#8221;center&#8221; text_color=&#8221;light&#8221; text_align=&#8221;left&#8221; overlay_strength=&#8221;0.3&#8243;][vc_column enable_animation=&#8221;true&#8221; animation=&#8221;fade-in-from-left&#8221; column_padding=&#8221;no-extra-padding&#8221; column_padding_position=&#8221;all&#8221; background_color_opacity=&#8221;1&#8243; background_hover_color_opacity=&#8221;1&#8243; background_image=&#8221;1736&#8243; column_shadow=&#8221;none&#8221; width=&#8221;1\/2&#8243; tablet_text_alignment=&#8221;default&#8221; phone_text_alignment=&#8221;default&#8221; column_border_width=&#8221;none&#8221; column_border_style=&#8221;solid&#8221; delay=&#8221;300&#8243;][\/vc_column][vc_column column_padding=&#8221;padding-10-percent&#8221; column_padding_position=&#8221;all&#8221; background_color_opacity=&#8221;1&#8243; background_hover_color_opacity=&#8221;1&#8243; column_shadow=&#8221;none&#8221; width=&#8221;1\/2&#8243; tablet_text_alignment=&#8221;default&#8221; phone_text_alignment=&#8221;default&#8221; column_border_width=&#8221;none&#8221; column_border_style=&#8221;solid&#8221;][vc_row_inner column_margin=&#8221;default&#8221; text_align=&#8221;left&#8221;][vc_column_inner enable_animation=&#8221;true&#8221; animation=&#8221;fade-in-from-bottom&#8221; column_padding=&#8221;no-extra-padding&#8221; column_padding_position=&#8221;all&#8221; background_color_opacity=&#8221;1&#8243; width=&#8221;1\/1&#8243; column_border_width=&#8221;none&#8221; column_border_style=&#8221;solid&#8221;][vc_custom_heading text=&#8221;Adri\u00e0&#8221; font_container=&#8221;tag:h5|text_align:left|color:%23ffffff&#8221; use_theme_fonts=&#8221;yes&#8221; css=&#8221;.vc_custom_1558438518550{margin-bottom: 10px !important;}&#8221;][\/vc_column_inner][\/vc_row_inner][vc_row_inner column_margin=&#8221;default&#8221; text_align=&#8221;left&#8221;][vc_column_inner enable_animation=&#8221;true&#8221; animation=&#8221;fade-in-from-bottom&#8221; column_padding=&#8221;no-extra-padding&#8221; column_padding_position=&#8221;all&#8221; background_color_opacity=&#8221;1&#8243; width=&#8221;1\/1&#8243; column_border_width=&#8221;none&#8221; column_border_style=&#8221;solid&#8221; delay=&#8221;100&#8243;][vc_custom_heading text=&#8221;\u201cL\u2019entorn \u00e9s clau quan et vols apuntar a una formaci\u00f3: que els pares posin pals a les rodes no \u00e9s el mateix que l\u2019aprovin\u201d&#8221; font_container=&#8221;tag:h2|font_size:40|text_align:left|line_height:50px&#8221; use_theme_fonts=&#8221;yes&#8221;][\/vc_column_inner][\/vc_row_inner][vc_row_inner column_margin=&#8221;default&#8221; text_align=&#8221;left&#8221;][vc_column_inner enable_animation=&#8221;true&#8221; animation=&#8221;fade-in-from-bottom&#8221; column_padding=&#8221;no-extra-padding&#8221; column_padding_position=&#8221;all&#8221; background_color_opacity=&#8221;1&#8243; width=&#8221;1\/1&#8243; column_border_width=&#8221;none&#8221; column_border_style=&#8221;solid&#8221; delay=&#8221;200&#8243;][vc_column_text css=&#8221;.vc_custom_1558438573369{margin-top: 30px !important;margin-bottom: 30px !important;}&#8221;]\n<h4><span style=\"font-weight: 400;\">Vital, positiu i resolt. Aix\u00ed se\u2019ns revela l\u2019Adri\u00e0, un dels nostres joves d\u2019INSERsport en plena formaci\u00f3 per aconseguir la seva primera llic\u00e8ncia de monitor de futbol. En ella, l\u2019Adri\u00e0 ha trobat una bona manera d\u2019extrapolar al m\u00f3n laboral la seva passi\u00f3 pel futbol: \u201cNom\u00e9s penso a treure\u2019m el carnet de monitor i seguir acumulant coneixements. M\u2019agrada que les classes et permetin aprofundir en la normativa o aprendre a preparar un entrenament\u201d.<\/span><\/h4>\n<h4><span style=\"font-weight: 400;\">A m\u00e9s dels conceptes apresos, l\u2019Adri\u00e0 exalta tamb\u00e9 l\u2019ambient que s\u2019ha creat amb companys i equip de formaci\u00f3, i, sobretot, la figura dels qui l\u2019han perm\u00e8s ser aqu\u00ed: \u201cEls meus pares m\u2019han donat suport en tot moment en les meves decisions. Saben que l\u2019esport em fascina. Ells s\u00f3n els qui m\u2019han inculcat valors tan positius com l\u2019empenta, l\u2019educaci\u00f3 i la humilitat de treballar cada dia\u201d.<\/span><\/h4>\n<h4><span style=\"font-weight: 400;\">Per tots aquests motius, l\u2019Adri\u00e0 no dubta si repetiria l\u2019experi\u00e8ncia: \u201cUn curs que et permet accedir a qualsevol club i amb tanta implicaci\u00f3 de tots els qui participen no es pot deixar passar\u201d, sent\u00e8ncia agra\u00eft.<\/span><\/h4>\n[\/vc_column_text][\/vc_column_inner][\/vc_row_inner][\/vc_column][\/vc_row]\n","protected":false},"excerpt":{"rendered":"<p>[vc_row type=&#8221;full_width_content&#8221; full_screen_row_position=&#8221;middle&#8221; equal_height=&#8221;yes&#8221; content_placement=&#8221;middle&#8221; full_height=&#8221;yes&#8221; columns_placement=&#8221;stretch&#8221; bg_color=&#8221;#d0c701&#8243; scene_position=&#8221;center&#8221; text_color=&#8221;light&#8221; text_align=&#8221;left&#8221; overlay_strength=&#8221;0.3&#8243;][vc_column enable_animation=&#8221;true&#8221; animation=&#8221;fade-in-from-left&#8221; column_padding=&#8221;no-extra-padding&#8221; column_padding_position=&#8221;all&#8221; background_color_opacity=&#8221;1&#8243; background_hover_color_opacity=&#8221;1&#8243; background_image=&#8221;1736&#8243; column_shadow=&#8221;none&#8221; width=&#8221;1\/2&#8243; tablet_text_alignment=&#8221;default&#8221; phone_text_alignment=&#8221;default&#8221; column_border_width=&#8221;none&#8221; column_border_style=&#8221;solid&#8221; delay=&#8221;300&#8243;][\/vc_column][vc_column column_padding=&#8221;padding-10-percent&#8221; column_padding_position=&#8221;all&#8221; background_color_opacity=&#8221;1&#8243; background_hover_color_opacity=&#8221;1&#8243;&#8230;<\/p>\n","protected":false},"author":1,"featured_media":0,"parent":0,"menu_order":0,"comment_status":"closed","ping_status":"closed","template":"","meta":[],"_links":{"self":[{"href":"https:\/\/ufec.cat\/insersport\/wp-json\/wp\/v2\/pages\/1745"}],"collection":[{"href":"https:\/\/ufec.cat\/insersport\/wp-json\/wp\/v2\/pages"}],"about":[{"href":"https:\/\/ufec.cat\/insersport\/wp-json\/wp\/v2\/types\/page"}],"author":[{"embeddable":true,"href":"https:\/\/ufec.cat\/insersport\/wp-json\/wp\/v2\/users\/1"}],"replies":[{"embeddable":true,"href":"https:\/\/ufec.cat\/insersport\/wp-json\/wp\/v2\/comments?post=1745"}],"version-history":[{"count":2,"href":"https:\/\/ufec.cat\/insersport\/wp-json\/wp\/v2\/pages\/1745\/revisions"}],"predecessor-version":[{"id":1747,"href":"https:\/\/ufec.cat\/insersport\/wp-json\/wp\/v2\/pages\/1745\/revisions\/1747"}],"wp:attachment":[{"href":"https:\/\/ufec.cat\/insersport\/wp-json\/wp\/v2\/media?parent=1745"}],"curies":[{"name":"wp","href":"https:\/\/api.w.org\/{rel}","templated":true}]}}