{"id":1748,"date":"2019-05-21T12:40:10","date_gmt":"2019-05-21T11:40:10","guid":{"rendered":"http:\/\/insersport.ufec.cat\/?page_id=1748"},"modified":"2019-05-21T16:47:34","modified_gmt":"2019-05-21T15:47:34","slug":"eric","status":"publish","type":"page","link":"https:\/\/ufec.cat\/insersport\/eric\/","title":{"rendered":"\u00c8ric"},"content":{"rendered":"[vc_row type=&#8221;full_width_content&#8221; full_screen_row_position=&#8221;middle&#8221; equal_height=&#8221;yes&#8221; content_placement=&#8221;middle&#8221; full_height=&#8221;yes&#8221; columns_placement=&#8221;stretch&#8221; bg_color=&#8221;#d0c701&#8243; scene_position=&#8221;center&#8221; text_color=&#8221;light&#8221; text_align=&#8221;left&#8221; overlay_strength=&#8221;0.3&#8243;][vc_column enable_animation=&#8221;true&#8221; animation=&#8221;fade-in-from-left&#8221; column_padding=&#8221;no-extra-padding&#8221; column_padding_position=&#8221;all&#8221; background_color_opacity=&#8221;1&#8243; background_hover_color_opacity=&#8221;1&#8243; background_image=&#8221;1742&#8243; column_shadow=&#8221;none&#8221; width=&#8221;1\/2&#8243; tablet_text_alignment=&#8221;default&#8221; phone_text_alignment=&#8221;default&#8221; column_border_width=&#8221;none&#8221; column_border_style=&#8221;solid&#8221; delay=&#8221;300&#8243;][\/vc_column][vc_column column_padding=&#8221;padding-10-percent&#8221; column_padding_position=&#8221;all&#8221; background_color_opacity=&#8221;1&#8243; background_hover_color_opacity=&#8221;1&#8243; column_shadow=&#8221;none&#8221; width=&#8221;1\/2&#8243; tablet_text_alignment=&#8221;default&#8221; phone_text_alignment=&#8221;default&#8221; column_border_width=&#8221;none&#8221; column_border_style=&#8221;solid&#8221;][vc_row_inner column_margin=&#8221;default&#8221; text_align=&#8221;left&#8221;][vc_column_inner enable_animation=&#8221;true&#8221; animation=&#8221;fade-in-from-bottom&#8221; column_padding=&#8221;no-extra-padding&#8221; column_padding_position=&#8221;all&#8221; background_color_opacity=&#8221;1&#8243; width=&#8221;1\/1&#8243; column_border_width=&#8221;none&#8221; column_border_style=&#8221;solid&#8221;][vc_custom_heading text=&#8221;\u00c8ric&#8221; font_container=&#8221;tag:h5|text_align:left|color:%23ffffff&#8221; use_theme_fonts=&#8221;yes&#8221; css=&#8221;.vc_custom_1558438733833{margin-bottom: 10px !important;}&#8221;][\/vc_column_inner][\/vc_row_inner][vc_row_inner column_margin=&#8221;default&#8221; text_align=&#8221;left&#8221;][vc_column_inner enable_animation=&#8221;true&#8221; animation=&#8221;fade-in-from-bottom&#8221; column_padding=&#8221;no-extra-padding&#8221; column_padding_position=&#8221;all&#8221; background_color_opacity=&#8221;1&#8243; width=&#8221;1\/1&#8243; column_border_width=&#8221;none&#8221; column_border_style=&#8221;solid&#8221; delay=&#8221;100&#8243;][vc_custom_heading text=&#8221;\u201cEls formadors i psic\u00f2legs s\u00f3n emp\u00e0tics i comprensius, per\u00f2 el m\u00e9s important \u00e9s que ens tracten com a iguals\u201d&#8221; font_container=&#8221;tag:h2|font_size:40|text_align:left|line_height:50px&#8221; use_theme_fonts=&#8221;yes&#8221;][\/vc_column_inner][\/vc_row_inner][vc_row_inner column_margin=&#8221;default&#8221; text_align=&#8221;left&#8221;][vc_column_inner enable_animation=&#8221;true&#8221; animation=&#8221;fade-in-from-bottom&#8221; column_padding=&#8221;no-extra-padding&#8221; column_padding_position=&#8221;all&#8221; background_color_opacity=&#8221;1&#8243; width=&#8221;1\/1&#8243; column_border_width=&#8221;none&#8221; column_border_style=&#8221;solid&#8221; delay=&#8221;200&#8243;][vc_column_text css=&#8221;.vc_custom_1558453650438{margin-top: 30px !important;margin-bottom: 30px !important;}&#8221;]\n<h4><span style=\"font-weight: 400;\">La convicci\u00f3 i vehem\u00e8ncia amb qu\u00e8 l\u2019\u00c8ric encara la vida suposen un exemple paradigm\u00e0tic de maduraci\u00f3 preco\u00e7 i obligada. Marcat per la partida del seu pare a Xile, que des d\u2019all\u00e0 l\u2019encoratja a perseguir els seus somnis, l\u2019\u00c8ric s\u2019ha obert pas al m\u00f3n a base d\u2019esfor\u00e7 i confian\u00e7a en si mateix. La mateixa que irradia quan s\u2019aventura a dir que en deu anys es veu \u201centrenant l\u2019Atl\u00e8tic de Madrid\u201d o amb qu\u00e8 expressa uns prop\u00f2sits m\u00e9s realistes: \u201cen acabar l\u2019ESO, far\u00e9 un cicle d\u2019esports i, posteriorment, anir\u00e9 a la universitat a fer CAFE\u201d.<\/span><\/h4>\n<h4><span style=\"font-weight: 400;\">Arribat a INSERsport despr\u00e9s que a les oficines del seu club, el Can Rull de Sabadell, li recomanessin el curs, l\u2019\u00c8ric s\u2019ha convertit en un dels membres m\u00e9s estimats del grup. \u201cEl concepte de companys se\u2019ns queda curt ja, ara som molt bons amics\u201d, explica el jove, que tamb\u00e9 valora positivament la tasca dels professionals que envolten el grup per la seva empatia i comprensi\u00f3.<\/span><\/h4>\n<h4><span style=\"font-weight: 400;\">M\u00e9s enll\u00e0 de la satisfacci\u00f3 social, \u00c8ric destaca l\u2019assumpci\u00f3 de coneixements que el projecte brinda com el millor regal que s\u2019enduu: \u201cINSERsport \u00e9s una gran experi\u00e8ncia perqu\u00e8 et brinda una perspectiva diferent del futbol: ja no penso nom\u00e9s com a davanter, sin\u00f3 que tinc una visi\u00f3 m\u00e9s completa que enriqueix el meu joc\u201d.<\/span><\/h4>\n[\/vc_column_text][\/vc_column_inner][\/vc_row_inner][\/vc_column][\/vc_row]\n","protected":false},"excerpt":{"rendered":"<p>[vc_row type=&#8221;full_width_content&#8221; full_screen_row_position=&#8221;middle&#8221; equal_height=&#8221;yes&#8221; content_placement=&#8221;middle&#8221; full_height=&#8221;yes&#8221; columns_placement=&#8221;stretch&#8221; bg_color=&#8221;#d0c701&#8243; scene_position=&#8221;center&#8221; text_color=&#8221;light&#8221; text_align=&#8221;left&#8221; overlay_strength=&#8221;0.3&#8243;][vc_column enable_animation=&#8221;true&#8221; animation=&#8221;fade-in-from-left&#8221; column_padding=&#8221;no-extra-padding&#8221; column_padding_position=&#8221;all&#8221; background_color_opacity=&#8221;1&#8243; background_hover_color_opacity=&#8221;1&#8243; background_image=&#8221;1742&#8243; column_shadow=&#8221;none&#8221; width=&#8221;1\/2&#8243; tablet_text_alignment=&#8221;default&#8221; phone_text_alignment=&#8221;default&#8221; column_border_width=&#8221;none&#8221; column_border_style=&#8221;solid&#8221; delay=&#8221;300&#8243;][\/vc_column][vc_column column_padding=&#8221;padding-10-percent&#8221; column_padding_position=&#8221;all&#8221; background_color_opacity=&#8221;1&#8243; background_hover_color_opacity=&#8221;1&#8243;&#8230;<\/p>\n","protected":false},"author":1,"featured_media":0,"parent":0,"menu_order":0,"comment_status":"closed","ping_status":"closed","template":"","meta":[],"_links":{"self":[{"href":"https:\/\/ufec.cat\/insersport\/wp-json\/wp\/v2\/pages\/1748"}],"collection":[{"href":"https:\/\/ufec.cat\/insersport\/wp-json\/wp\/v2\/pages"}],"about":[{"href":"https:\/\/ufec.cat\/insersport\/wp-json\/wp\/v2\/types\/page"}],"author":[{"embeddable":true,"href":"https:\/\/ufec.cat\/insersport\/wp-json\/wp\/v2\/users\/1"}],"replies":[{"embeddable":true,"href":"https:\/\/ufec.cat\/insersport\/wp-json\/wp\/v2\/comments?post=1748"}],"version-history":[{"count":2,"href":"https:\/\/ufec.cat\/insersport\/wp-json\/wp\/v2\/pages\/1748\/revisions"}],"predecessor-version":[{"id":1760,"href":"https:\/\/ufec.cat\/insersport\/wp-json\/wp\/v2\/pages\/1748\/revisions\/1760"}],"wp:attachment":[{"href":"https:\/\/ufec.cat\/insersport\/wp-json\/wp\/v2\/media?parent=1748"}],"curies":[{"name":"wp","href":"https:\/\/api.w.org\/{rel}","templated":true}]}}