{"id":1750,"date":"2019-05-21T12:42:05","date_gmt":"2019-05-21T11:42:05","guid":{"rendered":"http:\/\/insersport.ufec.cat\/?page_id=1750"},"modified":"2019-07-17T10:38:09","modified_gmt":"2019-07-17T09:38:09","slug":"mohamed","status":"publish","type":"page","link":"https:\/\/ufec.cat\/insersport\/mohamed\/","title":{"rendered":"Mohamed"},"content":{"rendered":"[vc_row type=&#8221;full_width_content&#8221; full_screen_row_position=&#8221;middle&#8221; equal_height=&#8221;yes&#8221; content_placement=&#8221;middle&#8221; full_height=&#8221;yes&#8221; columns_placement=&#8221;stretch&#8221; bg_color=&#8221;#d0c701&#8243; scene_position=&#8221;center&#8221; text_color=&#8221;light&#8221; text_align=&#8221;left&#8221; overlay_strength=&#8221;0.3&#8243;][vc_column enable_animation=&#8221;true&#8221; animation=&#8221;fade-in-from-left&#8221; column_padding=&#8221;no-extra-padding&#8221; column_padding_position=&#8221;all&#8221; background_color_opacity=&#8221;1&#8243; background_hover_color_opacity=&#8221;1&#8243; background_image=&#8221;1743&#8243; column_shadow=&#8221;none&#8221; width=&#8221;1\/2&#8243; tablet_text_alignment=&#8221;default&#8221; phone_text_alignment=&#8221;default&#8221; column_border_width=&#8221;none&#8221; column_border_style=&#8221;solid&#8221; delay=&#8221;300&#8243;][\/vc_column][vc_column column_padding=&#8221;padding-10-percent&#8221; column_padding_position=&#8221;all&#8221; background_color_opacity=&#8221;1&#8243; background_hover_color_opacity=&#8221;1&#8243; column_shadow=&#8221;none&#8221; width=&#8221;1\/2&#8243; tablet_text_alignment=&#8221;default&#8221; phone_text_alignment=&#8221;default&#8221; column_border_width=&#8221;none&#8221; column_border_style=&#8221;solid&#8221;][vc_row_inner column_margin=&#8221;default&#8221; text_align=&#8221;left&#8221;][vc_column_inner enable_animation=&#8221;true&#8221; animation=&#8221;fade-in-from-bottom&#8221; column_padding=&#8221;no-extra-padding&#8221; column_padding_position=&#8221;all&#8221; background_color_opacity=&#8221;1&#8243; width=&#8221;1\/1&#8243; column_border_width=&#8221;none&#8221; column_border_style=&#8221;solid&#8221;][vc_custom_heading text=&#8221;Mohamed&#8221; font_container=&#8221;tag:h5|text_align:left|color:%23ffffff&#8221; use_theme_fonts=&#8221;yes&#8221; css=&#8221;.vc_custom_1558438849918{margin-bottom: 10px !important;}&#8221;][\/vc_column_inner][\/vc_row_inner][vc_row_inner column_margin=&#8221;default&#8221; text_align=&#8221;left&#8221;][vc_column_inner enable_animation=&#8221;true&#8221; animation=&#8221;fade-in-from-bottom&#8221; column_padding=&#8221;no-extra-padding&#8221; column_padding_position=&#8221;all&#8221; background_color_opacity=&#8221;1&#8243; width=&#8221;1\/1&#8243; column_border_width=&#8221;none&#8221; column_border_style=&#8221;solid&#8221; delay=&#8221;100&#8243;][vc_custom_heading text=&#8221;\u201cEn el futur m\u2019agradaria ser metge o seguir ampliant la meva experi\u00e8ncia com a entrenador\u201d&#8221; font_container=&#8221;tag:h2|font_size:40|text_align:left|line_height:50px&#8221; use_theme_fonts=&#8221;yes&#8221;][\/vc_column_inner][\/vc_row_inner][vc_row_inner column_margin=&#8221;default&#8221; text_align=&#8221;left&#8221;][vc_column_inner enable_animation=&#8221;true&#8221; animation=&#8221;fade-in-from-bottom&#8221; column_padding=&#8221;no-extra-padding&#8221; column_padding_position=&#8221;all&#8221; background_color_opacity=&#8221;1&#8243; width=&#8221;1\/1&#8243; column_border_width=&#8221;none&#8221; column_border_style=&#8221;solid&#8221; delay=&#8221;200&#8243;][vc_column_text css=&#8221;.vc_custom_1558438923527{margin-top: 30px !important;margin-bottom: 30px !important;}&#8221;]\n<h4><span style=\"font-weight: 400;\">Mohamed \u00e9s un jove estudi\u00f3s interessat en l\u2019art d\u2019entrenar. Ja als 13 anys va assumir les regnes de l\u2019alev\u00ed de la Planada, club de Sabadell, com a segon entrenador. Arribat al nostre pa\u00eds amb nom\u00e9s dos mesos, posa el focus en la seva fam\u00edlia com a clau del bon cam\u00ed que, de moment, ha seguit la seva vida: \u201cA casa ens han inculcat dos valors fonamentals a mi i als meus tres germans. El respecte i l\u2019educaci\u00f3\u201d. A for\u00e7a de veure els seus pares treballar, en va aprendre un d\u2019extra sense que ning\u00fa li hagu\u00e9s d\u2019evidenciar: que tot s\u2019aconsegueix amb esfor\u00e7. <\/span><\/h4>\n<h4><span style=\"font-weight: 400;\">Per aquesta ra\u00f3, ha estat capa\u00e7 de compaginar durant tres mesos el curs per obtenir la llic\u00e8ncia de monitor de futbol amb els seus estudis del batxillerat cient\u00edfic: \u201cVinc a INSERsport amb molta il\u00b7lusi\u00f3. Posar-me a estudiar em costa una mica m\u00e9s, per\u00f2 li acabo dedicant moltes hores\u201d, explica rient. <\/span><\/h4>\n<h4><span style=\"font-weight: 400;\">Com la resta dels seus companys, valora enormement l\u2019ensenyament hum\u00e0 i pr\u00e0ctic que de la formaci\u00f3 n\u2019ha extret: \u201cTotes les persones amb qui m\u2019he trobat eren fant\u00e0stiques. Les assignatures tamb\u00e9 s\u00f3n molt \u00fatils i aplicables en diversos \u00e0mbits. L\u2019hora de psicologia dels dijous, per exemple, ajuda amb el control de les emocions i enriqueix la comunicaci\u00f3\u201d, declara Mohamed, encantat amb el seu pas per INSERsport. <\/span><\/h4>\n[\/vc_column_text][\/vc_column_inner][\/vc_row_inner][\/vc_column][\/vc_row][vc_row type=&#8221;full_width_background&#8221; full_screen_row_position=&#8221;middle&#8221; bg_image=&#8221;1983&#8243; bg_position=&#8221;left top&#8221; bg_repeat=&#8221;no-repeat&#8221; scene_position=&#8221;center&#8221; text_color=&#8221;dark&#8221; text_align=&#8221;left&#8221; top_padding=&#8221;15%&#8221; bottom_padding=&#8221;15%&#8221; overlay_strength=&#8221;0.3&#8243;][vc_column centered_text=&#8221;true&#8221; column_padding=&#8221;no-extra-padding&#8221; column_padding_position=&#8221;all&#8221; background_color_opacity=&#8221;1&#8243; background_hover_color_opacity=&#8221;1&#8243; column_shadow=&#8221;none&#8221; width=&#8221;1\/1&#8243; tablet_text_alignment=&#8221;default&#8221; phone_text_alignment=&#8221;default&#8221; column_border_width=&#8221;none&#8221; column_border_style=&#8221;solid&#8221;][nectar_video_lightbox link_style=&#8221;play_button_with_text&#8221; nectar_play_button_color=&#8221;Extra-Color-1&#8243; font_style=&#8221;h3&#8243; video_url=&#8221;https:\/\/www.youtube.com\/watch?v=-NblJIlxIZI&#8221; link_text=&#8221;Coneix al Mohamed&#8221;][\/vc_column][\/vc_row]\n","protected":false},"excerpt":{"rendered":"<p>[vc_row type=&#8221;full_width_content&#8221; full_screen_row_position=&#8221;middle&#8221; equal_height=&#8221;yes&#8221; content_placement=&#8221;middle&#8221; full_height=&#8221;yes&#8221; columns_placement=&#8221;stretch&#8221; bg_color=&#8221;#d0c701&#8243; scene_position=&#8221;center&#8221; text_color=&#8221;light&#8221; text_align=&#8221;left&#8221; overlay_strength=&#8221;0.3&#8243;][vc_column enable_animation=&#8221;true&#8221; animation=&#8221;fade-in-from-left&#8221; column_padding=&#8221;no-extra-padding&#8221; column_padding_position=&#8221;all&#8221; background_color_opacity=&#8221;1&#8243; background_hover_color_opacity=&#8221;1&#8243; background_image=&#8221;1743&#8243; column_shadow=&#8221;none&#8221; width=&#8221;1\/2&#8243; tablet_text_alignment=&#8221;default&#8221; phone_text_alignment=&#8221;default&#8221; column_border_width=&#8221;none&#8221; column_border_style=&#8221;solid&#8221; delay=&#8221;300&#8243;][\/vc_column][vc_column column_padding=&#8221;padding-10-percent&#8221; column_padding_position=&#8221;all&#8221; background_color_opacity=&#8221;1&#8243; background_hover_color_opacity=&#8221;1&#8243;&#8230;<\/p>\n","protected":false},"author":1,"featured_media":0,"parent":0,"menu_order":0,"comment_status":"closed","ping_status":"closed","template":"","meta":[],"_links":{"self":[{"href":"https:\/\/ufec.cat\/insersport\/wp-json\/wp\/v2\/pages\/1750"}],"collection":[{"href":"https:\/\/ufec.cat\/insersport\/wp-json\/wp\/v2\/pages"}],"about":[{"href":"https:\/\/ufec.cat\/insersport\/wp-json\/wp\/v2\/types\/page"}],"author":[{"embeddable":true,"href":"https:\/\/ufec.cat\/insersport\/wp-json\/wp\/v2\/users\/1"}],"replies":[{"embeddable":true,"href":"https:\/\/ufec.cat\/insersport\/wp-json\/wp\/v2\/comments?post=1750"}],"version-history":[{"count":5,"href":"https:\/\/ufec.cat\/insersport\/wp-json\/wp\/v2\/pages\/1750\/revisions"}],"predecessor-version":[{"id":1990,"href":"https:\/\/ufec.cat\/insersport\/wp-json\/wp\/v2\/pages\/1750\/revisions\/1990"}],"wp:attachment":[{"href":"https:\/\/ufec.cat\/insersport\/wp-json\/wp\/v2\/media?parent=1750"}],"curies":[{"name":"wp","href":"https:\/\/api.w.org\/{rel}","templated":true}]}}