{"id":1774,"date":"2019-05-23T09:24:38","date_gmt":"2019-05-23T08:24:38","guid":{"rendered":"http:\/\/insersport.ufec.cat\/?page_id=1774"},"modified":"2019-05-23T09:27:27","modified_gmt":"2019-05-23T08:27:27","slug":"eduardo","status":"publish","type":"page","link":"https:\/\/ufec.cat\/insersport\/eduardo\/","title":{"rendered":"Eduardo"},"content":{"rendered":"[vc_row type=&#8221;full_width_content&#8221; full_screen_row_position=&#8221;middle&#8221; equal_height=&#8221;yes&#8221; content_placement=&#8221;middle&#8221; full_height=&#8221;yes&#8221; columns_placement=&#8221;stretch&#8221; bg_color=&#8221;#d0c701&#8243; scene_position=&#8221;center&#8221; text_color=&#8221;light&#8221; text_align=&#8221;left&#8221; overlay_strength=&#8221;0.3&#8243;][vc_column enable_animation=&#8221;true&#8221; animation=&#8221;fade-in-from-left&#8221; column_padding=&#8221;no-extra-padding&#8221; column_padding_position=&#8221;all&#8221; background_color_opacity=&#8221;1&#8243; background_hover_color_opacity=&#8221;1&#8243; background_image=&#8221;1776&#8243; column_shadow=&#8221;none&#8221; width=&#8221;1\/2&#8243; tablet_text_alignment=&#8221;default&#8221; phone_text_alignment=&#8221;default&#8221; column_border_width=&#8221;none&#8221; column_border_style=&#8221;solid&#8221; delay=&#8221;300&#8243;][\/vc_column][vc_column column_padding=&#8221;padding-10-percent&#8221; column_padding_position=&#8221;all&#8221; background_color_opacity=&#8221;1&#8243; background_hover_color_opacity=&#8221;1&#8243; column_shadow=&#8221;none&#8221; width=&#8221;1\/2&#8243; tablet_text_alignment=&#8221;default&#8221; phone_text_alignment=&#8221;default&#8221; column_border_width=&#8221;none&#8221; column_border_style=&#8221;solid&#8221;][vc_row_inner column_margin=&#8221;default&#8221; text_align=&#8221;left&#8221;][vc_column_inner enable_animation=&#8221;true&#8221; animation=&#8221;fade-in-from-bottom&#8221; column_padding=&#8221;no-extra-padding&#8221; column_padding_position=&#8221;all&#8221; background_color_opacity=&#8221;1&#8243; width=&#8221;1\/1&#8243; column_border_width=&#8221;none&#8221; column_border_style=&#8221;solid&#8221;][vc_custom_heading text=&#8221;Eduardo&#8221; font_container=&#8221;tag:h5|text_align:left|color:%23ffffff&#8221; use_theme_fonts=&#8221;yes&#8221; css=&#8221;.vc_custom_1558599838358{margin-bottom: 10px !important;}&#8221;][\/vc_column_inner][\/vc_row_inner][vc_row_inner column_margin=&#8221;default&#8221; text_align=&#8221;left&#8221;][vc_column_inner enable_animation=&#8221;true&#8221; animation=&#8221;fade-in-from-bottom&#8221; column_padding=&#8221;no-extra-padding&#8221; column_padding_position=&#8221;all&#8221; background_color_opacity=&#8221;1&#8243; width=&#8221;1\/1&#8243; column_border_width=&#8221;none&#8221; column_border_style=&#8221;solid&#8221; delay=&#8221;100&#8243;][vc_custom_heading text=&#8221;\u201cAdoro la motivaci\u00f3 d\u2019aquests nois. S\u00f3n capa\u00e7os d\u2019acabar per terra nom\u00e9s per fer un gol amb la jugada que hem tra\u00e7at dins l\u2019aula\u201d&#8221; font_container=&#8221;tag:h2|font_size:40|text_align:left|line_height:50px&#8221; use_theme_fonts=&#8221;yes&#8221;][\/vc_column_inner][\/vc_row_inner][vc_row_inner column_margin=&#8221;default&#8221; text_align=&#8221;left&#8221;][vc_column_inner enable_animation=&#8221;true&#8221; animation=&#8221;fade-in-from-bottom&#8221; column_padding=&#8221;no-extra-padding&#8221; column_padding_position=&#8221;all&#8221; background_color_opacity=&#8221;1&#8243; width=&#8221;1\/1&#8243; column_border_width=&#8221;none&#8221; column_border_style=&#8221;solid&#8221; delay=&#8221;200&#8243;][vc_column_text css=&#8221;.vc_custom_1558599875661{margin-top: 30px !important;margin-bottom: 30px !important;}&#8221;]Nom\u00e9s porta dos anys impartint formacions, sent aquest el primer amb nois en risc d\u2019exclusi\u00f3 social, per\u00f2 l\u2019Eduardo ja comen\u00e7a a percebre la gratitud i reconeixement que la seva feina genera. \u201cEl grup que m\u2019ha tocat \u00e9s fant\u00e0stic. Fins i tot en les estones te\u00f2riques, que poden allargar-se de tres a quatre hores, responen amb atenci\u00f3 i curiositat\u201d, explica el formador, tot trencant qualsevol generalitzaci\u00f3 estigm\u00e0tica associada a la concentraci\u00f3 d\u2019aquests joves.<\/p>\n<p>En aquest sentit, l\u2019Eduardo justifica un inter\u00e8s que li sembla l\u00f2gic: \u201cen el moment que esculls una formaci\u00f3 esportiva, les ganes d\u2019aprendre i la motivaci\u00f3 ja existeixen\u201d. L\u2019elecci\u00f3 d\u2019impartir tem\u00e0tiques pr\u00e0ctiques que reforcin la implicaci\u00f3 dels membres del grup tamb\u00e9 hi contribueix: \u201cels parlo de noves tecnologies aplicades a l\u2019esport, accions que han de dur a terme els jugadors sobre el camp o compet\u00e8ncies transversals que ajuden els atletes a cr\u00e9ixer com a persones\u201d.<\/p>\n<p>Ni tan sols alguns casos a\u00efllats d\u2019absentisme suposen un problema per a la formaci\u00f3 segons Eduardo: \u201cS\u2019entenen i respecten perqu\u00e8 poden tenir una relaci\u00f3 complicada amb els seus entorns. A m\u00e9s, sempre hi ha una implicaci\u00f3 compensat\u00f2ria posterior\u201d.<br \/>\n[\/vc_column_text][\/vc_column_inner][\/vc_row_inner][\/vc_column][\/vc_row]\n","protected":false},"excerpt":{"rendered":"<p>[vc_row type=&#8221;full_width_content&#8221; full_screen_row_position=&#8221;middle&#8221; equal_height=&#8221;yes&#8221; content_placement=&#8221;middle&#8221; full_height=&#8221;yes&#8221; columns_placement=&#8221;stretch&#8221; bg_color=&#8221;#d0c701&#8243; scene_position=&#8221;center&#8221; text_color=&#8221;light&#8221; text_align=&#8221;left&#8221; overlay_strength=&#8221;0.3&#8243;][vc_column enable_animation=&#8221;true&#8221; animation=&#8221;fade-in-from-left&#8221; column_padding=&#8221;no-extra-padding&#8221; column_padding_position=&#8221;all&#8221; background_color_opacity=&#8221;1&#8243; background_hover_color_opacity=&#8221;1&#8243; background_image=&#8221;1776&#8243; column_shadow=&#8221;none&#8221; width=&#8221;1\/2&#8243; tablet_text_alignment=&#8221;default&#8221; phone_text_alignment=&#8221;default&#8221; column_border_width=&#8221;none&#8221; column_border_style=&#8221;solid&#8221; delay=&#8221;300&#8243;][\/vc_column][vc_column column_padding=&#8221;padding-10-percent&#8221; column_padding_position=&#8221;all&#8221; background_color_opacity=&#8221;1&#8243; background_hover_color_opacity=&#8221;1&#8243;&#8230;<\/p>\n","protected":false},"author":1,"featured_media":0,"parent":0,"menu_order":0,"comment_status":"closed","ping_status":"closed","template":"","meta":[],"_links":{"self":[{"href":"https:\/\/ufec.cat\/insersport\/wp-json\/wp\/v2\/pages\/1774"}],"collection":[{"href":"https:\/\/ufec.cat\/insersport\/wp-json\/wp\/v2\/pages"}],"about":[{"href":"https:\/\/ufec.cat\/insersport\/wp-json\/wp\/v2\/types\/page"}],"author":[{"embeddable":true,"href":"https:\/\/ufec.cat\/insersport\/wp-json\/wp\/v2\/users\/1"}],"replies":[{"embeddable":true,"href":"https:\/\/ufec.cat\/insersport\/wp-json\/wp\/v2\/comments?post=1774"}],"version-history":[{"count":2,"href":"https:\/\/ufec.cat\/insersport\/wp-json\/wp\/v2\/pages\/1774\/revisions"}],"predecessor-version":[{"id":1777,"href":"https:\/\/ufec.cat\/insersport\/wp-json\/wp\/v2\/pages\/1774\/revisions\/1777"}],"wp:attachment":[{"href":"https:\/\/ufec.cat\/insersport\/wp-json\/wp\/v2\/media?parent=1774"}],"curies":[{"name":"wp","href":"https:\/\/api.w.org\/{rel}","templated":true}]}}