{"id":1820,"date":"2019-05-28T11:55:16","date_gmt":"2019-05-28T10:55:16","guid":{"rendered":"http:\/\/insersport.ufec.cat\/?page_id=1820"},"modified":"2019-05-28T11:56:06","modified_gmt":"2019-05-28T10:56:06","slug":"joaquim","status":"publish","type":"page","link":"https:\/\/ufec.cat\/insersport\/joaquim\/","title":{"rendered":"Joaquim"},"content":{"rendered":"[vc_row type=&#8221;full_width_content&#8221; full_screen_row_position=&#8221;middle&#8221; equal_height=&#8221;yes&#8221; content_placement=&#8221;middle&#8221; full_height=&#8221;yes&#8221; columns_placement=&#8221;stretch&#8221; bg_color=&#8221;#d0c701&#8243; scene_position=&#8221;center&#8221; text_color=&#8221;light&#8221; text_align=&#8221;left&#8221; overlay_strength=&#8221;0.3&#8243;][vc_column enable_animation=&#8221;true&#8221; animation=&#8221;fade-in-from-left&#8221; column_padding=&#8221;no-extra-padding&#8221; column_padding_position=&#8221;all&#8221; background_color_opacity=&#8221;1&#8243; background_hover_color_opacity=&#8221;1&#8243; background_image=&#8221;1822&#8243; column_shadow=&#8221;none&#8221; width=&#8221;1\/2&#8243; tablet_text_alignment=&#8221;default&#8221; phone_text_alignment=&#8221;default&#8221; column_border_width=&#8221;none&#8221; column_border_style=&#8221;solid&#8221; delay=&#8221;300&#8243;][\/vc_column][vc_column column_padding=&#8221;padding-10-percent&#8221; column_padding_position=&#8221;all&#8221; background_color_opacity=&#8221;1&#8243; background_hover_color_opacity=&#8221;1&#8243; column_shadow=&#8221;none&#8221; width=&#8221;1\/2&#8243; tablet_text_alignment=&#8221;default&#8221; phone_text_alignment=&#8221;default&#8221; column_border_width=&#8221;none&#8221; column_border_style=&#8221;solid&#8221;][vc_row_inner column_margin=&#8221;default&#8221; text_align=&#8221;left&#8221;][vc_column_inner enable_animation=&#8221;true&#8221; animation=&#8221;fade-in-from-bottom&#8221; column_padding=&#8221;no-extra-padding&#8221; column_padding_position=&#8221;all&#8221; background_color_opacity=&#8221;1&#8243; width=&#8221;1\/1&#8243; column_border_width=&#8221;none&#8221; column_border_style=&#8221;solid&#8221;][vc_custom_heading text=&#8221;Joaquim&#8221; font_container=&#8221;tag:h5|text_align:left|color:%23ffffff&#8221; use_theme_fonts=&#8221;yes&#8221; css=&#8221;.vc_custom_1559040884889{margin-bottom: 10px !important;}&#8221;][\/vc_column_inner][\/vc_row_inner][vc_row_inner column_margin=&#8221;default&#8221; text_align=&#8221;left&#8221;][vc_column_inner enable_animation=&#8221;true&#8221; animation=&#8221;fade-in-from-bottom&#8221; column_padding=&#8221;no-extra-padding&#8221; column_padding_position=&#8221;all&#8221; background_color_opacity=&#8221;1&#8243; width=&#8221;1\/1&#8243; column_border_width=&#8221;none&#8221; column_border_style=&#8221;solid&#8221; delay=&#8221;100&#8243;][vc_custom_heading text=&#8221;\u201cLa meva manera d\u2019afrontar el curs \u00e9s no tenir present la situaci\u00f3 d\u2019exclusi\u00f3 social dels i les joves\u201d&#8221; font_container=&#8221;tag:h2|font_size:40|text_align:left|line_height:50px&#8221; use_theme_fonts=&#8221;yes&#8221;][\/vc_column_inner][\/vc_row_inner][vc_row_inner column_margin=&#8221;default&#8221; text_align=&#8221;left&#8221;][vc_column_inner enable_animation=&#8221;true&#8221; animation=&#8221;fade-in-from-bottom&#8221; column_padding=&#8221;no-extra-padding&#8221; column_padding_position=&#8221;all&#8221; background_color_opacity=&#8221;1&#8243; width=&#8221;1\/1&#8243; column_border_width=&#8221;none&#8221; column_border_style=&#8221;solid&#8221; delay=&#8221;200&#8243;][vc_column_text css=&#8221;.vc_custom_1559040911469{margin-top: 30px !important;margin-bottom: 30px !important;}&#8221;]Joaquim Ventura \u00e9s el primer a desviure\u2019s perqu\u00e8 la formaci\u00f3 que imparteix a INSERsport des de la creaci\u00f3 del projecte tingui \u00e8xit. Per aquesta ra\u00f3, tamb\u00e9 \u00e9s el primer a frustrar-se quan alguns dels joves que arriben per cursar la titulaci\u00f3 d\u2019\u00c0rbitre de V\u00f2lei de Territorial B desisteixen: \u201cCosta pair que hi hagi nanos que no vulguin utilitzar les eines que se\u2019ls brinda\u201d, afirma.<\/p>\n<p>Tanmateix, l\u2019arbre no li tapa el bosc, i ell mateix s\u2019alegra quan recorda que \u201cdels sis alumnes que ten\u00edem, tres han passat el curs i dos han assegurat que tornaran a intentar-ho\u201d. En aquest sentit, Joaquim t\u00e9 clara la recepta per passar l\u2019examen: \u201cAquest programa t\u2019assegura l\u2019\u00e8xit si de veritat el vols i l\u2019has perseguit\u201d.<\/p>\n<p>Amb la missi\u00f3 de preparar-los per a la seva entrada al m\u00f3n laboral, Joaquim ha brindat als seus deixebles tots els coneixements necessaris per tenir una bona base te\u00f2rica i elaborar una acta. \u201cComen\u00e7ar a una taula \u00e9s una bona forma d\u2019anar assumint responsabilitats en un partit sense el risc d\u2019exposici\u00f3 de l\u2019\u00e0rbitre principal\u201d. Ning\u00fa queda excl\u00f2s d\u2019aquesta oportunitat. Ni tan sols per barreres culturals. \u201cTenim un noi que assisteix a totes les classes i que nom\u00e9s parla \u00e0rab. Li he aconseguit un reglament en el seu idioma perqu\u00e8 se senti integrat\u201d, rebla Ventura, il\u00b7lusionat d\u2019implicar-se amb els altres.<br \/>\n[\/vc_column_text][\/vc_column_inner][\/vc_row_inner][\/vc_column][\/vc_row]\n","protected":false},"excerpt":{"rendered":"<p>[vc_row type=&#8221;full_width_content&#8221; full_screen_row_position=&#8221;middle&#8221; equal_height=&#8221;yes&#8221; content_placement=&#8221;middle&#8221; full_height=&#8221;yes&#8221; columns_placement=&#8221;stretch&#8221; bg_color=&#8221;#d0c701&#8243; scene_position=&#8221;center&#8221; text_color=&#8221;light&#8221; text_align=&#8221;left&#8221; overlay_strength=&#8221;0.3&#8243;][vc_column enable_animation=&#8221;true&#8221; animation=&#8221;fade-in-from-left&#8221; column_padding=&#8221;no-extra-padding&#8221; column_padding_position=&#8221;all&#8221; background_color_opacity=&#8221;1&#8243; background_hover_color_opacity=&#8221;1&#8243; background_image=&#8221;1822&#8243; column_shadow=&#8221;none&#8221; width=&#8221;1\/2&#8243; tablet_text_alignment=&#8221;default&#8221; phone_text_alignment=&#8221;default&#8221; column_border_width=&#8221;none&#8221; column_border_style=&#8221;solid&#8221; delay=&#8221;300&#8243;][\/vc_column][vc_column column_padding=&#8221;padding-10-percent&#8221; column_padding_position=&#8221;all&#8221; background_color_opacity=&#8221;1&#8243; background_hover_color_opacity=&#8221;1&#8243;&#8230;<\/p>\n","protected":false},"author":1,"featured_media":0,"parent":0,"menu_order":0,"comment_status":"closed","ping_status":"closed","template":"","meta":[],"_links":{"self":[{"href":"https:\/\/ufec.cat\/insersport\/wp-json\/wp\/v2\/pages\/1820"}],"collection":[{"href":"https:\/\/ufec.cat\/insersport\/wp-json\/wp\/v2\/pages"}],"about":[{"href":"https:\/\/ufec.cat\/insersport\/wp-json\/wp\/v2\/types\/page"}],"author":[{"embeddable":true,"href":"https:\/\/ufec.cat\/insersport\/wp-json\/wp\/v2\/users\/1"}],"replies":[{"embeddable":true,"href":"https:\/\/ufec.cat\/insersport\/wp-json\/wp\/v2\/comments?post=1820"}],"version-history":[{"count":2,"href":"https:\/\/ufec.cat\/insersport\/wp-json\/wp\/v2\/pages\/1820\/revisions"}],"predecessor-version":[{"id":1823,"href":"https:\/\/ufec.cat\/insersport\/wp-json\/wp\/v2\/pages\/1820\/revisions\/1823"}],"wp:attachment":[{"href":"https:\/\/ufec.cat\/insersport\/wp-json\/wp\/v2\/media?parent=1820"}],"curies":[{"name":"wp","href":"https:\/\/api.w.org\/{rel}","templated":true}]}}