{"id":1916,"date":"2019-06-11T09:14:53","date_gmt":"2019-06-11T08:14:53","guid":{"rendered":"http:\/\/insersport.ufec.cat\/abderraim\/"},"modified":"2019-06-11T09:17:36","modified_gmt":"2019-06-11T08:17:36","slug":"abderraim","status":"publish","type":"page","link":"https:\/\/ufec.cat\/insersport\/abderraim\/","title":{"rendered":"Abderraim"},"content":{"rendered":"[vc_row type=&#8221;full_width_content&#8221; full_screen_row_position=&#8221;middle&#8221; equal_height=&#8221;yes&#8221; content_placement=&#8221;middle&#8221; full_height=&#8221;yes&#8221; columns_placement=&#8221;stretch&#8221; bg_color=&#8221;#d0c701&#8243; scene_position=&#8221;center&#8221; text_color=&#8221;light&#8221; text_align=&#8221;left&#8221; overlay_strength=&#8221;0.3&#8243;][vc_column enable_animation=&#8221;true&#8221; animation=&#8221;fade-in-from-left&#8221; column_padding=&#8221;no-extra-padding&#8221; column_padding_position=&#8221;all&#8221; background_color_opacity=&#8221;1&#8243; background_hover_color_opacity=&#8221;1&#8243; background_image=&#8221;1918&#8243; column_shadow=&#8221;none&#8221; width=&#8221;1\/2&#8243; tablet_text_alignment=&#8221;default&#8221; phone_text_alignment=&#8221;default&#8221; column_border_width=&#8221;none&#8221; column_border_style=&#8221;solid&#8221; delay=&#8221;300&#8243;][\/vc_column][vc_column column_padding=&#8221;padding-10-percent&#8221; column_padding_position=&#8221;all&#8221; background_color_opacity=&#8221;1&#8243; background_hover_color_opacity=&#8221;1&#8243; column_shadow=&#8221;none&#8221; width=&#8221;1\/2&#8243; tablet_text_alignment=&#8221;default&#8221; phone_text_alignment=&#8221;default&#8221; column_border_width=&#8221;none&#8221; column_border_style=&#8221;solid&#8221;][vc_row_inner column_margin=&#8221;default&#8221; text_align=&#8221;left&#8221;][vc_column_inner enable_animation=&#8221;true&#8221; animation=&#8221;fade-in-from-bottom&#8221; column_padding=&#8221;no-extra-padding&#8221; column_padding_position=&#8221;all&#8221; background_color_opacity=&#8221;1&#8243; width=&#8221;1\/1&#8243; column_border_width=&#8221;none&#8221; column_border_style=&#8221;solid&#8221;][vc_custom_heading text=&#8221;Abderraim&#8221; font_container=&#8221;tag:h5|text_align:left|color:%23ffffff&#8221; use_theme_fonts=&#8221;yes&#8221; css=&#8221;.vc_custom_1560240800256{margin-bottom: 10px !important;}&#8221;][\/vc_column_inner][\/vc_row_inner][vc_row_inner column_margin=&#8221;default&#8221; text_align=&#8221;left&#8221;][vc_column_inner enable_animation=&#8221;true&#8221; animation=&#8221;fade-in-from-bottom&#8221; column_padding=&#8221;no-extra-padding&#8221; column_padding_position=&#8221;all&#8221; background_color_opacity=&#8221;1&#8243; width=&#8221;1\/1&#8243; column_border_width=&#8221;none&#8221; column_border_style=&#8221;solid&#8221; delay=&#8221;100&#8243;][vc_custom_heading text=&#8221;\u201cTot all\u00f2 que es pugui aprendre o perfeccionar sempre \u00e9s ben rebut\u201d&#8221; font_container=&#8221;tag:h2|font_size:40|text_align:left|line_height:50px&#8221; use_theme_fonts=&#8221;yes&#8221;][\/vc_column_inner][\/vc_row_inner][vc_row_inner column_margin=&#8221;default&#8221; text_align=&#8221;left&#8221;][vc_column_inner enable_animation=&#8221;true&#8221; animation=&#8221;fade-in-from-bottom&#8221; column_padding=&#8221;no-extra-padding&#8221; column_padding_position=&#8221;all&#8221; background_color_opacity=&#8221;1&#8243; width=&#8221;1\/1&#8243; column_border_width=&#8221;none&#8221; column_border_style=&#8221;solid&#8221; delay=&#8221;200&#8243;][vc_column_text css=&#8221;.vc_custom_1560240944183{margin-top: 30px !important;margin-bottom: 30px !important;}&#8221;]L\u2019Abderrahim \u00e9s un dels molts joves que van aterrar a INSERsport gr\u00e0cies a l\u2019orientaci\u00f3 del centre de La Fletxa de Premi\u00e0. Criat en el si d\u2019una fam\u00edlia de cinc on nom\u00e9s treballa el pare, Abderrahim va veure en el nostre projecte l\u2019oportunitat id\u00f2nia d\u2019aportar a l\u2019economia dom\u00e8stica sense haver de renunciar a uns estudis de secund\u00e0ria que, als seus 16 anys, ja estan encarant la seva recta final i, per tant, s\u00f3n m\u00e9s exigents.<\/p>\n<p>Mentre es debat entre seguir formant-se a trav\u00e9s d\u2019un m\u00f2dul o amb un grau d\u2019inform\u00e0tica, l\u2019Abderrahim t\u00e9 clar que el seu objectiu a curt termini \u00e9s ser \u00e0rbitre. \u201cSi t\u2019agrada el futbol, la tasca arbitral et permet guanyar diners exercint un rol important dins d\u2019un esport que t\u2019apassiona\u201d, declara el jove, que explica tamb\u00e9 que \u201cel millor de la formaci\u00f3 ha estat con\u00e8ixer normes in\u00e8dites i aprofundir en aquelles que ja m\u2019eren conegudes\u201d.<\/p>\n<p>Preguntat per l\u2019estructura que envolta la formaci\u00f3 per obtenir la llic\u00e8ncia d\u2019\u00e0rbitre de futbol sala, l\u2019Abderrahim no dubta a assenyalar l\u2019equip de psic\u00f2legs com l\u2019entramat cabdal: \u201cA les classes de psicologia aprenem a controlar les emocions, la qual cosa suposa un aprenentatge molt \u00fatil tant per a l\u2019arbitratge com per a la vida di\u00e0ria\u201d.<br \/>\n[\/vc_column_text][\/vc_column_inner][\/vc_row_inner][\/vc_column][\/vc_row]\n","protected":false},"excerpt":{"rendered":"<p>[vc_row type=&#8221;full_width_content&#8221; full_screen_row_position=&#8221;middle&#8221; equal_height=&#8221;yes&#8221; content_placement=&#8221;middle&#8221; full_height=&#8221;yes&#8221; columns_placement=&#8221;stretch&#8221; bg_color=&#8221;#d0c701&#8243; scene_position=&#8221;center&#8221; text_color=&#8221;light&#8221; text_align=&#8221;left&#8221; overlay_strength=&#8221;0.3&#8243;][vc_column enable_animation=&#8221;true&#8221; animation=&#8221;fade-in-from-left&#8221; column_padding=&#8221;no-extra-padding&#8221; column_padding_position=&#8221;all&#8221; background_color_opacity=&#8221;1&#8243; background_hover_color_opacity=&#8221;1&#8243; background_image=&#8221;1918&#8243; column_shadow=&#8221;none&#8221; width=&#8221;1\/2&#8243; tablet_text_alignment=&#8221;default&#8221; phone_text_alignment=&#8221;default&#8221; column_border_width=&#8221;none&#8221; column_border_style=&#8221;solid&#8221; delay=&#8221;300&#8243;][\/vc_column][vc_column column_padding=&#8221;padding-10-percent&#8221; column_padding_position=&#8221;all&#8221; background_color_opacity=&#8221;1&#8243; background_hover_color_opacity=&#8221;1&#8243;&#8230;<\/p>\n","protected":false},"author":1,"featured_media":0,"parent":0,"menu_order":0,"comment_status":"closed","ping_status":"closed","template":"","meta":[],"_links":{"self":[{"href":"https:\/\/ufec.cat\/insersport\/wp-json\/wp\/v2\/pages\/1916"}],"collection":[{"href":"https:\/\/ufec.cat\/insersport\/wp-json\/wp\/v2\/pages"}],"about":[{"href":"https:\/\/ufec.cat\/insersport\/wp-json\/wp\/v2\/types\/page"}],"author":[{"embeddable":true,"href":"https:\/\/ufec.cat\/insersport\/wp-json\/wp\/v2\/users\/1"}],"replies":[{"embeddable":true,"href":"https:\/\/ufec.cat\/insersport\/wp-json\/wp\/v2\/comments?post=1916"}],"version-history":[{"count":2,"href":"https:\/\/ufec.cat\/insersport\/wp-json\/wp\/v2\/pages\/1916\/revisions"}],"predecessor-version":[{"id":1919,"href":"https:\/\/ufec.cat\/insersport\/wp-json\/wp\/v2\/pages\/1916\/revisions\/1919"}],"wp:attachment":[{"href":"https:\/\/ufec.cat\/insersport\/wp-json\/wp\/v2\/media?parent=1916"}],"curies":[{"name":"wp","href":"https:\/\/api.w.org\/{rel}","templated":true}]}}