{"id":36,"date":"2017-05-30T15:47:05","date_gmt":"2017-05-30T15:47:05","guid":{"rendered":"http:\/\/insersport.ufec.cat\/?page_id=36"},"modified":"2019-05-14T11:40:54","modified_gmt":"2019-05-14T10:40:54","slug":"almuhannad","status":"publish","type":"page","link":"https:\/\/ufec.cat\/insersport\/almuhannad\/","title":{"rendered":"Almuhannad"},"content":{"rendered":"[vc_row type=&#8221;full_width_content&#8221; full_screen_row_position=&#8221;middle&#8221; equal_height=&#8221;yes&#8221; content_placement=&#8221;middle&#8221; full_height=&#8221;yes&#8221; columns_placement=&#8221;stretch&#8221; bg_color=&#8221;#e83daa&#8221; scene_position=&#8221;center&#8221; text_color=&#8221;light&#8221; text_align=&#8221;left&#8221; overlay_strength=&#8221;0.3&#8243;][vc_column enable_animation=&#8221;true&#8221; animation=&#8221;fade-in-from-left&#8221; column_padding=&#8221;no-extra-padding&#8221; column_padding_position=&#8221;all&#8221; background_color_opacity=&#8221;1&#8243; background_hover_color_opacity=&#8221;1&#8243; background_image=&#8221;121&#8243; column_shadow=&#8221;none&#8221; width=&#8221;1\/2&#8243; tablet_text_alignment=&#8221;default&#8221; phone_text_alignment=&#8221;default&#8221; column_border_width=&#8221;none&#8221; column_border_style=&#8221;solid&#8221; delay=&#8221;300&#8243;][\/vc_column][vc_column column_padding=&#8221;padding-10-percent&#8221; column_padding_position=&#8221;all&#8221; background_color_opacity=&#8221;1&#8243; background_hover_color_opacity=&#8221;1&#8243; column_shadow=&#8221;none&#8221; width=&#8221;1\/2&#8243; tablet_text_alignment=&#8221;default&#8221; phone_text_alignment=&#8221;default&#8221; column_border_width=&#8221;none&#8221; column_border_style=&#8221;solid&#8221;][vc_row_inner column_margin=&#8221;default&#8221; text_align=&#8221;left&#8221;][vc_column_inner enable_animation=&#8221;true&#8221; animation=&#8221;fade-in-from-bottom&#8221; column_padding=&#8221;no-extra-padding&#8221; column_padding_position=&#8221;all&#8221; background_color_opacity=&#8221;1&#8243; width=&#8221;1\/1&#8243; column_border_width=&#8221;none&#8221; column_border_style=&#8221;solid&#8221;][vc_custom_heading text=&#8221;Almuhannad&#8221; font_container=&#8221;tag:h5|text_align:left|color:%23ffffff&#8221; use_theme_fonts=&#8221;yes&#8221; css=&#8221;.vc_custom_1557829506710{margin-bottom: 10px !important;}&#8221;][\/vc_column_inner][\/vc_row_inner][vc_row_inner column_margin=&#8221;default&#8221; text_align=&#8221;left&#8221;][vc_column_inner enable_animation=&#8221;true&#8221; animation=&#8221;fade-in-from-bottom&#8221; column_padding=&#8221;no-extra-padding&#8221; column_padding_position=&#8221;all&#8221; background_color_opacity=&#8221;1&#8243; width=&#8221;1\/1&#8243; column_border_width=&#8221;none&#8221; column_border_style=&#8221;solid&#8221; delay=&#8221;100&#8243;][vc_custom_heading text=&#8221;<i>&#8220;M&#8217;agradaria ensenyar als nens de S\u00edria aquest esport. All\u00e0 agrada molt&#8221;<\/i>&#8221; font_container=&#8221;tag:h2|font_size:40|text_align:left|line_height:50px&#8221; use_theme_fonts=&#8221;yes&#8221;][\/vc_column_inner][\/vc_row_inner][vc_row_inner column_margin=&#8221;default&#8221; text_align=&#8221;left&#8221;][vc_column_inner enable_animation=&#8221;true&#8221; animation=&#8221;fade-in-from-bottom&#8221; column_padding=&#8221;no-extra-padding&#8221; column_padding_position=&#8221;all&#8221; background_color_opacity=&#8221;1&#8243; width=&#8221;1\/1&#8243; column_border_width=&#8221;none&#8221; column_border_style=&#8221;solid&#8221; delay=&#8221;200&#8243;][vc_column_text css=&#8221;.vc_custom_1503404709748{margin-top: 30px !important;margin-bottom: 30px !important;}&#8221;]\n<h4><span style=\"font-weight: 400;\">L\u2019Almuhannad \u00e9s de Deir ez-Zor, S\u00edria. T\u00e9 20 anys i porta 5 mesos a Barcelona. D\u2019aqu\u00ed a tres mesos se li acaba l\u2019acollida a la Casa Bloc i est\u00e0 buscant alternatives.\u00a0<\/span><\/h4>\n<h4><span style=\"font-weight: 400;\">La seva mare i un germ\u00e0 estan a S\u00edria, i el pare i la resta de germans a Madrid. Li agrada ensenyar i voldria poder tornar al seu pa\u00eds algun dia i donar classes. Gr\u00e0cies als seus companys i companyes, i monitors i monitores est\u00e0 aprenent el castell\u00e0 i aix\u00f2 l\u2019ajuda a relacionar-se millor i desenvolupar-se m\u00e9s r\u00e0pid.<\/span><\/h4>\n<h4><span style=\"font-weight: 400;\">Est\u00e0 aprenent tenis taula per poder trobar una ocupaci\u00f3 laboral.<\/span><\/h4>\n[\/vc_column_text][\/vc_column_inner][\/vc_row_inner][\/vc_column][\/vc_row][vc_row type=&#8221;full_width_background&#8221; full_screen_row_position=&#8221;middle&#8221; bg_image=&#8221;67&#8243; bg_position=&#8221;left top&#8221; bg_repeat=&#8221;no-repeat&#8221; scene_position=&#8221;center&#8221; text_color=&#8221;light&#8221; text_align=&#8221;left&#8221; top_padding=&#8221;15%&#8221; bottom_padding=&#8221;15%&#8221; color_overlay=&#8221;#0a0a0a&#8221; overlay_strength=&#8221;0.5&#8243;][vc_column centered_text=&#8221;true&#8221; column_padding=&#8221;no-extra-padding&#8221; column_padding_position=&#8221;all&#8221; background_color_opacity=&#8221;1&#8243; background_hover_color_opacity=&#8221;1&#8243; column_shadow=&#8221;none&#8221; width=&#8221;1\/1&#8243; tablet_text_alignment=&#8221;default&#8221; phone_text_alignment=&#8221;default&#8221; column_border_width=&#8221;none&#8221; column_border_style=&#8221;solid&#8221;][vc_row_inner column_margin=&#8221;default&#8221; top_padding=&#8221;30&#8243; text_align=&#8221;left&#8221;][vc_column_inner enable_animation=&#8221;true&#8221; animation=&#8221;fade-in-from-bottom&#8221; column_padding=&#8221;no-extra-padding&#8221; column_padding_position=&#8221;all&#8221; background_color_opacity=&#8221;1&#8243; width=&#8221;1\/1&#8243; column_border_width=&#8221;none&#8221; column_border_style=&#8221;solid&#8221; delay=&#8221;500&#8243;][nectar_video_lightbox link_style=&#8221;play_button_with_text&#8221; nectar_play_button_color=&#8221;Extra-Color-3&#8243; font_style=&#8221;h3&#8243; video_url=&#8221;https:\/\/www.youtube.com\/watch?v=cj7UkuBefH0?list=PLg3GhF&#8211;ZmGsgbT5_JnM9yQ9qHeA_MuW5&#8243; link_text=&#8221;Coneix l&#8217;Almuhannad&#8221;][\/vc_column_inner][\/vc_row_inner][\/vc_column][\/vc_row][vc_row type=&#8221;full_width_content&#8221; full_screen_row_position=&#8221;middle&#8221; equal_height=&#8221;yes&#8221; content_placement=&#8221;middle&#8221; scene_position=&#8221;center&#8221; text_color=&#8221;light&#8221; text_align=&#8221;left&#8221; top_padding=&#8221;5%&#8221; bottom_padding=&#8221;5%&#8221; id=&#8221;discover&#8221; row_name=&#8221;Discover&#8221; disable_ken_burns=&#8221;yes&#8221; overlay_strength=&#8221;0.3&#8243;][vc_column column_padding=&#8221;no-extra-padding&#8221; column_padding_position=&#8221;all&#8221; background_color_opacity=&#8221;1&#8243; background_hover_color_opacity=&#8221;1&#8243; column_shadow=&#8221;none&#8221; width=&#8221;1\/6&#8243; tablet_text_alignment=&#8221;default&#8221; phone_text_alignment=&#8221;default&#8221; column_border_width=&#8221;none&#8221; column_border_style=&#8221;solid&#8221; offset=&#8221;vc_hidden-sm vc_hidden-xs&#8221;][\/vc_column][vc_column column_padding=&#8221;padding-3-percent&#8221; column_padding_position=&#8221;all&#8221; background_color_opacity=&#8221;1&#8243; background_hover_color_opacity=&#8221;1&#8243; font_color=&#8221;#000000&#8243; column_shadow=&#8221;none&#8221; width=&#8221;1\/3&#8243; tablet_text_alignment=&#8221;default&#8221; phone_text_alignment=&#8221;default&#8221; column_border_width=&#8221;none&#8221; column_border_style=&#8221;solid&#8221;][vc_row_inner column_margin=&#8221;default&#8221; text_align=&#8221;left&#8221;][vc_column_inner enable_animation=&#8221;true&#8221; animation=&#8221;fade-in-from-bottom&#8221; column_padding=&#8221;no-extra-padding&#8221; column_padding_position=&#8221;all&#8221; background_color_opacity=&#8221;1&#8243; font_color=&#8221;#000000&#8243; width=&#8221;1\/1&#8243; column_border_width=&#8221;none&#8221; column_border_style=&#8221;solid&#8221;][vc_column_text]\n<h2>Tenia una carrera prometedora com a esportista a S\u00edria.<\/h2>\n[\/vc_column_text][\/vc_column_inner][\/vc_row_inner][vc_row_inner column_margin=&#8221;default&#8221; text_align=&#8221;left&#8221;][vc_column_inner enable_animation=&#8221;true&#8221; animation=&#8221;fade-in-from-bottom&#8221; column_padding=&#8221;no-extra-padding&#8221; column_padding_position=&#8221;all&#8221; background_color_opacity=&#8221;1&#8243; font_color=&#8221;#000000&#8243; width=&#8221;1\/1&#8243; column_border_width=&#8221;none&#8221; column_border_style=&#8221;solid&#8221; delay=&#8221;200&#8243;][vc_column_text css=&#8221;.vc_custom_1497443183373{margin-top: 20px !important;}&#8221;]Sofi Escud\u00e9, directora del documental OFFSIDE, ens explica la hist\u00f2ria\u00a0de l&#8217;Almuhannad, que participa al programa INSERsport amb el grup de tennis de taula.[\/vc_column_text][\/vc_column_inner][\/vc_row_inner][\/vc_column][vc_column enable_animation=&#8221;true&#8221; animation=&#8221;grow-in&#8221; column_padding=&#8221;no-extra-padding&#8221; column_padding_position=&#8221;all&#8221; background_color_opacity=&#8221;1&#8243; background_hover_color_opacity=&#8221;1&#8243; column_shadow=&#8221;none&#8221; width=&#8221;1\/3&#8243; tablet_text_alignment=&#8221;default&#8221; phone_text_alignment=&#8221;default&#8221; column_border_width=&#8221;none&#8221; column_border_style=&#8221;solid&#8221;][nectar_video_lightbox link_style=&#8221;play_button_2&#8243; nectar_play_button_color=&#8221;Extra-Color-3&#8243; image_url=&#8221;178&#8243; hover_effect=&#8221;defaut&#8221; box_shadow=&#8221;none&#8221; video_url=&#8221;https:\/\/www.youtube.com\/watch?v=_r-AlfCMv5I?list=PLg3GhF&#8211;ZmGsgbT5_JnM9yQ9qHeA_MuW5&#8243;][\/vc_column][vc_column column_padding=&#8221;no-extra-padding&#8221; column_padding_position=&#8221;all&#8221; background_color_opacity=&#8221;1&#8243; background_hover_color_opacity=&#8221;1&#8243; column_shadow=&#8221;none&#8221; width=&#8221;1\/6&#8243; tablet_text_alignment=&#8221;default&#8221; phone_text_alignment=&#8221;default&#8221; column_border_width=&#8221;none&#8221; column_border_style=&#8221;solid&#8221; offset=&#8221;vc_hidden-sm vc_hidden-xs&#8221;][\/vc_column][\/vc_row][vc_row type=&#8221;full_width_background&#8221; full_screen_row_position=&#8221;middle&#8221; bg_color=&#8221;#f4f4f4&#8243; scene_position=&#8221;center&#8221; text_color=&#8221;dark&#8221; text_align=&#8221;left&#8221; top_padding=&#8221;8%&#8221; bottom_padding=&#8221;8%&#8221; disable_element=&#8221;yes&#8221; overlay_strength=&#8221;0.3&#8243;][vc_column column_padding=&#8221;no-extra-padding&#8221; column_padding_position=&#8221;all&#8221; background_color_opacity=&#8221;1&#8243; background_hover_color_opacity=&#8221;1&#8243; column_shadow=&#8221;none&#8221; width=&#8221;1\/12&#8243; tablet_text_alignment=&#8221;default&#8221; phone_text_alignment=&#8221;default&#8221; column_border_width=&#8221;none&#8221; column_border_style=&#8221;solid&#8221;][\/vc_column][vc_column centered_text=&#8221;true&#8221; column_padding=&#8221;padding-5-percent&#8221; column_padding_position=&#8221;all&#8221; background_color_opacity=&#8221;1&#8243; background_hover_color_opacity=&#8221;1&#8243; column_shadow=&#8221;none&#8221; width=&#8221;10\/12&#8243; tablet_text_alignment=&#8221;default&#8221; phone_text_alignment=&#8221;default&#8221; column_border_width=&#8221;none&#8221; column_border_style=&#8221;solid&#8221;][vc_column_text css=&#8221;.vc_custom_1497436495884{margin-bottom: 30px !important;}&#8221;]\n<h2>Documental OFFSIDE<\/h2>\n[\/vc_column_text]<div class=\"divider-wrap\"><div style=\"margin-top: 40px; width: 100px; height: 4px; margin-bottom: 40px;\" data-width=\"100\" data-animate=\"yes\" data-animation-delay=\"\" data-color=\"extra-color-gradient-2\" class=\"divider-small-border\"><\/div><\/div>[vc_column_text css=&#8221;.vc_custom_1484854550359{margin-bottom: 50px !important;}&#8221; max_width=&#8221;550&#8243;]Far far away, behind the word mountains, far from the countries Vokalia and Consonantia, there live the blind texts. Separated they live in Bookmarksgrove right at the coast of the Semantics, a large language ocean.[\/vc_column_text][nectar_video_lightbox link_style=&#8221;play_button_2&#8243; nectar_play_button_color=&#8221;Default-Accent-Color&#8221; image_url=&#8221;220&#8243; hover_effect=&#8221;defaut&#8221; box_shadow=&#8221;none&#8221; video_url=&#8221;https:\/\/vimeo.com\/215070491&#8243;][\/vc_column][vc_column column_padding=&#8221;no-extra-padding&#8221; column_padding_position=&#8221;all&#8221; background_color_opacity=&#8221;1&#8243; background_hover_color_opacity=&#8221;1&#8243; column_shadow=&#8221;none&#8221; width=&#8221;1\/12&#8243; tablet_text_alignment=&#8221;default&#8221; phone_text_alignment=&#8221;default&#8221; column_border_width=&#8221;none&#8221; column_border_style=&#8221;solid&#8221;][\/vc_column][\/vc_row][vc_row type=&#8221;full_width_background&#8221; full_screen_row_position=&#8221;middle&#8221; equal_height=&#8221;yes&#8221; content_placement=&#8221;middle&#8221; bg_color=&#8221;#ffffff&#8221; scene_position=&#8221;center&#8221; text_color=&#8221;dark&#8221; text_align=&#8221;left&#8221; top_padding=&#8221;4%&#8221; bottom_padding=&#8221;7%&#8221; overlay_strength=&#8221;0.3&#8243;][vc_column column_padding=&#8221;no-extra-padding&#8221; column_padding_position=&#8221;all&#8221; background_color_opacity=&#8221;1&#8243; background_hover_color_opacity=&#8221;1&#8243; column_shadow=&#8221;none&#8221; width=&#8221;5\/12&#8243; tablet_text_alignment=&#8221;default&#8221; phone_text_alignment=&#8221;default&#8221; column_border_width=&#8221;none&#8221; column_border_style=&#8221;solid&#8221;]<div class=\"img-with-aniamtion-wrap \" data-max-width=\"100%\"><div class=\"inner\"><img data-shadow=\"none\" data-shadow-direction=\"middle\" class=\"img-with-animation \" data-delay=\"0\" height=\"1017\" width=\"867\" data-animation=\"fade-in\" src=\"https:\/\/ufec.cat\/insersport\/wp-content\/uploads\/2017\/05\/premi-noi-siria\u03002.jpg\" srcset=\"https:\/\/ufec.cat\/insersport\/wp-content\/uploads\/2017\/05\/premi-noi-siria\u03002.jpg 867w, https:\/\/ufec.cat\/insersport\/wp-content\/uploads\/2017\/05\/premi-noi-siria\u03002-256x300.jpg 256w, https:\/\/ufec.cat\/insersport\/wp-content\/uploads\/2017\/05\/premi-noi-siria\u03002-768x901.jpg 768w\" sizes=\"100vw\" alt=\"\" \/><\/div><\/div>[\/vc_column][vc_column column_padding=&#8221;no-extra-padding&#8221; column_padding_position=&#8221;all&#8221; background_color_opacity=&#8221;1&#8243; background_hover_color_opacity=&#8221;1&#8243; column_shadow=&#8221;none&#8221; width=&#8221;2\/12&#8243; tablet_text_alignment=&#8221;default&#8221; phone_text_alignment=&#8221;default&#8221; column_border_width=&#8221;none&#8221; column_border_style=&#8221;solid&#8221;][\/vc_column][vc_column column_padding=&#8221;no-extra-padding&#8221; column_padding_position=&#8221;all&#8221; background_color_opacity=&#8221;1&#8243; background_hover_color_opacity=&#8221;1&#8243; column_shadow=&#8221;none&#8221; width=&#8221;5\/12&#8243; tablet_text_alignment=&#8221;default&#8221; phone_text_alignment=&#8221;default&#8221; column_border_width=&#8221;none&#8221; column_border_style=&#8221;solid&#8221;][vc_custom_heading text=&#8221;Premis Solidaris&#8221; font_container=&#8221;tag:h2|font_size:40|text_align:left|line_height:40px&#8221; use_theme_fonts=&#8221;yes&#8221;][vc_column_text css=&#8221;.vc_custom_1499073011495{margin-top: 30px !important;margin-bottom: 30px !important;}&#8221;]L\u2019<strong>Almuhannad<\/strong> va rebre per part de la <strong>Fundaci\u00f3 Privada Catalana de Futbol<\/strong>, al lliurament dels primers <strong>Premis Solidaris<\/strong>, un reconeixement per la seva <strong>hist\u00f2ria de valentia i superaci\u00f3<\/strong>. Gr\u00e0cies al <strong>projecte INSERsport<\/strong>, l\u2019<strong>Almuhanad<\/strong>, refugiat siri\u00e0 a Turquia, es va posar en contacte amb la <strong>Fundaci\u00f3 Privada Catalana de Futbol<\/strong> i va entrar a formar part com a jugador de la <strong>Penya Barcelonista Anguera.<\/strong>[\/vc_column_text]<div class=\"divider-wrap\"><div style=\"height: 50px;\" class=\"divider\"><\/div><\/div>[\/vc_column][\/vc_row]\n","protected":false},"excerpt":{"rendered":"<p>[vc_row type=&#8221;full_width_content&#8221; full_screen_row_position=&#8221;middle&#8221; equal_height=&#8221;yes&#8221; content_placement=&#8221;middle&#8221; full_height=&#8221;yes&#8221; columns_placement=&#8221;stretch&#8221; bg_color=&#8221;#e83daa&#8221; scene_position=&#8221;center&#8221; text_color=&#8221;light&#8221; text_align=&#8221;left&#8221; overlay_strength=&#8221;0.3&#8243;][vc_column enable_animation=&#8221;true&#8221; animation=&#8221;fade-in-from-left&#8221; column_padding=&#8221;no-extra-padding&#8221; column_padding_position=&#8221;all&#8221; background_color_opacity=&#8221;1&#8243; background_hover_color_opacity=&#8221;1&#8243; background_image=&#8221;121&#8243; column_shadow=&#8221;none&#8221; width=&#8221;1\/2&#8243; tablet_text_alignment=&#8221;default&#8221; phone_text_alignment=&#8221;default&#8221; column_border_width=&#8221;none&#8221; column_border_style=&#8221;solid&#8221; delay=&#8221;300&#8243;][\/vc_column][vc_column column_padding=&#8221;padding-10-percent&#8221; column_padding_position=&#8221;all&#8221; background_color_opacity=&#8221;1&#8243; background_hover_color_opacity=&#8221;1&#8243;&#8230;<\/p>\n","protected":false},"author":1,"featured_media":0,"parent":0,"menu_order":0,"comment_status":"closed","ping_status":"closed","template":"","meta":[],"_links":{"self":[{"href":"https:\/\/ufec.cat\/insersport\/wp-json\/wp\/v2\/pages\/36"}],"collection":[{"href":"https:\/\/ufec.cat\/insersport\/wp-json\/wp\/v2\/pages"}],"about":[{"href":"https:\/\/ufec.cat\/insersport\/wp-json\/wp\/v2\/types\/page"}],"author":[{"embeddable":true,"href":"https:\/\/ufec.cat\/insersport\/wp-json\/wp\/v2\/users\/1"}],"replies":[{"embeddable":true,"href":"https:\/\/ufec.cat\/insersport\/wp-json\/wp\/v2\/comments?post=36"}],"version-history":[{"count":23,"href":"https:\/\/ufec.cat\/insersport\/wp-json\/wp\/v2\/pages\/36\/revisions"}],"predecessor-version":[{"id":254,"href":"https:\/\/ufec.cat\/insersport\/wp-json\/wp\/v2\/pages\/36\/revisions\/254"}],"wp:attachment":[{"href":"https:\/\/ufec.cat\/insersport\/wp-json\/wp\/v2\/media?parent=36"}],"curies":[{"name":"wp","href":"https:\/\/api.w.org\/{rel}","templated":true}]}}