{"id":385,"date":"2020-06-29T15:55:08","date_gmt":"2020-06-29T13:55:08","guid":{"rendered":"https:\/\/ufec.cat\/spey\/homepage\/"},"modified":"2022-10-18T15:19:07","modified_gmt":"2022-10-18T13:19:07","slug":"homepage","status":"publish","type":"page","link":"https:\/\/ufec.cat\/spey\/ca\/homepage\/","title":{"rendered":"Homepage"},"content":{"rendered":"<p>[vc_row full_width=&#8221;stretch_row&#8221; full_height=&#8221;yes&#8221; equal_height=&#8221;yes&#8221; css=&#8221;.vc_custom_1590154770131{background-image: url(https:\/\/ufec.cat\/spey\/wp-content\/uploads\/2020\/05\/bgd-01.jpg?id=30) !important;background-position: center !important;background-repeat: no-repeat !important;background-size: cover !important;}&#8221;][vc_column width=&#8221;1\/2&#8243; offset=&#8221;vc_col-lg-offset-0&#8243;][vc_column_text css=&#8221;.vc_custom_1590489768197{margin-top: 0px !important;margin-right: 0px !important;margin-bottom: 0px !important;margin-left: 0px !important;padding-top: 0px !important;padding-right: 0px !important;padding-bottom: 0px !important;padding-left: 0px !important;}&#8221;]<div id=\"anim-69f1b8b3cea43\" class=\"wpbdmv-animation align-left renderer-svg  \" style=\"max-width: 500; min-height: 250;\"><\/div>[\/vc_column_text][\/vc_column][\/vc_row][vc_row el_class=&#8221;icodown&#8221; css=&#8221;.vc_custom_1590160239199{padding-top: 0px !important;padding-right: 0px !important;padding-bottom: 0px !important;padding-left: 0px !important;}&#8221;][vc_column css=&#8221;.vc_custom_1590156110823{margin: 0px !important;padding: 0px !important;border: 0px initial !important;}&#8221;][vc_column_text css=&#8221;.vc_custom_1590256308401{margin-top: 0px !important;margin-right: 0px !important;margin-bottom: 0px !important;margin-left: 0px !important;padding-top: 0px !important;padding-right: 0px !important;padding-bottom: 0px !important;padding-left: 0px !important;}&#8221;]<a href=\"#s1\"><div id=\"anim-69f1b8b3ceeb8\" class=\"wpbdmv-animation align-center renderer-svg  \" style=\"max-width: 20px; min-height: 30px; margin-right: auto; margin-left: auto;\"><\/div><\/a>[\/vc_column_text][\/vc_column][\/vc_row][vc_row full_width=&#8221;stretch_row&#8221; full_height=&#8221;yes&#8221; columns_placement=&#8221;stretch&#8221; css=&#8221;.vc_custom_1590164848195{background-image: url(https:\/\/ufec.cat\/spey\/wp-content\/uploads\/2020\/05\/bgd-02.jpg?id=31) !important;background-position: center !important;background-repeat: no-repeat !important;background-size: cover !important;}&#8221; el_id=&#8221;s1&#8243;][vc_column css_animation=&#8221;fadeInLeft&#8221; width=&#8221;5\/12&#8243; offset=&#8221;vc_col-lg-offset-0&#8243;][vc_column_text el_class=&#8221;big s1left&#8221;]<\/p>\n<p style=\"text-align: left;\">La nostra missi\u00f3<\/p>\n<h3>JOVES<br \/>\nESPORTS<br \/>\nCOHESI\u00d3 SOCIAL<\/h3>\n<p>[\/vc_column_text][\/vc_column][vc_column css_animation=&#8221;fadeInRight&#8221; width=&#8221;7\/12&#8243;][vc_column_text el_class=&#8221;big s1right&#8221; css=&#8221;.vc_custom_1594281063506{margin-top: 50px !important;}&#8221;]<\/p>\n<p style=\"text-align: right;\"><strong>SPEY<\/strong>\u00a0\u00e9s un programa europeu liderat per la Uni\u00f3 de Federacions esportives de Catalunya (UFEC),<br \/>\nco-finan\u00e7at per la Comissi\u00f3 Europea amb l\u2019objectiu de prevenir l\u2019extremisme en els i les joves a trav\u00e9s de la pr\u00e0ctica esportiva.[\/vc_column_text][\/vc_column][\/vc_row][vc_row el_class=&#8221;icodown&#8221; css=&#8221;.vc_custom_1590160239199{padding-top: 0px !important;padding-right: 0px !important;padding-bottom: 0px !important;padding-left: 0px !important;}&#8221;][vc_column css=&#8221;.vc_custom_1590156110823{margin: 0px !important;padding: 0px !important;border: 0px initial !important;}&#8221;][vc_column_text css=&#8221;.vc_custom_1590256371713{margin-top: 0px !important;margin-right: 0px !important;margin-bottom: 0px !important;margin-left: 0px !important;padding-top: 0px !important;padding-right: 0px !important;padding-bottom: 0px !important;padding-left: 0px !important;}&#8221;]<a href=\"#s2\"><div id=\"anim-69f1b8b3cf2b4\" class=\"wpbdmv-animation align-center renderer-svg  \" style=\"max-width: 20px; min-height: 30px; margin-right: auto; margin-left: auto;\"><\/div><\/a>[\/vc_column_text][\/vc_column][\/vc_row][vc_row full_width=&#8221;stretch_row&#8221; full_height=&#8221;yes&#8221; css=&#8221;.vc_custom_1590144042459{background-image: url(https:\/\/ufec.cat\/spey\/wp-content\/uploads\/2020\/05\/bgd-03.jpg?id=32) !important;background-position: center !important;background-repeat: no-repeat !important;background-size: cover !important;}&#8221; el_id=&#8221;s2&#8243;][vc_column css_animation=&#8221;fadeInLeft&#8221; width=&#8221;7\/12&#8243;][vc_column_text el_class=&#8221;big s2left white&#8221;]<\/p>\n<p class=\"dropcap\">Treballem per a un futur en qu\u00e8 els joves podran trobar el seu rol dins la societat a trav\u00e9s de l\u2019esport i els valors positius que aquest incorpora.<\/p>\n<p>Amb aquesta forta i esperan\u00e7adora missi\u00f3,<br \/>\n<strong>SPEY<\/strong> cobra vida.[\/vc_column_text][\/vc_column][vc_column width=&#8221;5\/12&#8243;][\/vc_column][\/vc_row][vc_row el_class=&#8221;icodown&#8221; css=&#8221;.vc_custom_1590160239199{padding-top: 0px !important;padding-right: 0px !important;padding-bottom: 0px !important;padding-left: 0px !important;}&#8221;][vc_column css=&#8221;.vc_custom_1590156110823{margin: 0px !important;padding: 0px !important;border: 0px initial !important;}&#8221;][vc_column_text css=&#8221;.vc_custom_1590256384995{margin-top: 0px !important;margin-right: 0px !important;margin-bottom: 0px !important;margin-left: 0px !important;padding-top: 0px !important;padding-right: 0px !important;padding-bottom: 0px !important;padding-left: 0px !important;}&#8221;]<a href=\"#s3\"><div id=\"anim-69f1b8b3cf3d8\" class=\"wpbdmv-animation align-center renderer-svg  \" style=\"max-width: 20px; min-height: 30px; margin-right: auto; margin-left: auto;\"><\/div><\/a>[\/vc_column_text][\/vc_column][\/vc_row][vc_row full_width=&#8221;stretch_row&#8221; full_height=&#8221;yes&#8221; css=&#8221;.vc_custom_1590144059300{background-image: url(https:\/\/ufec.cat\/spey\/wp-content\/uploads\/2020\/05\/bgd-04.jpg?id=33) !important;background-position: center !important;background-repeat: no-repeat !important;background-size: cover !important;}&#8221; el_id=&#8221;s3&#8243;][vc_column css_animation=&#8221;fadeIn&#8221;][vc_row_inner][vc_column_inner el_class=&#8221;s3right&#8221; width=&#8221;1\/3&#8243; offset=&#8221;vc_col-lg-offset-6 vc_col-lg-6 vc_col-md-offset-6 vc_col-md-6 vc_col-sm-offset-8&#8243;][vc_column_text el_class=&#8221;big&#8221;]<\/p>\n<h3 style=\"text-align: right;\">DOCUMENTAL<\/h3>\n<p class=\"\" style=\"text-align: right;\"><em>Descobreix el Documental del projecte SPEY<\/em><\/p>\n<p>[\/vc_column_text][vc_btn title=&#8221;Visualitza&#8221; style=&#8221;flat&#8221; shape=&#8221;square&#8221; color=&#8221;white&#8221; size=&#8221;lg&#8221; align=&#8221;right&#8221; el_class=&#8221;whitebutton&#8221; link=&#8221;url:https%3A%2F%2Fyoutu.be%2Fk1YcqEOhVXU|title:Noticies|target:%20_blank|&#8221;][\/vc_column_inner][\/vc_row_inner][vc_row_inner][vc_column_inner width=&#8221;5\/6&#8243; offset=&#8221;vc_col-lg-7 vc_col-md-10&#8243;][vc_column_text el_class=&#8221;big s3left&#8221;]<\/p>\n<p class=\"dropcap\">La nostra missi\u00f3 consisteix a oferir solucions pr\u00e0ctiques a problem\u00e0tiques socials que intervenen en l\u2019adopci\u00f3 en els joves d\u2019ideologies i comportaments violents dins les societats europees.<\/p>\n<p>La nostra llarga experi\u00e8ncia ha provat que, sense cap dubte, l\u2019esport \u00e9s una de les eines m\u00e9s efectives per a la cohesi\u00f3 social.<\/p>\n<p>&nbsp;<\/p>\n<p><strong>NOT\u00cdCIES<\/strong><\/p>\n<p><em>Les \u00faltimes not\u00edcies d\u2019 <strong>SPEY<\/strong>.<br \/>\nMantenir-se informat tamb\u00e9 significa formar part del projecte<\/em>[\/vc_column_text][vc_btn title=&#8221;Visualitza&#8221; style=&#8221;flat&#8221; shape=&#8221;square&#8221; color=&#8221;white&#8221; size=&#8221;lg&#8221; align=&#8221;left&#8221; el_class=&#8221;whitebutton&#8221; link=&#8221;url:https%3A%2F%2Fufec.cat%2Fspey%2Fca%2Fnoticies%2F|title:Noticies|&#8221;][\/vc_column_inner][\/vc_row_inner][\/vc_column][\/vc_row][vc_row el_class=&#8221;icodown&#8221; css=&#8221;.vc_custom_1590160239199{padding-top: 0px !important;padding-right: 0px !important;padding-bottom: 0px !important;padding-left: 0px !important;}&#8221;][vc_column css=&#8221;.vc_custom_1590156110823{margin: 0px !important;padding: 0px !important;border: 0px initial !important;}&#8221;][vc_column_text css=&#8221;.vc_custom_1590256397867{margin-top: 0px !important;margin-right: 0px !important;margin-bottom: 0px !important;margin-left: 0px !important;padding-top: 0px !important;padding-right: 0px !important;padding-bottom: 0px !important;padding-left: 0px !important;}&#8221;]<a href=\"#s4\"><div id=\"anim-69f1b8b3cf4a8\" class=\"wpbdmv-animation align-center renderer-svg  \" style=\"max-width: 20px; min-height: 30px; margin-right: auto; margin-left: auto;\"><\/div><\/a>[\/vc_column_text][\/vc_column][\/vc_row][vc_row full_width=&#8221;stretch_row&#8221; full_height=&#8221;yes&#8221; css=&#8221;.vc_custom_1590324010800{background-image: url(https:\/\/ufec.cat\/spey\/wp-content\/uploads\/2020\/05\/bgd-05.jpg?id=34) !important;background-position: center !important;background-repeat: no-repeat !important;background-size: cover !important;}&#8221; el_id=&#8221;s4&#8243; el_class=&#8221;footerhome&#8221;][vc_column][vc_column_text el_class=&#8221;white dropcap&#8221;]<\/p>\n<p style=\"text-align: center;\">Juntes compartim l\u2019energia per tirar endavant aquest projecte. Gr\u00e0cies a totes vosaltres pel vostre inestimable suport.<\/p>\n<p>[\/vc_column_text][vc_row_inner][vc_column_inner el_class=&#8221;logosfooter&#8221;][vc_single_image image=&#8221;120&#8243; img_size=&#8221;full&#8221; css_animation=&#8221;fadeIn&#8221;][vc_single_image image=&#8221;121&#8243; img_size=&#8221;full&#8221; css_animation=&#8221;fadeIn&#8221;][vc_single_image image=&#8221;127&#8243; img_size=&#8221;full&#8221; css_animation=&#8221;fadeIn&#8221;][vc_single_image image=&#8221;123&#8243; img_size=&#8221;full&#8221; css_animation=&#8221;fadeIn&#8221;][vc_single_image image=&#8221;126&#8243; img_size=&#8221;full&#8221; css_animation=&#8221;fadeIn&#8221;][vc_single_image image=&#8221;129&#8243; img_size=&#8221;full&#8221; css_animation=&#8221;fadeIn&#8221;][vc_single_image image=&#8221;124&#8243; img_size=&#8221;full&#8221; css_animation=&#8221;fadeIn&#8221;][vc_single_image image=&#8221;122&#8243; img_size=&#8221;full&#8221; css_animation=&#8221;fadeIn&#8221;][\/vc_column_inner][\/vc_row_inner][vc_row_inner el_class=&#8221;footersitemap&#8221;][vc_column_inner width=&#8221;1\/6&#8243;][vc_wp_custommenu nav_menu=&#8221;3&#8243;][\/vc_column_inner][vc_column_inner width=&#8221;1\/6&#8243;][vc_wp_custommenu nav_menu=&#8221;4&#8243;][\/vc_column_inner][vc_column_inner width=&#8221;1\/6&#8243;][vc_wp_custommenu nav_menu=&#8221;5&#8243;][\/vc_column_inner][vc_column_inner width=&#8221;1\/6&#8243;][vc_wp_custommenu nav_menu=&#8221;6&#8243;][\/vc_column_inner][vc_column_inner width=&#8221;1\/6&#8243;][vc_wp_custommenu nav_menu=&#8221;7&#8243;][\/vc_column_inner][vc_column_inner width=&#8221;1\/6&#8243;][vc_wp_custommenu nav_menu=&#8221;8&#8243;][\/vc_column_inner][\/vc_row_inner][vc_row_inner][vc_column_inner el_class=&#8221;footerleft&#8221; width=&#8221;1\/3&#8243;][vc_widget_sidebar sidebar_id=&#8221;footer_1&#8243;][\/vc_column_inner][vc_column_inner el_class=&#8221;footercenter&#8221; width=&#8221;1\/3&#8243;][vc_widget_sidebar sidebar_id=&#8221;footer_2&#8243;][\/vc_column_inner][vc_column_inner el_class=&#8221;footerright&#8221; width=&#8221;1\/3&#8243;][vc_widget_sidebar sidebar_id=&#8221;footer_3&#8243;][\/vc_column_inner][\/vc_row_inner][\/vc_column][\/vc_row]<\/p>\n","protected":false},"excerpt":{"rendered":"<p>[vc_row full_width=&#8221;stretch_row&#8221; full_height=&#8221;yes&#8221; equal_height=&#8221;yes&#8221; css=&#8221;.vc_custom_1590154770131{background-image: url(https:\/\/ufec.cat\/spey\/wp-content\/uploads\/2020\/05\/bgd-01.jpg?id=30) !important;background-position: center !important;background-repeat: no-repeat !important;background-size: cover !important;}&#8221;][vc_column width=&#8221;1\/2&#8243; offset=&#8221;vc_col-lg-offset-0&#8243;][vc_column_text css=&#8221;.vc_custom_1590489768197{margin-top: 0px !important;margin-right: 0px !important;margin-bottom: 0px !important;margin-left: 0px !important;padding-top: 0px !important;padding-right: 0px !important;padding-bottom: 0px !important;padding-left: 0px !important;}&#8221;][\/vc_column_text][\/vc_column][\/vc_row][vc_row el_class=&#8221;icodown&#8221; css=&#8221;.vc_custom_1590160239199{padding-top: 0px !important;padding-right: 0px !important;padding-bottom: 0px !important;padding-left: 0px !important;}&#8221;][vc_column css=&#8221;.vc_custom_1590156110823{margin: 0px !important;padding: 0px !important;border: 0px initial !important;}&#8221;][vc_column_text css=&#8221;.vc_custom_1590256308401{margin-top: 0px !important;margin-right: 0px !important;margin-bottom: [&hellip;]<\/p>\n","protected":false},"author":1,"featured_media":0,"parent":0,"menu_order":0,"comment_status":"closed","ping_status":"closed","template":"","meta":[],"_links":{"self":[{"href":"https:\/\/ufec.cat\/spey\/wp-json\/wp\/v2\/pages\/385"}],"collection":[{"href":"https:\/\/ufec.cat\/spey\/wp-json\/wp\/v2\/pages"}],"about":[{"href":"https:\/\/ufec.cat\/spey\/wp-json\/wp\/v2\/types\/page"}],"author":[{"embeddable":true,"href":"https:\/\/ufec.cat\/spey\/wp-json\/wp\/v2\/users\/1"}],"replies":[{"embeddable":true,"href":"https:\/\/ufec.cat\/spey\/wp-json\/wp\/v2\/comments?post=385"}],"version-history":[{"count":7,"href":"https:\/\/ufec.cat\/spey\/wp-json\/wp\/v2\/pages\/385\/revisions"}],"predecessor-version":[{"id":1005,"href":"https:\/\/ufec.cat\/spey\/wp-json\/wp\/v2\/pages\/385\/revisions\/1005"}],"wp:attachment":[{"href":"https:\/\/ufec.cat\/spey\/wp-json\/wp\/v2\/media?parent=385"}],"curies":[{"name":"wp","href":"https:\/\/api.w.org\/{rel}","templated":true}]}}