{"id":387,"date":"2020-06-29T16:05:43","date_gmt":"2020-06-29T14:05:43","guid":{"rendered":"https:\/\/ufec.cat\/spey\/el-projecte\/"},"modified":"2020-06-29T16:42:45","modified_gmt":"2020-06-29T14:42:45","slug":"el-projecte","status":"publish","type":"page","link":"https:\/\/ufec.cat\/spey\/ca\/el-projecte\/","title":{"rendered":"El projecte"},"content":{"rendered":"<p>[vc_row full_width=&#8221;stretch_row&#8221; css=&#8221;.vc_custom_1590400785323{background-position: center !important;background-repeat: no-repeat !important;background-size: cover !important;}&#8221;][vc_column css_animation=&#8221;none&#8221; offset=&#8221;vc_col-lg-offset-3 vc_col-lg-9 vc_col-md-offset-3 vc_col-md-9 vc_col-sm-offset-0&#8243;][vc_column_text el_class=&#8221;big righttick white&#8221;]<\/p>\n<h2 style=\"text-align: right;\">EL PROJECTE<\/h2>\n<p style=\"text-align: right;\"><strong>SPEY <\/strong><em>Sport for Prevention of Extremism in Youth<\/em> (Esport per a la prevenci\u00f3 de l\u2019extremisme en els i les joves) i els programes i eines que se\u2019n deriven han estat desenvolupades per donar suport a la implementaci\u00f3 de les directrius d\u2019activitat f\u00edsica de la Uni\u00f3 Europea. El projecte SPEY est\u00e0 alineat amb la implementaci\u00f3 de les recomanacions del Consell Europeu sobre activitat f\u00edsica i benestar.<\/p>\n<p>\u00a0[\/vc_column_text][\/vc_column][\/vc_row][vc_row full_width=&#8221;stretch_row&#8221; css=&#8221;.vc_custom_1590400785323{background-position: center !important;background-repeat: no-repeat !important;background-size: cover !important;}&#8221;][vc_column css_animation=&#8221;none&#8221; offset=&#8221;vc_col-lg-offset-0 vc_col-lg-9 vc_col-md-offset-0 vc_col-md-9 vc_col-sm-offset-0&#8243;][vc_empty_space height=&#8221;40px&#8221;][vc_column_text el_class=&#8221;big white&#8221;]<strong>El projecte SPEY<\/strong>, capitanejat per la UFEC, combina la pr\u00e0ctica esportiva i l\u2019aprenentatge de compet\u00e8ncies transversals amb l\u2019objectiu de minimitzar els factors de risc que intervenen en el proc\u00e9s de radicalitzaci\u00f3 en els joves. Ent\u00e8s que l\u2019extremisme usa sovint l\u2019exclusi\u00f3 social com a catalitzadora de certs discursos d\u2019odi, SPEY tamb\u00e9 busca millorar els canals d\u2019integraci\u00f3 i la xarxa de suport de persones en risc d\u2019exclusi\u00f3 social mantenint sempre una visi\u00f3 de g\u00e8nere transversal en tot el projecte. Liderat per acad\u00e8mics reconeguts, SPEY vol produir eines capaces de mesurar l\u2019efectivitat dels programes destinats a la prevenci\u00f3 de l\u2019extremisme a trav\u00e9s de l\u2019esport.[\/vc_column_text][vc_empty_space height=&#8221;40px&#8221;][\/vc_column][\/vc_row][vc_row el_id=&#8221;goals&#8221;][vc_column width=&#8221;5\/12&#8243; el_class=&#8221;headgoals&#8221; css=&#8221;.vc_custom_1591348525720{background-color: #ffffff !important;}&#8221; offset=&#8221;vc_col-lg-3 vc_col-md-3 vc_col-xs-7&#8243;][vc_empty_space height=&#8221;150px&#8221; el_class=&#8221;space150&#8243;][vc_custom_heading text=&#8221;METES&#8221; font_container=&#8221;tag:h3|text_align:left|color:%2306162b&#8221; el_class=&#8221;white&#8221;][\/vc_column][\/vc_row][vc_row full_width=&#8221;stretch_row&#8221; css=&#8221;.vc_custom_1591259484314{background-color: #003384 !important;}&#8221;][vc_column css=&#8221;.vc_custom_1591259434579{margin-top: 0px !important;margin-bottom: 0px !important;padding-top: 0px !important;padding-bottom: 0px !important;}&#8221;][vc_row_inner][vc_column_inner width=&#8221;5\/12&#8243; css=&#8221;.vc_custom_1591348534304{background-color: #ffffff !important;}&#8221; offset=&#8221;vc_col-lg-3 vc_col-md-3 vc_col-xs-7&#8243;][\/vc_column_inner][\/vc_row_inner][vc_row_inner css=&#8221;.vc_custom_1591259682223{margin-top: 50px !important;}&#8221;][vc_column_inner offset=&#8221;vc_col-lg-offset-0 vc_col-lg-12&#8243;][vc_column_text el_class=&#8221;white big&#8221;]El projecte est\u00e0 enfocat a assolir dos objectius generals:[\/vc_column_text][\/vc_column_inner][\/vc_row_inner][vc_row_inner][vc_column_inner width=&#8221;1\/2&#8243; offset=&#8221;vc_col-lg-offset-0 vc_col-lg-6&#8243;][vc_column_text el_class=&#8221;white justify generalobjective1&#8243;]Desenvolupar un programa socioesportiu amb l\u2019objectiu de prevenir els processos d\u2019adopci\u00f3 de qualsevol tipus d\u2019idees o comportaments violents en els joves. Al llarg de la seva implementaci\u00f3 i sabent que l\u2019extremisme usa sovint l\u2019exclusi\u00f3 social com catalitzadora de certs discursos d\u2019odi, SPEY tamb\u00e9 treballa per millorar tant els canals d\u2019integraci\u00f3 com la xarxa de suport de joves vulnerabilitzats. El programa est\u00e0 creat per experts en educaci\u00f3, psicologia i esport, i validat per un grup d\u2019acad\u00e8mics del proc\u00e9s de radicalitzaci\u00f3. Enfocat en la pr\u00e0ctica esportiva, l\u2019activitat f\u00edsica i les compet\u00e8ncies transversals, SPEY vol contribuir a millorar contextos que enfronten diferents problem\u00e0tiques socials. El projecte est\u00e0 dissenyat i aplicat amb perspectiva transversal de g\u00e8nere. Tamb\u00e9 en cooperaci\u00f3 constant amb diferents actors rellevants, tals com les administracions locals, les federacions esportives, clubs o ONGs[\/vc_column_text][\/vc_column_inner][vc_column_inner width=&#8221;1\/2&#8243;][vc_column_text el_class=&#8221;white justify generalobjective2&#8243;]Desenvolupar eines de mesura basades en l\u2019an\u00e0lisi de la literatura acad\u00e8mica dels processos de radicalitzaci\u00f3 i la seva prevenci\u00f3 a trav\u00e9s de la seva aplicaci\u00f3 pr\u00e0ctica. En aquest sentit, diversos indicadors capa\u00e7os de mesurar l\u2019efici\u00e8ncia del programa seran desenvolupats. Amb aix\u00f2 SPEY espera contribuir en el debat entorn l\u2019efectivitat de l\u2019\u00fas de la pr\u00e0ctica esportiva com mesura preventiva dels processos d\u2019adopci\u00f3 d\u2019idees i comportaments emmarcats en l\u2019extremisme violent.[\/vc_column_text][\/vc_column_inner][\/vc_row_inner][vc_row_inner][vc_column_inner offset=&#8221;vc_col-lg-offset-0 vc_col-lg-12&#8243;][vc_column_text el_class=&#8221;white big&#8221;]A m\u00e9s, SPEY vol assolir certs <strong>objectius espec\u00edfics<\/strong>, alguns d\u2019ells derivats dels generals:[\/vc_column_text][\/vc_column_inner][\/vc_row_inner][vc_row_inner equal_height=&#8221;yes&#8221; el_class=&#8221;goalsitems&#8221;][vc_column_inner el_class=&#8221;goalsitem1&#8243; width=&#8221;1\/4&#8243; css=&#8221;.vc_custom_1591257855741{padding-top: 50px !important;}&#8221;][vc_column_text el_class=&#8221;white goalsitemtext&#8221;]<\/p>\n<p style=\"text-align: right;\"><strong>Augmentar i enfortir les relacions positives dins la comunitat:<br \/>\n<\/strong>volem millorar els canals d\u2019integraci\u00f3 i la cohesi\u00f3 social<\/p>\n<p>\u00a0[\/vc_column_text][\/vc_column_inner][vc_column_inner el_class=&#8221;goalsitem2&#8243; width=&#8221;1\/4&#8243; css=&#8221;.vc_custom_1591257880314{padding-top: 50px !important;}&#8221;][vc_column_text el_class=&#8221;white justify goalsitemtext&#8221;]<strong>Millorar les habilitats dels joves i els seus valors:<br \/>\n<\/strong>el nostre objectiu \u00e9s oferir formaci\u00f3 i entrenament als i les joves a trav\u00e9s de l\u2019esport i les compet\u00e8ncies transversals.[\/vc_column_text][\/vc_column_inner][vc_column_inner el_class=&#8221;goalsitem3&#8243; width=&#8221;1\/4&#8243; css=&#8221;.vc_custom_1591257884475{padding-top: 50px !important;}&#8221;][vc_column_text el_class=&#8221;white justify goalsitemtext&#8221;]<strong>Millorar el benestar i la salut:<br \/>\n<\/strong>treballem pel benestar a trav\u00e9s de la pr\u00e0ctica esportiva.[\/vc_column_text][\/vc_column_inner][vc_column_inner el_class=&#8221;goalsitem4&#8243; width=&#8221;1\/4&#8243; css=&#8221;.vc_custom_1591257888610{padding-top: 50px !important;}&#8221;][vc_column_text el_class=&#8221;white goalsitemtext&#8221;]<strong>Refor\u00e7ar la cooperaci\u00f3<br \/>\nentre els diferents actors socials:<br \/>\n<\/strong>creem un triangle d\u2019intervenci\u00f3 entre l\u2019administraci\u00f3 p\u00fablica, les organitzacions esportives i les entitats i ONGs locals.[\/vc_column_text][vc_column_text el_class=&#8221;white&#8221;]D\u2019aquesta manera, <strong>augmentem el nombre d\u2019actors socials <\/strong>coneixedors del fenomen perqu\u00e8 puguin intervenir en la prevenci\u00f3 de les causes que hi intervenen.[\/vc_column_text][vc_column_text el_class=&#8221;white&#8221;]Compartim el projecte amb actors socials d\u2019altres pa\u00efsos de manera que pugui ser <strong>replicat i implementat en diferents<br \/>\ncontextos.<\/strong><\/p>\n<p><strong>\u00a0<\/strong>[\/vc_column_text][\/vc_column_inner][\/vc_row_inner][vc_empty_space height=&#8221;50px&#8221;][vc_row_inner][vc_column_inner width=&#8221;5\/12&#8243; css=&#8221;.vc_custom_1591348558244{background-color: #ffffff !important;}&#8221; offset=&#8221;vc_col-lg-offset-9 vc_col-lg-3 vc_col-md-offset-9 vc_col-md-3 vc_col-sm-offset-7 vc_col-xs-7&#8243;][\/vc_column_inner][\/vc_row_inner][\/vc_column][\/vc_row][vc_row el_id=&#8221;timelines&#8221;][vc_column width=&#8221;5\/12&#8243; el_class=&#8221;headgoals&#8221; css=&#8221;.vc_custom_1591348565048{background-color: #ffffff !important;}&#8221; offset=&#8221;vc_col-lg-offset-9 vc_col-lg-3 vc_col-md-offset-9 vc_col-md-3 vc_col-sm-offset-7 vc_col-xs-7&#8243;][vc_empty_space height=&#8221;125px&#8221; el_class=&#8221;space150&#8243;][vc_custom_heading text=&#8221;TIMELINES&#8221; font_container=&#8221;tag:h3|text_align:left|color:%2306162b&#8221; el_class=&#8221;white&#8221;][vc_empty_space height=&#8221;25px&#8221;][\/vc_column][\/vc_row][vc_row full_width=&#8221;stretch_row&#8221;][vc_column css=&#8221;.vc_custom_1591259434579{margin-top: 0px !important;margin-bottom: 0px !important;padding-top: 0px !important;padding-bottom: 0px !important;}&#8221;][vc_row_inner css=&#8221;.vc_custom_1591259682223{margin-top: 50px !important;}&#8221;][vc_column_inner offset=&#8221;vc_col-lg-offset-0 vc_col-lg-12&#8243;][vc_column_text el_class=&#8221;white&#8221;]Diferents accions amb els socis d\u2019arreu d\u2019Europa s\u2019estan duent a terme per aconseguir els objectius del projecte SPEY, tals com:[\/vc_column_text][\/vc_column_inner][\/vc_row_inner][vc_row_inner equal_height=&#8221;yes&#8221;][vc_column_inner el_class=&#8221;whatobj01&#8243; width=&#8221;1\/3&#8243; css=&#8221;.vc_custom_1591274831766{margin: 10px !important;}&#8221;][vc_column_text el_class=&#8221;white big&#8221;]<strong>1. Gesti\u00f3 de projecte<br \/>\n<\/strong>[\/vc_column_text][vc_column_text el_class=&#8221;white justify&#8221;]Estem duent a terme una monitoritzaci\u00f3 exhaustiva de la programaci\u00f3 del projecte posant un especial \u00e8mfasi en les trobades internacionals que tenen lloc entre els socis del projecte SPEY. L\u2019objectiu d\u2019aquestes trobades \u00e9s crear el marc del projecte, les tasques especifiques de cada soci, la temporalitzaci\u00f3 de cada activitat, la metodologia i la recollida de dades, les eines de selecci\u00f3 i avaluaci\u00f3, etc.[\/vc_column_text][\/vc_column_inner][vc_column_inner el_class=&#8221;whatobj02&#8243; width=&#8221;1\/3&#8243; css=&#8221;.vc_custom_1591274840234{margin: 10px !important;}&#8221;][vc_column_text el_class=&#8221;white big&#8221;]<strong>2. M\u00f2duls de formaci\u00f3<br \/>\n<\/strong>[\/vc_column_text][vc_column_text el_class=&#8221;white justify&#8221;]L\u2019objectiu dels m\u00f2duls \u00e9s compartir l\u2019experi\u00e8ncia de l\u2019aplicaci\u00f3 i l\u2019avaluaci\u00f3 del programa esportiu als socis i actors socials de diferents pa\u00efsos. En aquests m\u00f2duls de formaci\u00f3, diferents experts que han estat implementant el programa expliquen els resultats del projecte. En aquest aspecte, s\u2019inclouen els desafiaments que han sobrevingut, els \u00e8xits i fracassos, el feedback dels participants i les propostes de millora.[\/vc_column_text][\/vc_column_inner][vc_column_inner el_class=&#8221;whatobj01&#8243; width=&#8221;1\/3&#8243; css=&#8221;.vc_custom_1591274851663{margin: 10px !important;}&#8221;][vc_column_text el_class=&#8221;white big&#8221;]<strong>3. Desenvolupament del programa socioesportiu i comprovaci\u00f3<br \/>\n<\/strong>[\/vc_column_text][vc_column_text el_class=&#8221;white justify&#8221;]L\u2019objectiu \u00e9s desenvolupar el marc general del projecte a partir de la revisi\u00f3 de la literatura acad\u00e8mica. Aquest inclou: cada sessi\u00f3 d\u2019activitats transversals i esportives, les sortides l\u00fadiques a esdeveniments esportius, les rutes de senderisme, voluntariat, etc. Al final del proc\u00e9s, les activitats seran validades pels diferents socis del projecte amb l\u2019objectiu de rebre un feedback per part seva.[\/vc_column_text][\/vc_column_inner][\/vc_row_inner][vc_row_inner equal_height=&#8221;yes&#8221;][vc_column_inner el_class=&#8221;whatobj02&#8243; width=&#8221;1\/3&#8243; css=&#8221;.vc_custom_1591274956518{margin-top: 10px !important;margin-right: 10px !important;margin-bottom: 10px !important;margin-left: 10px !important;}&#8221;][vc_column_text el_class=&#8221;white big&#8221;]<strong>4. Avaluaci\u00f3<br \/>\n<\/strong>[\/vc_column_text][vc_column_text el_class=&#8221;white justify&#8221;]Tots els socis participen en l\u2019avaluaci\u00f3 del projecte en totes les seves etapes de creaci\u00f3 i aplicaci\u00f3. Els participants tamb\u00e9 avaluen el projecte. Totes aquelles propostes de millora seran incorporades amb l\u2019objectiu de minimitzar els factors de risc que intervenen en el proc\u00e9s de radicalitzaci\u00f3 i seran incorporades a la guia d\u2019eines d\u2019SPEY.[\/vc_column_text][\/vc_column_inner][vc_column_inner el_class=&#8221;whatobj01&#8243; width=&#8221;1\/3&#8243; css=&#8221;.vc_custom_1591274960502{margin-top: 10px !important;margin-right: 10px !important;margin-bottom: 10px !important;margin-left: 10px !important;}&#8221;][vc_column_text el_class=&#8221;white big&#8221;]<strong>5. Creaci\u00f3 d\u2019un Toolkit (guia d\u2019eines) del projecte<br \/>\n<\/strong>[\/vc_column_text][vc_column_text el_class=&#8221;white justify&#8221;]Tota la informaci\u00f3 investigada, rellevant i validada del projecte est\u00e0 essent transferida al manual SPEY amb l\u2019objectiu de poder ser usat per altres organitzacions a l\u2019hora de replicar el projecte i formar els professionals. Una secci\u00f3 sobre com involucrar els clubs esportius i captar joves participants per aquestes organitzacions tamb\u00e9 est\u00e0 inclosa.[\/vc_column_text][\/vc_column_inner][vc_column_inner el_class=&#8221;whatobj02&#8243; width=&#8221;1\/3&#8243; css=&#8221;.vc_custom_1591274965153{margin-top: 10px !important;margin-right: 10px !important;margin-bottom: 10px !important;margin-left: 10px !important;}&#8221;][vc_column_text el_class=&#8221;white big&#8221;]<strong>6 .Comunicaci\u00f3 i disseminaci\u00f3 dels resultats del projecte: <\/strong>[\/vc_column_text][vc_column_text el_class=&#8221;white justify&#8221;]La p\u00e0gina web d\u2019SPEY cont\u00e9 tota la informaci\u00f3 i not\u00edcies del projecte. Aquesta tamb\u00e9 \u00e9s la plataforma per compartir el manual de bones pr\u00e0ctiques. Xarxes socials, revistes cient\u00edfiques, <em>newsletters<\/em> i trobades amb diferents socis faran difusi\u00f3 del programa. Finalment, tres confer\u00e8ncies internacionals presenten i promouen el projecte en l\u2019\u00e0mbit internacional.[\/vc_column_text][\/vc_column_inner][\/vc_row_inner][\/vc_column][\/vc_row][vc_row full_width=&#8221;stretch_row&#8221;][vc_column css=&#8221;.vc_custom_1591259434579{margin-top: 0px !important;margin-bottom: 0px !important;padding-top: 0px !important;padding-bottom: 0px !important;}&#8221;][vc_empty_space height=&#8221;50px&#8221;][vc_row_inner css=&#8221;.vc_custom_1591259682223{margin-top: 50px !important;}&#8221;][vc_column_inner offset=&#8221;vc_col-lg-offset-0 vc_col-lg-12&#8243;][vc_column_text el_class=&#8221;white&#8221;]<strong>Tamb\u00e9, m\u00e9s enll\u00e0 de les accions generals:<\/strong>[\/vc_column_text][vc_column_text el_class=&#8221;white&#8221;]L\u2019impacte del projecte SPEY espera mantenir-se en el temps esfor\u00e7ant-se per assolir accions especifiques, tals com:<\/p>\n<ul>\n<li>Encoratjar els joves participants del projecte a participar en altres programes formatius com INSERsport perqu\u00e8 puguin tenir acc\u00e9s al mercat laboral.<\/li>\n<li>Treballar per assolir la igualtat de g\u00e8nere.<\/li>\n<li>Crear lla\u00e7os de mentoria entre els participants del projecte. Els participants compartiran el que han apr\u00e8s amb altres joves participants en la segona fase, en altres projectes esportius o en programes duts a terme pel Departament d\u2019Acci\u00f3 Social de la UFEC. D\u2019aquesta manera, volem garantir que els joves tinguin rols vitals v\u00e0lids en les seves vides.<\/li>\n<\/ul>\n<p>[\/vc_column_text][\/vc_column_inner][\/vc_row_inner][vc_empty_space height=&#8221;50px&#8221;][\/vc_column][\/vc_row][vc_row][vc_column][vc_column_text][\/vc_column_text][\/vc_column][\/vc_row]<\/p>\n","protected":false},"excerpt":{"rendered":"<p>[vc_row full_width=&#8221;stretch_row&#8221; css=&#8221;.vc_custom_1590400785323{background-position: center !important;background-repeat: no-repeat !important;background-size: cover !important;}&#8221;][vc_column css_animation=&#8221;none&#8221; offset=&#8221;vc_col-lg-offset-3 vc_col-lg-9 vc_col-md-offset-3 vc_col-md-9 vc_col-sm-offset-0&#8243;][vc_column_text el_class=&#8221;big righttick white&#8221;] EL PROJECTE SPEY Sport for Prevention of Extremism in Youth (Esport per a la prevenci\u00f3 de l\u2019extremisme en els i les joves) i els programes i eines que se\u2019n deriven han estat desenvolupades per donar suport a [&hellip;]<\/p>\n","protected":false},"author":3,"featured_media":0,"parent":0,"menu_order":0,"comment_status":"closed","ping_status":"closed","template":"","meta":[],"_links":{"self":[{"href":"https:\/\/ufec.cat\/spey\/wp-json\/wp\/v2\/pages\/387"}],"collection":[{"href":"https:\/\/ufec.cat\/spey\/wp-json\/wp\/v2\/pages"}],"about":[{"href":"https:\/\/ufec.cat\/spey\/wp-json\/wp\/v2\/types\/page"}],"author":[{"embeddable":true,"href":"https:\/\/ufec.cat\/spey\/wp-json\/wp\/v2\/users\/3"}],"replies":[{"embeddable":true,"href":"https:\/\/ufec.cat\/spey\/wp-json\/wp\/v2\/comments?post=387"}],"version-history":[{"count":2,"href":"https:\/\/ufec.cat\/spey\/wp-json\/wp\/v2\/pages\/387\/revisions"}],"predecessor-version":[{"id":425,"href":"https:\/\/ufec.cat\/spey\/wp-json\/wp\/v2\/pages\/387\/revisions\/425"}],"wp:attachment":[{"href":"https:\/\/ufec.cat\/spey\/wp-json\/wp\/v2\/media?parent=387"}],"curies":[{"name":"wp","href":"https:\/\/api.w.org\/{rel}","templated":true}]}}