{"id":397,"date":"2020-06-29T16:14:49","date_gmt":"2020-06-29T14:14:49","guid":{"rendered":"https:\/\/ufec.cat\/spey\/cookies\/"},"modified":"2020-06-29T16:44:00","modified_gmt":"2020-06-29T14:44:00","slug":"cookies","status":"publish","type":"page","link":"https:\/\/ufec.cat\/spey\/ca\/cookies\/","title":{"rendered":"Cookies"},"content":{"rendered":"<p>[vc_row full_width=&#8221;stretch_row&#8221; css=&#8221;.vc_custom_1590400785323{background-position: center !important;background-repeat: no-repeat !important;background-size: cover !important;}&#8221;][vc_column width=&#8221;5\/6&#8243; offset=&#8221;vc_col-lg-offset-3 vc_col-lg-9 vc_col-md-offset-3 vc_col-md-9 vc_col-sm-offset-2&#8243;][vc_column_text el_class=&#8221;big righttickgrey grey&#8221;]<\/p>\n<h2 style=\"text-align: right;\"><em><strong>COOKIES<\/strong><\/em><\/h2>\n<p style=\"text-align: right;\"><em>El projecte <strong>SPEY<\/strong> Sport for Prevention of Extremism in Youth, i els seus programes i eines derivades han estat desenvolupats per donar suport a la implementaci\u00f3 de les Directrius de la activitat f\u00edsica de la UE.<\/em><\/p>\n<p>[\/vc_column_text][\/vc_column][\/vc_row][vc_row][vc_column][vc_column_text]<\/p>\n<h3>INFORMACI\u00d3 SOBRE COOKIES<\/h3>\n<p>A causa de l&#8217;entrada en vigor de la referent modificaci\u00f3 de la &#8220;Llei de Serveis de la Societat de la Informaci\u00f3&#8221; (LSSICE) establerta pel Reial Decret 13\/2012, \u00e9s d&#8217;obligaci\u00f3 obtenir el consentiment expr\u00e9s de l&#8217;usuari de totes les p\u00e0gines web que utilitzen cookies prescindibles, abans que aquest navegui per elles.<\/p>\n<p>&nbsp;<\/p>\n<h3>QU\u00c8 S\u00d3N LES COOKIES?<\/h3>\n<p>Les cookies i altres tecnologies similars tals com a local shared objects, flash cookies o p\u00edxels, s\u00f3n eines emprades pels servidors web per emmagatzemar i recuperar informaci\u00f3 sobre els seus visitants, aix\u00ed com per oferir un correcte funcionament del lloc.<\/p>\n<p>Mitjan\u00e7ant l&#8217;\u00fas d&#8217;aquests dispositius es permet al servidor web recordar algunes dades concernents a l&#8217;usuari, com les seves prefer\u00e8ncies per a la visualitzaci\u00f3 de les p\u00e0gines d&#8217;aquest servidor, nom i contrasenya, productes que m\u00e9s li interessen, etc.<\/p>\n<p>&nbsp;<\/p>\n<h3>COOKIES AFECTADES PER LA NORMATIVA I COOKIES EXEMPTES<\/h3>\n<p>Segons la directiva de la UE, les cookies que requereixen el consentiment informat per part de l&#8217;usuari s\u00f3n les cookies d&#8217;anal\u00edtica i les de publicitat i afiliaci\u00f3, quedant exceptuades les de car\u00e0cter t\u00e8cnic i les necess\u00e0ries per al funcionament del lloc web o la prestaci\u00f3 de serveis expressament demanats per l&#8217;usuari.<\/p>\n<p>&nbsp;<\/p>\n<h3>QUIN TIPUS DE COOKIES HI HA?<\/h3>\n<ul>\n<li>Sobre els tipus de galetes, hi ha cinc grans grups:<\/li>\n<li>Cookies anal\u00edtiques: recullen informaci\u00f3 de l&#8217;\u00fas que es realitza del lloc web.<\/li>\n<li>Cookies socials: s\u00f3n aquelles necess\u00e0ries per a xarxes socials externes.<\/li>\n<li>Cookies d&#8217;afiliats: permeten fer un seguiment de les visites procedents d&#8217;altres webs, amb les que el lloc web estableix un contracte d\u2018afiliaci\u00f3 (empreses d&#8217;afiliaci\u00f3).<\/li>\n<li>Cookies de publicitat i comportament: recullen informaci\u00f3 sobre les prefer\u00e8ncies i eleccions personals de l&#8217;usuari (retargeting).<\/li>\n<li>Cookies t\u00e8cniques i funcionals: s\u00f3n les estrictament necess\u00e0ries per a l&#8217;\u00fas del lloc web i per a la prestaci\u00f3 del servei contractat.<\/li>\n<\/ul>\n<p>&nbsp;<\/p>\n<h3>QUIN TIPUS DE COOKIES HI HA?<\/h3>\n<p><strong>PHPSESSID:\u00a0<\/strong>cookie t\u00e8cnica i estrictament necess\u00e0ria que cont\u00e9 l&#8217;identificador de la sessi\u00f3. S&#8217;elimina en tancar el navegador.<\/p>\n<p><strong>_ga:\u00a0<\/strong>cookie de Google Analytics Universal que habilita la funci\u00f3 de control de visites \u00faniques. La primera vegada que un usuari entri al lloc web a trav\u00e9s d&#8217;un navegador s&#8217;instal\u00b7lar\u00e0 aquesta galeta. Quan aquest usuari torni a entrar a la web amb el mateix navegador, la galeta considerar\u00e0 que \u00e9s el mateix usuari. Nom\u00e9s en el cas que l&#8217;usuari canvi\u00ef de navegador, es considerar\u00e0 un altre usuari. Caduca als 2 anys des de l&#8217;\u00faltima actualitzaci\u00f3.<br \/>\n<strong>_gat:\u00a0<\/strong>Aquesta cookie s&#8217;associa amb Google Analytics Universal. S&#8217;utilitza per limitar la velocitat de petici\u00f3 &#8211; la limitaci\u00f3 de la recollida de dades en els llocs d&#8217;alt tr\u00e0nsit. Caduca als 10 minuts.<br \/>\n<strong>_utma:\u00a0<\/strong>Cookie de Google Analytics que registra la data de la primera i \u00faltima vegada que l&#8217;usuari va vestir el lloc web. Caduca als 2 anys des de l&#8217;\u00faltima actualitzaci\u00f3.<br \/>\n<strong>_utmb:\u00a0<\/strong>Cookie de Google Analytics que registra l&#8217;hora d&#8217;arribada a la p\u00e0gina web. Caduca als 30 minuts des de l&#8217;\u00faltima actualitzaci\u00f3.<br \/>\n<strong>_utmc:\u00a0<\/strong>Cookie de Google Analytics utilitzada per a la interoperabilitat amb el codi de seguiment urchin.js. S&#8217;elimina en tancar el navegador.<br \/>\n<strong>_utmt:\u00a0<\/strong>Cookie de Google Analytics utilitzada per a processar el tipus de sol\u00b7licitud demanada per l&#8217;usuari.Caduca en finalitzar la sessi\u00f3.<br \/>\n<strong>_utmv:\u00a0<\/strong>Cookie de Google Analytics utilitzada per a segmentar dades demogr\u00e0fiques. Caduca en finalitzar la sessi\u00f3.<br \/>\n<strong>_utmz:<\/strong>\u00a0Cookie de Google Analytics que emmagatzema la font de tr\u00e0nsit o una campanya per explicar com l&#8217;usuari va arribar al lloc web. Caduca als 6 mesos des de l&#8217;\u00faltima actualitzaci\u00f3.<\/p>\n<p>&nbsp;<\/p>\n<h3>REVOCACI\u00d3 DEL CONSENTIMENT PER INSTAL\u00b7LAR COOKIES<\/h3>\n<p>COM ELIMINAR LES COOKIES DEL NAVEGADOR<\/p>\n<p><strong>Chrome<br \/>\n<\/strong>Seleccioneu la icona d&#8217;Eines<br \/>\nFeu clic a Configuraci\u00f3.<br \/>\nFes clic a Mostra Opcions Avan\u00e7ades.<br \/>\nA la secci\u00f3 &#8220;Privadesa&#8221; feu clic a Configuraci\u00f3 de contingut. \u2022 Suprimeix les galetes: Fes clic a Totes les galetes i dades del lloc &#8230; \u2022 No permetre que s&#8217;emmagatzemin cookies.<br \/>\nFes clic a Elimina les dades de navegaci\u00f3 (buidar la Mem\u00f2ria cau).<br \/>\nTanca i reinicia el navegador.<br \/>\nPer a m\u00e9s informaci\u00f3 sobre Chrome premi aqu\u00ed:\u00a0<a href=\"http:\/\/support.google.com\/chrome\/answer\/95647?hl=es\">http:\/\/support.google.com\/chrome\/answer\/95647?hl=es<\/a><\/p>\n<p><strong>Internet Explorer. Versi\u00f3 11<br \/>\n<\/strong>Selecciona Eines | Opcions d&#8217;Internet.<br \/>\nFes clic a la pestanya General.<br \/>\nA la secci\u00f3 &#8220;Historial de navegaci\u00f3&#8221;, feu clic a Suprimeix l&#8217;historial d&#8217;exploraci\u00f3 al sortir.<br \/>\nSeleccionar Eliminar arxius.<br \/>\nSeleccionar Suprimeix les galetes.<br \/>\nFeu clic a Suprimeix.<br \/>\nFes clic a D&#8217;acord.<br \/>\nTanca i reinicia el navegador.<br \/>\nPer a m\u00e9s informaci\u00f3 sobre Internet Explorer premi aqu\u00ed:\u00a0<a href=\"http:\/\/windows.microsoft.com\/es-419\/windows7\/how-to-manage-cookies-in-internet-explorer-9\">http:\/\/windows.microsoft.com\/es-419\/windows7\/how-to-manage-cookies-in-internet-explorer-9<\/a><\/p>\n<p><strong>Firefox. Versi\u00f3 18<br \/>\n<\/strong>Selecciona Firefox | Historial | Neteja l&#8217;historial recent.<br \/>\nAl costat de &#8220;Detalls&#8221;, fes clic a la fletxa cap avall.<br \/>\nSelecciona les seg\u00fcents caselles de verificaci\u00f3: galetes, Mem\u00f2ria cau, Inicis de sessi\u00f3 actius.<br \/>\nUsant el &#8220;Per\u00edode de temps per esborrar&#8221; al men\u00fa desplegable, selecciona Tot.<br \/>\nFeu clic a Neteja ara.<br \/>\nTanca i reinicia el navegador.<br \/>\nPot acceptar o rebutjar les galetes individualment en les Prefer\u00e8ncies de Firefox, a la secci\u00f3 Historial disponible a Eines&gt; Opcions&gt; Privadesa.<br \/>\nPer a m\u00e9s informaci\u00f3 sobre Mozilla Firefox premi aqu\u00ed:\u00a0<a href=\"https:\/\/www.mozilla.org\/es-ES\/privacy\/websites\/#cookies\">https:\/\/www.mozilla.org\/es-ES\/privacy\/websites\/#cookies<\/a><\/p>\n<p><strong>Safari Versi\u00f3 5.1<br \/>\n<\/strong>Seleccioneu la icona de Safari \/ Edita | Restaura Safari.<br \/>\nSelecciona les seg\u00fcents caselles de verificaci\u00f3: Esborrar l&#8217;historial, Eliminar totes les dades de lloc web.<br \/>\nFes clic a Restablir.<br \/>\nTanca i reinicia el navegador.<br \/>\nPer a m\u00e9s informaci\u00f3 sobre Safari premi aqu\u00ed:\u00a0<a href=\"http:\/\/support.apple.com\/kb\/PH5042\">http:\/\/support.apple.com\/kb\/PH5042<\/a><\/p>\n<p><strong>Opera<br \/>\n<\/strong>Opcions &#8211; Avan\u00e7at &#8211; Galetes.<br \/>\nLes opcions de cookies controlen la manera en qu\u00e8 Opera els maneja i per tant la seva acceptaci\u00f3 o rebuig.<br \/>\nPer a m\u00e9s informaci\u00f3 sobre \u00d2pera premi aqu\u00ed:\u00a0<a href=\"http:\/\/help.opera.com\/Linux\/10.60\/es-ES\/cookies.html\">http:\/\/help.opera.com\/Linux\/10.60\/es-ES\/cookies.html<\/a><\/p>\n<p><strong>Altres navegadors<br \/>\n<\/strong>Consulteu la documentaci\u00f3 del navegador que tingui instal\u00b7lat.[\/vc_column_text][\/vc_column][\/vc_row]<\/p>\n","protected":false},"excerpt":{"rendered":"<p>[vc_row full_width=&#8221;stretch_row&#8221; css=&#8221;.vc_custom_1590400785323{background-position: center !important;background-repeat: no-repeat !important;background-size: cover !important;}&#8221;][vc_column width=&#8221;5\/6&#8243; offset=&#8221;vc_col-lg-offset-3 vc_col-lg-9 vc_col-md-offset-3 vc_col-md-9 vc_col-sm-offset-2&#8243;][vc_column_text el_class=&#8221;big righttickgrey grey&#8221;] COOKIES El projecte SPEY Sport for Prevention of Extremism in Youth, i els seus programes i eines derivades han estat desenvolupats per donar suport a la implementaci\u00f3 de les Directrius de la activitat f\u00edsica de la UE. [&hellip;]<\/p>\n","protected":false},"author":3,"featured_media":0,"parent":0,"menu_order":0,"comment_status":"closed","ping_status":"closed","template":"","meta":[],"_links":{"self":[{"href":"https:\/\/ufec.cat\/spey\/wp-json\/wp\/v2\/pages\/397"}],"collection":[{"href":"https:\/\/ufec.cat\/spey\/wp-json\/wp\/v2\/pages"}],"about":[{"href":"https:\/\/ufec.cat\/spey\/wp-json\/wp\/v2\/types\/page"}],"author":[{"embeddable":true,"href":"https:\/\/ufec.cat\/spey\/wp-json\/wp\/v2\/users\/3"}],"replies":[{"embeddable":true,"href":"https:\/\/ufec.cat\/spey\/wp-json\/wp\/v2\/comments?post=397"}],"version-history":[{"count":2,"href":"https:\/\/ufec.cat\/spey\/wp-json\/wp\/v2\/pages\/397\/revisions"}],"predecessor-version":[{"id":403,"href":"https:\/\/ufec.cat\/spey\/wp-json\/wp\/v2\/pages\/397\/revisions\/403"}],"wp:attachment":[{"href":"https:\/\/ufec.cat\/spey\/wp-json\/wp\/v2\/media?parent=397"}],"curies":[{"name":"wp","href":"https:\/\/api.w.org\/{rel}","templated":true}]}}