{"id":401,"date":"2020-06-29T16:17:58","date_gmt":"2020-06-29T14:17:58","guid":{"rendered":"https:\/\/ufec.cat\/spey\/politica-de-privacitat\/"},"modified":"2020-06-29T16:46:48","modified_gmt":"2020-06-29T14:46:48","slug":"politica-de-privacitat","status":"publish","type":"page","link":"https:\/\/ufec.cat\/spey\/ca\/politica-de-privacitat\/","title":{"rendered":"Pol\u00edtica de privacitat"},"content":{"rendered":"<p>[vc_row full_width=&#8221;stretch_row&#8221; css=&#8221;.vc_custom_1590400785323{background-position: center !important;background-repeat: no-repeat !important;background-size: cover !important;}&#8221;][vc_column width=&#8221;5\/6&#8243; offset=&#8221;vc_col-lg-offset-3 vc_col-lg-9 vc_col-md-offset-3 vc_col-md-9 vc_col-sm-offset-2&#8243;][vc_column_text el_class=&#8221;big righttickgrey grey&#8221;]<\/p>\n<h2 style=\"text-align: right;\"><strong>POL\u00cdTICA DE PRIVACITAT<br \/>\n<\/strong><\/h2>\n<p style=\"text-align: right;\"><em>El projecte <strong>SPEY<\/strong> Sport for Prevention of Extremism in Youth, i els seus programes i eines derivades han estat desenvolupats per donar suport a la implementaci\u00f3 de les Directrius de l&#8217;activitat f\u00edsica de la UE<\/em><\/p>\n<p>[\/vc_column_text][\/vc_column][\/vc_row][vc_row][vc_column][vc_column_text]<\/p>\n<div id=\"lipsum\">\n<h3>Responsable del Tractament<\/h3>\n<p>L\u2019empresa responsable del tractament de les seves dades en virtut d\u2019aquesta Pol\u00edtica de privacitat \u00e9s:<br \/>\nUNI\u00d3 DE FEDERACIONS ESPORTIVES DE CATALUNYA<br \/>\nNIF: G58155813<br \/>\nDomicili social: Rambla Catalunya, 81 &#8211; Pral. 08008 Barcelona (Barcelona)<br \/>\nDirecci\u00f3 de correu electr\u00f2nic: protecciodedades@ufec.cat<br \/>\nWeb: www.ufec.cat; www.oficinaclubs.cat; www.uesports.cat<br \/>\nTel\u00e8fon: 93 487 45 75<br \/>\nInscrita en el Registre Mercantil de Registre d&#8217;entitats esportives de Catalunya N\u00famero: 04570<\/p>\n<\/div>\n<div>En UNI\u00d3 DE FEDERACIONS ESPORTIVES DE CATALUNYA, reconeixem la import\u00e0ncia de protegir la seva informaci\u00f3 personal i estem compromesos a tractar-la amb responsabilitat i de conformitat amb les lleis de protecci\u00f3 de dades.<\/div>\n<div>\n<p>La present pol\u00edtica de privacitat pret\u00e9n regular tots els aspectes relatius al tractament de dades dels diferents usuaris que naveguen o faciliten les seves a trav\u00e9s dels diferents formularis situats en la web.<\/p>\n<\/div>\n<div>\n<h3>Dades Personals<\/h3>\n<p>Una dada personal, \u00e9s la informaci\u00f3 que l&#8217;identifica o el fa identificable. A trav\u00e9s de la web, en les caselles establertes a tal efecte recollim les dades personals que l&#8217;usuari ens comunica: Nom, cognoms, correu electr\u00f2nic, tel\u00e8fon, direcci\u00f3 postal,poblaci\u00f3, etc.<\/p>\n<p>La visita de l&#8217;usuari a la web no implica que hagi de facilitar cap informaci\u00f3 sobre les seves dades personals. No obstant aix\u00f2, en cas de facilitar-les, les dades seran tractades de forma l\u00edcita de conformitat en tot moment als principis i drets recollits en el RGPD 2016\/679 de 26 d&#8217;abril i la LOPDGDD 3\/2018 del 5 de desembre.<\/p>\n<h3>Finalitat, duraci\u00f3 i legitimaci\u00f3 del tractament<\/h3>\n<p>Les dades que l\u2019usuari ens proporcioni les tractarem amb les seg\u00fcents finalitats:<\/p>\n<ul>\n<li>Atendre la sol\u00b7licitud o petici\u00f3 realitzada per l\u2019usuari a trav\u00e9s del\u00a0formulari de contacte\u00a0situat a la web. Recollim i tractem les dades personals de l\u2019usuari per poder tramitar i gestionar la seva sol\u00b7licitud, una consulta o qualsevol petici\u00f3 que realitza a trav\u00e9s del formulari. Aquestes dades les conservem durant el temps necessari per complir la seva petici\u00f3 i durant el temps establert per la llei amb una duraci\u00f3 m\u00ednima de 3 anys.La base de legitimaci\u00f3 del tractament de les dades ser\u00e0 el consentiment que atorga l\u2019usuari en seleccionar la casella d\u2019acceptaci\u00f3 de la nostra pol\u00edtica de privacitat abans d\u2019enviar la petici\u00f3. L\u2019usuari t\u00e9 dret a revocar el seu consentiment en qualsevol moment sense que aix\u00f2 afecti la licitud del tractament basat en el consentiment previ a la seva retirada.<\/li>\n<\/ul>\n<ul>\n<li>Enviar\u00a0butlletins i newletters\u00a0sobre projectes de la UNI\u00d3 DE FEDERACIONS ESPORTIVES DE CATALUNYA Sota el consentiment de l\u2019usuari recollim i tractem les seves dades personals per poder enviar-li informaci\u00f3 sobre els nostres productes i serveis. Aquestes dades les conservarem mentre l\u2019usuari no revoqui el seu consentiment al tractament d\u2019aquestes i durant el temps establert per la llei amb una duraci\u00f3 m\u00ednima de 3 anys.La base de legitimaci\u00f3 del tractament de les seves dades ser\u00e0 el consentiment que atorga l\u2019usuari al seleccionar la casella d\u2019acceptaci\u00f3 de la nostra pol\u00edtica de privacitat abans de subscriure&#8217;s a la newsletter en el formulari habilitat a tal efecte a la web. L\u2019usuari t\u00e9 dret a revocar el seu consentiment en qualsevol moment sense que aix\u00f2 afecti la licitud del tractament basat en el consentiment previ a la seva retirada.<\/li>\n<\/ul>\n<ul>\n<li>Millorar la seva experi\u00e8ncia en navegar per la web. Aquestes dades els conservarem mentre l&#8217;usuari no revoqui el seu consentiment al tractament d\u2019aquestes eliminant les cookies i durant el temps establert per la llei amb una durada m\u00ednima de 3 anys.La base de legitimaci\u00f3 per a millorar la seva experi\u00e8ncia en navegar per la web \u00e9s el consentiment que atorga l&#8217;usuari en acceptar les cookies. L&#8217;usuari t\u00e9 dret a revocar el seu consentiment en qualsevol moment sense que aix\u00f2 afecti la licitud del tractament basat en el consentiment previ a la seva retirada.<\/li>\n<\/ul>\n<ul>\n<li>Gestionar les nostres\u00a0xarxes socials\u00a0i enviar-li informaci\u00f3 sobre les nostres activitats i productes. Aquestes dades les conservarem mentre l&#8217;usuari no revoqui el seu consentiment al tractament d\u2019aquestes i durant el temps establert per la llei amb una durada m\u00ednima de 3 anys.La base de leg\u00edtimaci\u00f3 per a gestionar les nostres xarxes socials i enviar-li les nostres activitats i novetats, \u00e9s el consentiment que ens atorga per a aix\u00f2. L&#8217;usuari t\u00e9 dret a revocar el seu consentiment en qualsevol moment sense que aix\u00f2 afecti la licitud del tractament basat en el consentiment previ a la seva retirada.<\/li>\n<\/ul>\n<ul>\n<li>Gesti\u00f3 i desenvolupament de la inscripci\u00f3 de l&#8217;usuari amb motiu de\u00a0l&#8217;assist\u00e8ncia a un esdeveniment o activitat organitzada\u00a0per UNI\u00d3 DE FEDERACIONS ESPORTIVES DE CATALUNYA a trav\u00e9s de les dades recopilades en el formulari habilitat a tal efecte en la web. Aquestes dades les conservarem mentre duri l&#8217;activitat de l&#8217;esdeveniment i durant el temps establert per la llei amb una durada m\u00ednima de 3 anys.La base de legitimaci\u00f3 del tractament de les dades ser\u00e0 el consentiment que atorga l&#8217;usuari a trav\u00e9s de l&#8217;emplenament del formulari de participaci\u00f3 habilitat per a tal efecte en la web i, seleccionant la casella d&#8217;acceptaci\u00f3 de la nostra pol\u00edtica de privacitat. L&#8217;usuari t\u00e9 dret a revocar el seu consentiment en qualsevol moment sense que aix\u00f2 afecti la licitud del tractament basat en el consentiment previ a la seva retirada.<\/li>\n<li>Facilitar la\u00a0formaci\u00f3 i informaci\u00f3\u00a0dels usuaris registrats en el Lloc web i realitzar, si escau, les gestions que siguin necess\u00e0ries per a permetre la seva inscripci\u00f3 i l&#8217;assist\u00e8ncia o seguiment dels cursos, jornades, esdeveniments i qualsevol altra activitat formativa, social, informativa i\/o educacional en la qual l&#8217;usuari estigui interessat i que s&#8217;ofereixi a trav\u00e9s de la web. Aquestes dades les conservarem mentre duri l&#8217;activitat de formaci\u00f3 i durant el temps establert per la llei amb una durada m\u00ednima de 3 anys.La legitimaci\u00f3 per a aquesta finalitat de tractament de les dades personals \u00e9s l&#8217;execuci\u00f3 del contracte en el qual l&#8217;usuari \u00e9s part, aix\u00f2 \u00e9s, per al manteniment, compliment, desenvolupament, control i execuci\u00f3 de la relaci\u00f3 contractual establerta entre vost\u00e8 i UNI\u00d3 DE FEDERACIONS ESPORTIVES DE CATALUNYA<\/li>\n<\/ul>\n<\/div>\n<h3><strong>Cessi\u00f3 o comunicaci\u00f3 de dades personals i transfer\u00e8ncies internacionals<\/strong><\/h3>\n<p>Les seves dades no es comunicaran ni seran cedides a tercers tret que existeixi alguna obligaci\u00f3 legal o a aquells prestadors vinculats al Responsable que actuen com a encarregats del tractament. No es realitzen transfer\u00e8ncies internacionals, en cas qu\u00e8 en algun moment poguessin realitzar-se, se li comunicaria a fi d&#8217;obtenir el seu consentiment.<\/p>\n<p>&nbsp;<\/p>\n<h3><strong>Actualitzaci\u00f3 de dades<\/strong><\/h3>\n<p>\u00c9s important que perqu\u00e8 puguem mantenir les dades personals actualitzades, l&#8217;usuari ens informi sempre que hi hagi hagut alguna modificaci\u00f3 en aquestes, en cas contrari, no responem de la veracitat d&#8217;aquestes. L&#8217;usuari garanteix que les dades personals facilitades s\u00f3n veraces garantint que tota la informaci\u00f3 facilitada correspon amb la situaci\u00f3 real, que est\u00e0 posada al dia i \u00e9s exacta, quedant obligat a comunicar qualsevol modificaci\u00f3.<\/p>\n<p>&nbsp;<\/p>\n<h3><strong>Dades de Tercers<\/strong><\/h3>\n<p>Si l&#8217;usuari facilita dades de terceres persones per a qualsevol finalitat a UNI\u00d3 DE FEDERACIONS ESPORTIVES DE CATALUNYA, garanteix que ha obtingut aquestes dades de forma l\u00edcita, que ha informat pr\u00e8viament els afectats, obtenint el seu consentiment per a comunicar-les i que la informaci\u00f3 facilitada \u00e9s exacta i vera\u00e7.<\/p>\n<p>&nbsp;<\/p>\n<h3><strong>Car\u00e0cter obligatori de la informaci\u00f3 sol\u00b7licitada<\/strong><\/h3>\n<p>Tots els nostres formularis compten amb un asterisc (*) en les dades obligat\u00f2ries. Si l&#8217;usuari no omple aquests camps, o no marca la casella d&#8217;acceptaci\u00f3 de la pol\u00edtica de privacitat, no es permetr\u00e0 l&#8217;enviament de la informaci\u00f3.<\/p>\n<p>&nbsp;<\/p>\n<h3><strong>Drets dels interessats<\/strong><\/h3>\n<p>T\u00e9 dret a accedir a les seves dades i a obtenir confirmaci\u00f3 sobre el seu tractament, aix\u00ed com una c\u00f2pia de les dades personals objecte de tractament. T\u00e9 dret a actualitzar-les i a sol\u00b7licitar la rectificaci\u00f3 de les dades que siguin inexactes o sol\u00b7licitar la supressi\u00f3 quan les dades no siguin necess\u00e0ries per a les finalitats per les quals van ser recaptades. Pot sol\u00b7licitar la limitaci\u00f3 en el tractament de les seves dades i oposar-se al tractament d\u2019aquestes revocant el seu consentiment, aix\u00ed com exercir el dret a la portabilitat de les dades. De la mateixa manera, t\u00e9 dret a no ser objecte de decisions basades \u00fanicament en el tractament automatitzat de les seves dades personals. Pot exercir els seus drets contactant amb nosaltres Rambla Catalunya, 81 Pral. &#8211; 08008 Barcelona (Barcelona). Email: protecciodedades@ufec.cat<\/p>\n<p>Si considera que els seus drets no s&#8217;han at\u00e8s degudament, t\u00e9 dret a presentar una reclamaci\u00f3 davant l&#8217;Ag\u00e8ncia Espanyola de Protecci\u00f3 de Dades\u00a0www.aepd.es<\/p>\n<p>&nbsp;<\/p>\n<h3><strong>Tractament de dades de Menors d&#8217;edat<\/strong><\/h3>\n<p>Qui facilita les dades a trav\u00e9s dels formularis d&#8217;aquesta web i accepta el seu tractament declara ser major de 14 anys, quedant prohibit l&#8217;acc\u00e9s i \u00fas del portal a menors d&#8217;aquesta edat. Si en algun moment, el Responsable detecta que un menor de 14 anys ha proporcionat dades de car\u00e0cter personal, procedirem a la cancel\u00b7laci\u00f3 d&#8217;aquestes. Aix\u00ed mateix, els pares o tutors podran en qualsevol cas dirigir-se a UNI\u00d3 DE FEDERACIONS ESPORTIVES DE CATALUNYA per a bloquejar el compte d&#8217;acc\u00e9s dels menors al seu c\u00e0rrec que s&#8217;haguessin registrat falsejant la seva identitat.<\/p>\n<p>&nbsp;<\/p>\n<h3><strong>Tractament de Cookies<\/strong><\/h3>\n<p>Una cookie \u00e9s un petit arxiu que es descarrega i emmagatzema en l&#8217;ordinador de l&#8217;usuari quan aquest accedeix a una p\u00e0gina web. Les cookies permeten a la web, entre altres coses, emmagatzemar i recuperar informaci\u00f3 sobre els h\u00e0bits de navegaci\u00f3 de l&#8217;usuari o del seu equip i, depenent de la informaci\u00f3 que continguin i de la forma en qu\u00e8 utilitzi el seu equip, poden utilitzar-se per a recon\u00e8ixer a l&#8217;usuari.<\/p>\n<p>L&#8217;usuari t\u00e9 l&#8217;opci\u00f3 d&#8217;impedir la generaci\u00f3 de cookies, mitjan\u00e7ant la selecci\u00f3 de la corresponent opci\u00f3 en el seu programa de navegador. Pot obtenir m\u00e9s informaci\u00f3 llegint la nostra\u00a0Pol\u00edtica de Cookies.<\/p>\n<div><\/div>\n<p>[\/vc_column_text][\/vc_column][\/vc_row]<\/p>\n","protected":false},"excerpt":{"rendered":"<p>[vc_row full_width=&#8221;stretch_row&#8221; css=&#8221;.vc_custom_1590400785323{background-position: center !important;background-repeat: no-repeat !important;background-size: cover !important;}&#8221;][vc_column width=&#8221;5\/6&#8243; offset=&#8221;vc_col-lg-offset-3 vc_col-lg-9 vc_col-md-offset-3 vc_col-md-9 vc_col-sm-offset-2&#8243;][vc_column_text el_class=&#8221;big righttickgrey grey&#8221;] POL\u00cdTICA DE PRIVACITAT El projecte SPEY Sport for Prevention of Extremism in Youth, i els seus programes i eines derivades han estat desenvolupats per donar suport a la implementaci\u00f3 de les Directrius de l&#8217;activitat f\u00edsica de la [&hellip;]<\/p>\n","protected":false},"author":3,"featured_media":0,"parent":0,"menu_order":0,"comment_status":"closed","ping_status":"closed","template":"","meta":[],"_links":{"self":[{"href":"https:\/\/ufec.cat\/spey\/wp-json\/wp\/v2\/pages\/401"}],"collection":[{"href":"https:\/\/ufec.cat\/spey\/wp-json\/wp\/v2\/pages"}],"about":[{"href":"https:\/\/ufec.cat\/spey\/wp-json\/wp\/v2\/types\/page"}],"author":[{"embeddable":true,"href":"https:\/\/ufec.cat\/spey\/wp-json\/wp\/v2\/users\/3"}],"replies":[{"embeddable":true,"href":"https:\/\/ufec.cat\/spey\/wp-json\/wp\/v2\/comments?post=401"}],"version-history":[{"count":2,"href":"https:\/\/ufec.cat\/spey\/wp-json\/wp\/v2\/pages\/401\/revisions"}],"predecessor-version":[{"id":404,"href":"https:\/\/ufec.cat\/spey\/wp-json\/wp\/v2\/pages\/401\/revisions\/404"}],"wp:attachment":[{"href":"https:\/\/ufec.cat\/spey\/wp-json\/wp\/v2\/media?parent=401"}],"curies":[{"name":"wp","href":"https:\/\/api.w.org\/{rel}","templated":true}]}}